{"id":1966,"date":"2022-09-10T13:23:43","date_gmt":"2022-09-10T03:53:43","guid":{"rendered":"https:\/\/movers-auto.md\/logistica-de-transport-pentru-transportul-de-marfuri\/"},"modified":"2022-09-20T13:39:22","modified_gmt":"2022-09-20T10:39:22","slug":"logistica-de-transport-pentru-transportul-de-marfuri","status":"publish","type":"page","link":"https:\/\/movers-auto.md\/ro\/logistica-de-transport-pentru-transportul-de-marfuri\/","title":{"rendered":"Logistic\u0103 de transport pentru transportul de m\u0103rfuri"},"content":{"rendered":"\n<p>Timp de mai mul\u021bi ani, managerii unei firme de transport de marf\u0103 Moversauto-Intertransport din Moldova, sunt angaja\u021bi \u00een analiza aprofundat\u0103 a transportului interna\u021bional \u0219i a politicii de transport \u00een general, \u0219i studiaz\u0103 \u00een detaliu toate aspectele economiei de pia\u021b\u0103 a \u021b\u0103rii.<br>Dezvoltarea rela\u021biilor de m\u0103rfuri \u00eentre \u021b\u0103ri depinde \u00een mod direct de industria de transport de v\u00e2rf a \u021b\u0103rii, care contribuie la dezvoltarea pie\u021bei de consum din Moldova \u0219i a economiei mondiale \u00een ansamblu.<\/p>\n\n\n\n<p>\u00cen scopul dezvolt\u0103rii serviciilor de transport at\u00e2t pentru structurile publice c\u00e2t \u0219i pentru cele private (\u00eentreprinderi), efectu\u0103m cercet\u0103ri de marketing \u00een acest domeniu, \u00eembun\u0103t\u0103\u021bind pachetul de servicii de transport. \u00cen perioada de formare a rela\u021biilor de pia\u021b\u0103 a ap\u0103rut o nou\u0103 direc\u021bie \u0219tiin\u021bific\u0103 \u0219i practic\u0103 &#8211; logistica, care a \u00eenceput s\u0103 se dezvolte \u00een mod activ. Interesul pentru noua \u0219tiin\u021b\u0103, datorit\u0103 necesit\u0103\u021bilor de dezvoltare economic\u0103 \u0219i de afaceri, ceea ce duce la cre\u0219terea volumului de transport de m\u0103rfuri.<br>Logistica transporturilor este o \u0219tiin\u021b\u0103 complex\u0103 care necesit\u0103 cuno\u0219tin\u021be \u0219i experien\u021b\u0103 corespunz\u0103toare,<br>un element indispensabil \u00een activit\u0103\u021bile oric\u0103rei societ\u0103\u021bi implicate \u00een exportul \u0219i importul de m\u0103rfuri. Compania noastr\u0103 utilizeaz\u0103 o varietate de lan\u021buri de transport \u0219i logistic\u0103 \u00een domeniul transportului \u0219i livr\u0103rii de m\u0103rfuri.<br><strong>Logistic\u0103 de transport<\/strong>&nbsp;Managerii de logistic\u0103 ai companiei sunt, bine\u00een\u021beles, responsabili \u0219i de transportul \u0219i livrarea bunurilor. Bine\u00een\u021beles, managerii de logistic\u0103 ai companiei Moversauto-Intertransport din Moldova, depunem eforturi pentru a ob\u021bine un raport calitate-pre\u021b optim, indiferent de tipul de transport: fie c\u0103 este vorba de transport aerian, maritim sau rutier.<br>Experien\u021ba \u00eendelungat\u0103 \u0219i cooperarea str\u00e2ns\u0103 cu companiile partenere ne permite s\u0103 extindem gama de servicii de transport \u0219i logistic\u0103, inclusiv: servicii de depozitare pentru depozitarea responsabil\u0103 a m\u0103rfurilor \u0219i livrarea la timp a m\u0103rfurilor c\u0103tre consumatorii din re\u021beaua de v\u00e2nzare cu am\u0103nuntul \u0219i cu ridicata din Moldova, din depozitele partenerilor no\u0219tri de \u00eencredere, precum \u0219i servicii de brokeraj vamal.<\/p>\n\n\n\n<p><strong>Logistica de transport a companiei noastre.<\/strong><br>Este o livrare sistematic\u0103, structurat\u0103, o deplasare a oric\u0103ror obiecte materiale, substan\u021be etc. dintr-un punct din Europa, Rusia, Turcia, Rom\u00e2nia, Kazahstan etc., c\u0103tre un alt punct, pe o rut\u0103 optim\u0103. Logistica de transport este una dintre activit\u0103\u021bile principale ale companiei noastre. Profesionalismul personalului nostru logistic ne permite s\u0103 gestion\u0103m cu \u00eencredere fluxurile de informa\u021bii \u0219i materiale \u00een mi\u0219carea m\u0103rfurilor, s\u0103 calcul\u0103m \u00een mod optim costul transportului, ruta de transport, care poate fi folosit\u0103 pentru a livra obiectele logistice \u00een cel mai scurt timp posibil, cu costuri minime \u0219i cu daune minime asupra obiectului de livrare, precum \u0219i s\u0103 asigur\u0103m unitatea tehnologic\u0103 a procesului de transport \u0219i depozitare.<br>Departamentul de logistic\u0103 al companiei noastre de expedi\u021bii simplific\u0103 (preia) problemele clien\u021bilor no\u0219tri prin dezvoltarea de tehnologii specifice, agreate de clien\u021bi, pentru lan\u021bul de aprovizionare, care const\u0103 \u00een opera\u021biuni de transport \u0219i logistic\u0103 \u0219i func\u021bii de gestionare a m\u0103rfurilor.<\/p>\n\n\n\n<p>Speciali\u0219tii companiei noastre aleg calitativ tipul \u0219i tipul de transport care va corespunde clasific\u0103rii \u0219i caracteristicilor \u00eenc\u0103rc\u0103turii.\u00cempreun\u0103 cu clientul \u0219i companiile de transport, transportatori de frunte din Europa, Asia \u0219i \u021b\u0103rile CSI, se planific\u0103 procesele de transport cu opera\u021biunile de depozitare \u0219i produc\u021bie \u0219i se stabile\u0219te o rut\u0103 ra\u021bional\u0103 de livrare.Obiectivele dezvolt\u0103rii industriei noastre de logistic\u0103 includ reducerea maxim\u0103 a timpului de depozitare; reducerea timpului de transport; alocarea ra\u021bional\u0103 a<\/p>\n\n\n\n<p>Dezvoltarea Departamentului de Logistic\u0103 a Transporturilor \u00een cadrul companiei noastre se define\u0219te ca un domeniu de activitate care acoper\u0103 trei domenii: procesul de planificare, organizare \u0219i realizare a livr\u0103rii (transportului) ra\u021bionale \u0219i necostisitoare a bunurilor (m\u0103rfurilor) de la locurile de produc\u021bie \u0219i p\u00e2n\u0103 la locurile de consum, controlul asupra tuturor opera\u021biunilor de transport \u0219i a altor opera\u021biuni care apar \u00een cursul circula\u021biei m\u0103rfurilor. Utilizarea mijloacelor moderne de telecomunica\u021bii, a informaticii \u0219i a altor tehnologii informa\u021bionale; furnizarea de informa\u021bii relevante proprietarilor de m\u0103rfuri. Principala sarcin\u0103 a logisticii de transport este: crearea de scheme de transport, inclusiv crearea de coridoare de transport \u0219i lan\u021buri de transport. Cu alte cuvinte, s\u0103 oferim tuturor clien\u021bilor servicii de calitate, \u00een locul potrivit, cu transportul potrivit, la momentul potrivit, la un pre\u021b rezonabil.<\/p>\n","protected":false},"excerpt":{"rendered":"<p>Timp de mai mul\u021bi ani, managerii unei firme de transport de marf\u0103 Moversauto-Intertransport din Moldova, sunt angaja\u021bi \u00een analiza aprofundat\u0103 a transportului interna\u021bional \u0219i a politicii de transport \u00een general, \u0219i studiaz\u0103 \u00een detaliu toate aspectele economiei de pia\u021b\u0103 a \u021b\u0103rii.Dezvoltarea rela\u021biilor de m\u0103rfuri \u00eentre \u021b\u0103ri depinde \u00een mod direct de industria de transport de [&hellip;]<\/p>\n","protected":false},"author":1,"featured_media":0,"parent":0,"menu_order":0,"comment_status":"closed","ping_status":"closed","template":"template\/default.php","meta":{"_acf_changed":false,"footnotes":""},"class_list":["post-1966","page","type-page","status-publish","hentry"],"acf":[],"yoast_head":"<!-- This site is optimized with the Yoast SEO Premium plugin v25.8 (Yoast SEO v25.8) - https:\/\/yoast.com\/wordpress\/plugins\/seo\/ -->\n<title>Logistic\u0103 de transport pentru transportul de m\u0103rfuri - movers-auto<\/title>\n<meta name=\"description\" content=\"Logistic\u0103 de transport pentru transportul de m\u0103rfuri: \u043e\u0440\u0433\u0430\u043d\u0438\u0437\u0430\u0446\u0438\u044f \u0434\u043e\u0441\u0442\u0430\u0432\u043a\u0438 \u0433\u0440\u0443\u0437\u043e\u0432 \u0432 \u043b\u044e\u0431\u0443\u044e \u0442\u043e\u0447\u043a\u0443 \u043c\u0438\u0440\u0430 \ud83d\ude9a \u0430\u0432\u0442\u043e\u043c\u043e\u0431\u0438\u043b\u044c\u043d\u044b\u043c, \ud83d\udea4 \u043c\u043e\u0440\u0441\u043a\u0438\u043c, \u2708 \u0430\u0432\u0438\u0430 \u0438 \ud83d\ude82 \u0436\u0435\u043b\u0435\u0437\u043d\u043e\u0434\u043e\u0440\u043e\u0436\u043d\u044b\u043c \u0442\u0440\u0430\u043d\u0441\u043f\u043e\u0440\u0442\u043e\u043c.\" \/>\n<meta name=\"robots\" content=\"index, follow, max-snippet:-1, max-image-preview:large, max-video-preview:-1\" \/>\n<link rel=\"canonical\" href=\"https:\/\/movers-auto.md\/ro\/logistica-de-transport-pentru-transportul-de-marfuri\/\" \/>\n<meta property=\"og:locale\" content=\"ro_RO\" \/>\n<meta property=\"og:type\" content=\"article\" \/>\n<meta property=\"og:title\" content=\"Logistic\u0103 de transport pentru transportul de m\u0103rfuri\" \/>\n<meta property=\"og:description\" content=\"Logistic\u0103 de transport pentru transportul de m\u0103rfuri: \u043e\u0440\u0433\u0430\u043d\u0438\u0437\u0430\u0446\u0438\u044f \u0434\u043e\u0441\u0442\u0430\u0432\u043a\u0438 \u0433\u0440\u0443\u0437\u043e\u0432 \u0432 \u043b\u044e\u0431\u0443\u044e \u0442\u043e\u0447\u043a\u0443 \u043c\u0438\u0440\u0430 \ud83d\ude9a \u0430\u0432\u0442\u043e\u043c\u043e\u0431\u0438\u043b\u044c\u043d\u044b\u043c, \ud83d\udea4 \u043c\u043e\u0440\u0441\u043a\u0438\u043c, \u2708 \u0430\u0432\u0438\u0430 \u0438 \ud83d\ude82 \u0436\u0435\u043b\u0435\u0437\u043d\u043e\u0434\u043e\u0440\u043e\u0436\u043d\u044b\u043c \u0442\u0440\u0430\u043d\u0441\u043f\u043e\u0440\u0442\u043e\u043c.\" \/>\n<meta property=\"og:url\" content=\"https:\/\/movers-auto.md\/ro\/logistica-de-transport-pentru-transportul-de-marfuri\/\" \/>\n<meta property=\"og:site_name\" content=\"movers-auto\" \/>\n<meta property=\"article:modified_time\" content=\"2022-09-20T10:39:22+00:00\" \/>\n<meta property=\"og:image\" content=\"https:\/\/movers-auto.md\/wp-content\/uploads\/2022\/09\/w6e6461-resize.jpg\" \/>\n\t<meta property=\"og:image:width\" content=\"600\" \/>\n\t<meta property=\"og:image:height\" content=\"390\" \/>\n\t<meta property=\"og:image:type\" content=\"image\/jpeg\" \/>\n<meta name=\"twitter:card\" content=\"summary_large_image\" \/>\n<meta name=\"twitter:label1\" content=\"Timp estimat pentru citire\" \/>\n\t<meta name=\"twitter:data1\" content=\"4 minute\" \/>\n<script type=\"application\/ld+json\" class=\"yoast-schema-graph\">{\"@context\":\"https:\/\/schema.org\",\"@graph\":[{\"@type\":\"WebPage\",\"@id\":\"https:\/\/movers-auto.md\/ro\/logistica-de-transport-pentru-transportul-de-marfuri\/\",\"url\":\"https:\/\/movers-auto.md\/ro\/logistica-de-transport-pentru-transportul-de-marfuri\/\",\"name\":\"Logistic\u0103 de transport pentru transportul de m\u0103rfuri - movers-auto\",\"isPartOf\":{\"@id\":\"https:\/\/movers-auto.md\/ro\/#website\"},\"datePublished\":\"2022-09-10T03:53:43+00:00\",\"dateModified\":\"2022-09-20T10:39:22+00:00\",\"description\":\"Logistic\u0103 de transport pentru transportul de m\u0103rfuri: \u043e\u0440\u0433\u0430\u043d\u0438\u0437\u0430\u0446\u0438\u044f \u0434\u043e\u0441\u0442\u0430\u0432\u043a\u0438 \u0433\u0440\u0443\u0437\u043e\u0432 \u0432 \u043b\u044e\u0431\u0443\u044e \u0442\u043e\u0447\u043a\u0443 \u043c\u0438\u0440\u0430 \ud83d\ude9a \u0430\u0432\u0442\u043e\u043c\u043e\u0431\u0438\u043b\u044c\u043d\u044b\u043c, \ud83d\udea4 \u043c\u043e\u0440\u0441\u043a\u0438\u043c, \u2708 \u0430\u0432\u0438\u0430 \u0438 \ud83d\ude82 \u0436\u0435\u043b\u0435\u0437\u043d\u043e\u0434\u043e\u0440\u043e\u0436\u043d\u044b\u043c \u0442\u0440\u0430\u043d\u0441\u043f\u043e\u0440\u0442\u043e\u043c.\",\"breadcrumb\":{\"@id\":\"https:\/\/movers-auto.md\/ro\/logistica-de-transport-pentru-transportul-de-marfuri\/#breadcrumb\"},\"inLanguage\":\"ro-RO\",\"potentialAction\":[{\"@type\":\"ReadAction\",\"target\":[\"https:\/\/movers-auto.md\/ro\/logistica-de-transport-pentru-transportul-de-marfuri\/\"]}]},{\"@type\":\"BreadcrumbList\",\"@id\":\"https:\/\/movers-auto.md\/ro\/logistica-de-transport-pentru-transportul-de-marfuri\/#breadcrumb\",\"itemListElement\":[{\"@type\":\"ListItem\",\"position\":1,\"name\":\"Home\",\"item\":\"https:\/\/movers-auto.md\/ro\/glavnaya\/\"},{\"@type\":\"ListItem\",\"position\":2,\"name\":\"Logistic\u0103 de transport pentru transportul de m\u0103rfuri\"}]},{\"@type\":\"WebSite\",\"@id\":\"https:\/\/movers-auto.md\/ro\/#website\",\"url\":\"https:\/\/movers-auto.md\/ro\/\",\"name\":\"movers-auto\",\"description\":\"\u041c\u0435\u0436\u0434\u0443\u043d\u0430\u0440\u043e\u0434\u043d\u044b\u0435 \u0442\u0440\u0430\u043d\u0441\u043f\u043e\u0440\u0442\u043d\u044b\u0435 \u0443\u0441\u043b\u0443\u0433\u0438\",\"publisher\":{\"@id\":\"https:\/\/movers-auto.md\/ro\/#organization\"},\"potentialAction\":[{\"@type\":\"SearchAction\",\"target\":{\"@type\":\"EntryPoint\",\"urlTemplate\":\"https:\/\/movers-auto.md\/ro\/?s={search_term_string}\"},\"query-input\":{\"@type\":\"PropertyValueSpecification\",\"valueRequired\":true,\"valueName\":\"search_term_string\"}}],\"inLanguage\":\"ro-RO\"},{\"@type\":\"Organization\",\"@id\":\"https:\/\/movers-auto.md\/ro\/#organization\",\"name\":\"Movers Auto MD\",\"url\":\"https:\/\/movers-auto.md\/ro\/\",\"logo\":{\"@type\":\"ImageObject\",\"inLanguage\":\"ro-RO\",\"@id\":\"https:\/\/movers-auto.md\/ro\/#\/schema\/logo\/image\/\",\"url\":\"\/wp-content\/uploads\/2022\/08\/logo-1.png\",\"contentUrl\":\"\/wp-content\/uploads\/2022\/08\/logo-1.png\",\"width\":184,\"height\":44,\"caption\":\"Movers Auto MD\"},\"image\":{\"@id\":\"https:\/\/movers-auto.md\/ro\/#\/schema\/logo\/image\/\"}}]}<\/script>\n<!-- \/ Yoast SEO Premium plugin. -->","yoast_head_json":{"title":"Logistic\u0103 de transport pentru transportul de m\u0103rfuri - movers-auto","description":"Logistic\u0103 de transport pentru transportul de m\u0103rfuri: \u043e\u0440\u0433\u0430\u043d\u0438\u0437\u0430\u0446\u0438\u044f \u0434\u043e\u0441\u0442\u0430\u0432\u043a\u0438 \u0433\u0440\u0443\u0437\u043e\u0432 \u0432 \u043b\u044e\u0431\u0443\u044e \u0442\u043e\u0447\u043a\u0443 \u043c\u0438\u0440\u0430 \ud83d\ude9a \u0430\u0432\u0442\u043e\u043c\u043e\u0431\u0438\u043b\u044c\u043d\u044b\u043c, \ud83d\udea4 \u043c\u043e\u0440\u0441\u043a\u0438\u043c, \u2708 \u0430\u0432\u0438\u0430 \u0438 \ud83d\ude82 \u0436\u0435\u043b\u0435\u0437\u043d\u043e\u0434\u043e\u0440\u043e\u0436\u043d\u044b\u043c \u0442\u0440\u0430\u043d\u0441\u043f\u043e\u0440\u0442\u043e\u043c.","robots":{"index":"index","follow":"follow","max-snippet":"max-snippet:-1","max-image-preview":"max-image-preview:large","max-video-preview":"max-video-preview:-1"},"canonical":"https:\/\/movers-auto.md\/ro\/logistica-de-transport-pentru-transportul-de-marfuri\/","og_locale":"ro_RO","og_type":"article","og_title":"Logistic\u0103 de transport pentru transportul de m\u0103rfuri","og_description":"Logistic\u0103 de transport pentru transportul de m\u0103rfuri: \u043e\u0440\u0433\u0430\u043d\u0438\u0437\u0430\u0446\u0438\u044f \u0434\u043e\u0441\u0442\u0430\u0432\u043a\u0438 \u0433\u0440\u0443\u0437\u043e\u0432 \u0432 \u043b\u044e\u0431\u0443\u044e \u0442\u043e\u0447\u043a\u0443 \u043c\u0438\u0440\u0430 \ud83d\ude9a \u0430\u0432\u0442\u043e\u043c\u043e\u0431\u0438\u043b\u044c\u043d\u044b\u043c, \ud83d\udea4 \u043c\u043e\u0440\u0441\u043a\u0438\u043c, \u2708 \u0430\u0432\u0438\u0430 \u0438 \ud83d\ude82 \u0436\u0435\u043b\u0435\u0437\u043d\u043e\u0434\u043e\u0440\u043e\u0436\u043d\u044b\u043c \u0442\u0440\u0430\u043d\u0441\u043f\u043e\u0440\u0442\u043e\u043c.","og_url":"https:\/\/movers-auto.md\/ro\/logistica-de-transport-pentru-transportul-de-marfuri\/","og_site_name":"movers-auto","article_modified_time":"2022-09-20T10:39:22+00:00","og_image":[{"width":600,"height":390,"url":"https:\/\/movers-auto.md\/wp-content\/uploads\/2022\/09\/w6e6461-resize.jpg","type":"image\/jpeg"}],"twitter_card":"summary_large_image","twitter_misc":{"Timp estimat pentru citire":"4 minute"},"schema":{"@context":"https:\/\/schema.org","@graph":[{"@type":"WebPage","@id":"https:\/\/movers-auto.md\/ro\/logistica-de-transport-pentru-transportul-de-marfuri\/","url":"https:\/\/movers-auto.md\/ro\/logistica-de-transport-pentru-transportul-de-marfuri\/","name":"Logistic\u0103 de transport pentru transportul de m\u0103rfuri - movers-auto","isPartOf":{"@id":"https:\/\/movers-auto.md\/ro\/#website"},"datePublished":"2022-09-10T03:53:43+00:00","dateModified":"2022-09-20T10:39:22+00:00","description":"Logistic\u0103 de transport pentru transportul de m\u0103rfuri: \u043e\u0440\u0433\u0430\u043d\u0438\u0437\u0430\u0446\u0438\u044f \u0434\u043e\u0441\u0442\u0430\u0432\u043a\u0438 \u0433\u0440\u0443\u0437\u043e\u0432 \u0432 \u043b\u044e\u0431\u0443\u044e \u0442\u043e\u0447\u043a\u0443 \u043c\u0438\u0440\u0430 \ud83d\ude9a \u0430\u0432\u0442\u043e\u043c\u043e\u0431\u0438\u043b\u044c\u043d\u044b\u043c, \ud83d\udea4 \u043c\u043e\u0440\u0441\u043a\u0438\u043c, \u2708 \u0430\u0432\u0438\u0430 \u0438 \ud83d\ude82 \u0436\u0435\u043b\u0435\u0437\u043d\u043e\u0434\u043e\u0440\u043e\u0436\u043d\u044b\u043c \u0442\u0440\u0430\u043d\u0441\u043f\u043e\u0440\u0442\u043e\u043c.","breadcrumb":{"@id":"https:\/\/movers-auto.md\/ro\/logistica-de-transport-pentru-transportul-de-marfuri\/#breadcrumb"},"inLanguage":"ro-RO","potentialAction":[{"@type":"ReadAction","target":["https:\/\/movers-auto.md\/ro\/logistica-de-transport-pentru-transportul-de-marfuri\/"]}]},{"@type":"BreadcrumbList","@id":"https:\/\/movers-auto.md\/ro\/logistica-de-transport-pentru-transportul-de-marfuri\/#breadcrumb","itemListElement":[{"@type":"ListItem","position":1,"name":"Home","item":"https:\/\/movers-auto.md\/ro\/glavnaya\/"},{"@type":"ListItem","position":2,"name":"Logistic\u0103 de transport pentru transportul de m\u0103rfuri"}]},{"@type":"WebSite","@id":"https:\/\/movers-auto.md\/ro\/#website","url":"https:\/\/movers-auto.md\/ro\/","name":"movers-auto","description":"\u041c\u0435\u0436\u0434\u0443\u043d\u0430\u0440\u043e\u0434\u043d\u044b\u0435 \u0442\u0440\u0430\u043d\u0441\u043f\u043e\u0440\u0442\u043d\u044b\u0435 \u0443\u0441\u043b\u0443\u0433\u0438","publisher":{"@id":"https:\/\/movers-auto.md\/ro\/#organization"},"potentialAction":[{"@type":"SearchAction","target":{"@type":"EntryPoint","urlTemplate":"https:\/\/movers-auto.md\/ro\/?s={search_term_string}"},"query-input":{"@type":"PropertyValueSpecification","valueRequired":true,"valueName":"search_term_string"}}],"inLanguage":"ro-RO"},{"@type":"Organization","@id":"https:\/\/movers-auto.md\/ro\/#organization","name":"Movers Auto MD","url":"https:\/\/movers-auto.md\/ro\/","logo":{"@type":"ImageObject","inLanguage":"ro-RO","@id":"https:\/\/movers-auto.md\/ro\/#\/schema\/logo\/image\/","url":"\/wp-content\/uploads\/2022\/08\/logo-1.png","contentUrl":"\/wp-content\/uploads\/2022\/08\/logo-1.png","width":184,"height":44,"caption":"Movers Auto MD"},"image":{"@id":"https:\/\/movers-auto.md\/ro\/#\/schema\/logo\/image\/"}}]}},"_links":{"self":[{"href":"https:\/\/movers-auto.md\/ro\/wp-json\/wp\/v2\/pages\/1966","targetHints":{"allow":["GET"]}}],"collection":[{"href":"https:\/\/movers-auto.md\/ro\/wp-json\/wp\/v2\/pages"}],"about":[{"href":"https:\/\/movers-auto.md\/ro\/wp-json\/wp\/v2\/types\/page"}],"author":[{"embeddable":true,"href":"https:\/\/movers-auto.md\/ro\/wp-json\/wp\/v2\/users\/1"}],"replies":[{"embeddable":true,"href":"https:\/\/movers-auto.md\/ro\/wp-json\/wp\/v2\/comments?post=1966"}],"version-history":[{"count":0,"href":"https:\/\/movers-auto.md\/ro\/wp-json\/wp\/v2\/pages\/1966\/revisions"}],"wp:attachment":[{"href":"https:\/\/movers-auto.md\/ro\/wp-json\/wp\/v2\/media?parent=1966"}],"curies":[{"name":"wp","href":"https:\/\/api.w.org\/{rel}","templated":true}]}}