{"id":1965,"date":"2022-09-10T13:44:07","date_gmt":"2022-09-10T04:14:07","guid":{"rendered":"https:\/\/movers-auto.md\/documente-de-transport\/"},"modified":"2022-09-20T13:37:14","modified_gmt":"2022-09-20T10:37:14","slug":"documente-de-transport","status":"publish","type":"page","link":"https:\/\/movers-auto.md\/ro\/documente-de-transport\/","title":{"rendered":"Documente de transport"},"content":{"rendered":"\n<p>Exist\u0103 un num\u0103r mare de documente \u0219i termeni speciali \u00een domeniul logisticii, al transportului interna\u021bional de m\u0103rfuri \u0219i al expedierii de m\u0103rfuri. Cele mai multe dintre ele sunt direct legate de procesul de transport de m\u0103rfuri: bunuri, materiale, produse. Vorbim despre documente, f\u0103r\u0103 de care este imposibil s\u0103 se efectueze transporturi rutiere, feroviare sau aeriene chiar \u0219i c\u0103tre o \u021bar\u0103 vecin\u0103, de exemplu, din Moldova \u00een Ucraina, ca s\u0103 nu mai vorbim de transporturi din UE c\u0103tre \u021b\u0103rile CSI sau baltice, sau chiar din SUA sau Canada.<\/p>\n\n\n\n<p>Pentru a face acest lucru mai u\u0219or&nbsp;<strong><a href=\"https:\/\/movers-auto.md\/price_services\/\">transport de marf\u0103<\/a><\/strong>, Noul sistem este conceput pentru a facilita comer\u021bul interna\u021bional, pentru a facilita activitatea expeditorilor \u0219i transportatorilor de m\u0103rfuri \u0219i pentru a asigura confortul proprietarilor de m\u0103rfuri.<a href=\"https:\/\/movers-auto.md\/delivery_country\/\">&nbsp;<strong>Transport interna\u021bional de marf\u0103<\/strong><\/a>&nbsp;\u0219i conven\u021biile vamale elaboreaz\u0103 documenta\u021bia interna\u021bional\u0103 specific\u0103 necesar\u0103 pentru transportul de m\u0103rfuri. Cu toate acestea, exist\u0103 documente de transport necesare pentru orice tip de transport de m\u0103rfuri \u0219i exist\u0103 documente specifice care se aplic\u0103 unui anumit tip de transport de m\u0103rfuri.<\/p>\n\n\n\n<p><strong>O factur\u0103 este o factur\u0103.<\/strong>&nbsp;O factur\u0103 este o factur\u0103 utilizat\u0103 pentru a determina valoarea unui transport, trimis\u0103 \u00eempreun\u0103 cu m\u0103rfurile \u0219i care serve\u0219te drept dovad\u0103 a valorii m\u0103rfurilor, ca s\u0103 spunem a\u0219a.<\/p>\n\n\n\n<p><strong>Lista de ambalare.<\/strong>&nbsp;Factura este completat\u0103 de o list\u0103 de ambalare, care este un document care con\u021bine o list\u0103 de articole de marf\u0103.<\/p>\n\n\n\n<p><strong>Specifica\u021bii.<\/strong>&nbsp;Un alt document de \u00eenso\u021bire este caietul de sarcini, care con\u021bine o list\u0103 a bunurilor care urmeaz\u0103 s\u0103 fie furnizate, specific\u00e2nd cantitatea pentru fiecare calitate, marc\u0103, cod SA, articol \u0219i, dac\u0103 este cazul, pre\u021burile, indicatorii de calitate.<\/p>\n\n\n\n<p><strong>Declara\u021bia de tranzit T-1.<\/strong>&nbsp;\u0414\u043b\u044f&nbsp;<a href=\"https:\/\/movers-auto.md\/dostavka-gruzov-strany-evropy\/\"><strong>importul\/exportul de bunuri din UE<\/strong>&nbsp;<\/a>exist\u0103 dou\u0103 documente principale. Pentru transportul de m\u0103rfuri de origine neeuropean\u0103 \u00een interiorul UE, se \u00eentocme\u0219te o declara\u021bie de tranzit T-1 pe baza facturii \u0219i a listei de ambalare. Aceast\u0103 declara\u021bie se face la frontiera UE \u00een cazul m\u0103rfurilor transportate pe cale rutier\u0103. \u00cen cazul transportului aerian sau maritim, formularul T-1 se \u00eentocme\u0219te direct la aeroport sau \u00een port.<\/p>\n\n\n\n<p><strong>Declara\u021bia EX-1.<\/strong>&nbsp;Cu toate acestea, \u00een cazul exporturilor \u00een afara UE, se utilizeaz\u0103 un alt document interna\u021bional comun, declara\u021bia de export EX-1, care se elibereaz\u0103 la exportul m\u0103rfurilor. Este o declara\u021bie care trebuie s\u0103 \u00eenso\u021beasc\u0103 transportul p\u00e2n\u0103 la sf\u00e2r\u0219itul c\u0103l\u0103toriei sale.<br>Atunci c\u00e2nd un transport p\u0103r\u0103se\u0219te Uniunea European\u0103, vama aplic\u0103 o \u0219tampil\u0103. Declara\u021bia de export original\u0103 cu \u0219tampila este trimis\u0103 expeditorului transportului, ceea ce permite expeditorului s\u0103 v\u00e2nd\u0103 bunurile f\u0103r\u0103 a pl\u0103ti TVA. \u00cen acela\u0219i timp, aceasta permite cump\u0103r\u0103torului bunurilor s\u0103 evite plata TVA-ului atunci c\u00e2nd p\u0103r\u0103se\u0219te Europa.<\/p>\n\n\n\n<p><strong>scrisoarea de tr\u0103sur\u0103 pentru transportul de m\u0103rfuri (CMR).<\/strong><br>Nota de expedi\u021bie (CMR) este un document de transport care confirm\u0103 existen\u021ba unui contract de transport rutier de m\u0103rfuri \u00eentre transportator \u0219i expeditor. \u00cen cazul transportului rutier interna\u021bional, acest document trebuie s\u0103 con\u021bin\u0103 informa\u021biile prev\u0103zute de Conven\u021bia privind contractul de transport rutier interna\u021bional de m\u0103rfuri (CMR): data expedierii, denumirea m\u0103rfurilor care urmeaz\u0103 s\u0103 fie transportate, numele \u0219i adresa transportatorului, numele destinatarului, perioada de livrare, costul transportului. Nota de expedi\u021bie este semnat\u0103 de transportator \u0219i de expeditor. Nota de expedi\u021bie nu este un titlu de proprietate, nu poate fi avizat\u0103, iar m\u0103rfurile sunt predate destinatarului men\u021bionat \u00een aceasta.<\/p>\n\n\n\n<p><strong>Nota de expedi\u021bie aerian\u0103.<\/strong>&nbsp;S\u0103 vorbim acum despre specificul c\u0103l\u0103toriei cu avionul,&nbsp;<a href=\"https:\/\/movers-auto.md\/services_transport\/morskie-gruzoperevozki\/\"><strong>transport maritim<\/strong><\/a>&nbsp;\u0438<a href=\"https:\/\/movers-auto.md\/services_transport\/zheleznodorozhnye-perevozki\/\">&nbsp;<strong>transportul feroviar de marf\u0103<\/strong><\/a>. Ce scrisori de tr\u0103sur\u0103 trebuie \u00eentocmite \u00een fiecare caz. \u00cen&nbsp;<a href=\"https:\/\/movers-auto.md\/services_transport\/aviaperevozki-gruzovye\/\"><strong>transportul aerian<\/strong><\/a>&nbsp;se utilizeaz\u0103 scrisoarea de tr\u0103sur\u0103 aerian\u0103, al c\u0103rei rol este de a dovedi \u00eencheierea contractului de transport, acceptarea m\u0103rfurilor la transport \u0219i condi\u021biile de transport. Nota de tr\u0103sur\u0103 trebuie s\u0103 con\u021bin\u0103 numele porturilor aeriene de plecare \u0219i de sosire, documentele anexate la scrisoarea de tr\u0103sur\u0103, valoarea declarat\u0103, suma pl\u0103tit\u0103 pentru transport \u0219i data la care a fost \u00eentocmit\u0103 scrisoarea de tr\u0103sur\u0103. Cu toate acestea, nu este nici un titlu de proprietate, nici un act de transfer.<\/p>\n\n\n\n<p><strong>Bill of Lading &#8211; Bill of Lading.<\/strong>&nbsp;\u0412&nbsp;<a href=\"https:\/\/movers-auto.md\/services_transport\/morskie-gruzoperevozki\/\"><strong>transport maritim<\/strong>&nbsp;<\/a>Documentul de transport \u0219i documentul de titlu de proprietate este conosamentul sau conosamentul de \u00eenc\u0103rcare. Documentul este utilizat pentru v\u0103muirea \u0219i controlul vamal al m\u0103rfurilor transportate pe cale maritim\u0103. De regul\u0103, acesta se prezint\u0103 \u00een trei exemplare: pentru expeditor, pentru destinatar \u0219i pentru proprietarul m\u0103rfii.<\/p>\n\n\n\n<p><strong>scrisoarea de tr\u0103sur\u0103 feroviar\u0103.<\/strong>&nbsp;Conosamentul feroviar, elaborat prin Conven\u021bia interna\u021bional\u0103 privind transportul de marf\u0103, are aceea\u0219i func\u021bie. Acesta trebuie s\u0103 con\u021bin\u0103 numele sta\u021biei de destina\u021bie \u0219i al sta\u021biilor de frontier\u0103, numele m\u0103rfii, taxa de transport, valoarea declarat\u0103 a m\u0103rfii. Aceast\u0103 scrisoare de tr\u0103sur\u0103 trebuie s\u0103 fie \u00eenso\u021bit\u0103 de o list\u0103 de ambalare \u0219i de alte documente de expediere.<\/p>\n\n\n\n<p><strong>Carnet TIR, CARNET TIR.<\/strong>&nbsp;Conven\u021bia vamal\u0103 privind transportul rutier interna\u021bional de m\u0103rfuri a fost creat\u0103 pentru a simplifica procedurile vamale pentru m\u0103rfurile transportate pe cale rutier\u0103, iar Conven\u021bia TIR (TIR) a fost elaborat\u0103 pentru a permite transportul m\u0103rfurilor cu sigilii vamale \u0219i sigilii \u00een vehicule \u0219i containere prin statele de tranzit. \u00cen prezent, statele baltice, Belarus \u0219i Moldova au dreptul de a elibera carnete TIR, dar acest document are o dat\u0103 de expirare. Carnetele TIR, CARNET TIR. utilizate \u00een prezent, sunt destinate transportului de m\u0103rfuri prin 7, respectiv 10 state.<\/p>\n\n\n\n<p>Am enumerat doar documentele de baz\u0103 necesare pentru transportul de m\u0103rfuri prin orice mod de transport. \u00cen func\u021bie de natura specific\u0103 a comenzii dumneavoastr\u0103, de tipul de marf\u0103 transportat\u0103, de locul de \u00eenc\u0103rcare \u0219i de livrare, speciali\u0219tii no\u0219tri vor preg\u0103ti documentele necesare.<\/p>\n\n\n\n<ul class=\"wp-block-list\"><li><strong><a href=\"https:\/\/movers-auto.md\/price_services\/stoimost-perevozki-tentovannymi-polupriczepami-raznyh-obyomov\/\">Livrarea de m\u0103rfuri \u00een semiremorci basculante de diferite capacit\u0103\u021bi<\/a><\/strong><\/li><li><strong><a href=\"https:\/\/movers-auto.md\/price_services\/stoimost-dostavki-skoroportyashhihsya-gruzov-refrizheratorami\/\">Transportul de m\u0103rfuri perisabile cu camionul frigorific<\/a><\/strong><\/li><li><strong><a href=\"https:\/\/movers-auto.md\/price_services\/czena-gruzoperevozki-opasnyh-gruzov-adr-klassa\/\">Transport de m\u0103rfuri periculoase \u00een clasa ADR<\/a><\/strong><\/li><li><strong><a href=\"https:\/\/movers-auto.md\/price_services\/stoimost-perevozki-sbornyh-konsolidirovannyh-gruzov-vesom-ot-100kg\/\">Transporturi consolidate \u0219i consolidate de la 100 kg<\/a><\/strong><\/li><li><strong><a href=\"https:\/\/movers-auto.md\/price_services\/stoimost-dostavki-negabaritnyh-gruzov\/\">Transport de m\u0103rfuri supradimensionate<\/a><\/strong><\/li><li><strong><a href=\"https:\/\/movers-auto.md\/price_services\/czena-na-perevozku-avtomobilej-avtovozami\/\">Camioane de transport auto<\/a><\/strong><\/li><li><strong><a href=\"https:\/\/movers-auto.md\/price_services\/stoimost-avtoperevozki-obyomnyh-lyogkih-gruzov-do-120-kub\/\">Transport \u00een vrac p\u00e2n\u0103 la 120 cbm<\/a><\/strong><\/li><li><strong><a href=\"https:\/\/movers-auto.md\/price_services\/stoimost-uslug-transporta-samosval\/\">Furnizare de transport Autobasculant\u0103<\/a><\/strong><\/li><li><strong><a href=\"https:\/\/movers-auto.md\/price_services\/stoimost-perevozki-zhidkih-nalivnyh-gruzov-v-czisternah\/\">Transportul de m\u0103rfuri lichide \u00een vrac \u00een cisterne<\/a><\/strong><\/li><li><strong><a href=\"https:\/\/movers-auto.md\/price_services\/stoimost-organizaczii-multimodalnyh-perevozok\/\">Organizarea transportului multimodal<\/a><\/strong><\/li><li><strong><a href=\"https:\/\/movers-auto.md\/price_services\/czeny-na-aviaperevozki-i-ekspress-dostavku\/\">Transport aerian \u0219i livrare expres<\/a><\/strong><\/li><li><strong><a href=\"https:\/\/movers-auto.md\/price_services\/czeny-na-morskie-kontejnernye-gruzoperevozki\/\">Transport maritim containerizat<\/a><\/strong><\/li><li><strong><a href=\"https:\/\/movers-auto.md\/price_services\/stoimost-perevozki-kontejnerov-20-ti-40-fut-kontejnerovozami\/\">Transport \u00een containere: 20 \u0219i 40 Fut. cu camioane container p\u00e2n\u0103 la depozitul destinatarului.<\/a><\/strong><\/li><li><strong><a href=\"https:\/\/movers-auto.md\/price_services\/czeny-na-perevozki-zheleznodorozhnymi-vagonami-termosami-kontejnerami\/\">Transport pe calea ferat\u0103 vagoane, termos, containere<\/a><\/strong><\/li><\/ul>\n","protected":false},"excerpt":{"rendered":"<p>Exist\u0103 un num\u0103r mare de documente \u0219i termeni speciali \u00een domeniul logisticii, al transportului interna\u021bional de m\u0103rfuri \u0219i al expedierii de m\u0103rfuri. Cele mai multe dintre ele sunt direct legate de procesul de transport de m\u0103rfuri: bunuri, materiale, produse. Vorbim despre documente, f\u0103r\u0103 de care este imposibil s\u0103 se efectueze transporturi rutiere, feroviare sau aeriene [&hellip;]<\/p>\n","protected":false},"author":1,"featured_media":0,"parent":0,"menu_order":0,"comment_status":"closed","ping_status":"closed","template":"template\/default-info.php","meta":{"_acf_changed":false,"footnotes":""},"class_list":["post-1965","page","type-page","status-publish","hentry"],"acf":[],"yoast_head":"<!-- This site is optimized with the Yoast SEO Premium plugin v25.8 (Yoast SEO v25.8) - https:\/\/yoast.com\/wordpress\/plugins\/seo\/ -->\n<title>Documente de transport - movers-auto<\/title>\n<meta name=\"description\" content=\"Documente de transport: \u043e\u0440\u0433\u0430\u043d\u0438\u0437\u0430\u0446\u0438\u044f \u0434\u043e\u0441\u0442\u0430\u0432\u043a\u0438 \u0433\u0440\u0443\u0437\u043e\u0432 \u0432 \u043b\u044e\u0431\u0443\u044e \u0442\u043e\u0447\u043a\u0443 \u043c\u0438\u0440\u0430 \ud83d\ude9a \u0430\u0432\u0442\u043e\u043c\u043e\u0431\u0438\u043b\u044c\u043d\u044b\u043c, \ud83d\udea4 \u043c\u043e\u0440\u0441\u043a\u0438\u043c, \u2708 \u0430\u0432\u0438\u0430 \u0438 \ud83d\ude82 \u0436\u0435\u043b\u0435\u0437\u043d\u043e\u0434\u043e\u0440\u043e\u0436\u043d\u044b\u043c \u0442\u0440\u0430\u043d\u0441\u043f\u043e\u0440\u0442\u043e\u043c.\" \/>\n<meta name=\"robots\" content=\"index, follow, max-snippet:-1, max-image-preview:large, max-video-preview:-1\" \/>\n<link rel=\"canonical\" href=\"https:\/\/movers-auto.md\/ro\/documente-de-transport\/\" \/>\n<meta property=\"og:locale\" content=\"ro_RO\" \/>\n<meta property=\"og:type\" content=\"article\" \/>\n<meta property=\"og:title\" content=\"Documente de transport\" \/>\n<meta property=\"og:description\" content=\"Documente de transport: \u043e\u0440\u0433\u0430\u043d\u0438\u0437\u0430\u0446\u0438\u044f \u0434\u043e\u0441\u0442\u0430\u0432\u043a\u0438 \u0433\u0440\u0443\u0437\u043e\u0432 \u0432 \u043b\u044e\u0431\u0443\u044e \u0442\u043e\u0447\u043a\u0443 \u043c\u0438\u0440\u0430 \ud83d\ude9a \u0430\u0432\u0442\u043e\u043c\u043e\u0431\u0438\u043b\u044c\u043d\u044b\u043c, \ud83d\udea4 \u043c\u043e\u0440\u0441\u043a\u0438\u043c, \u2708 \u0430\u0432\u0438\u0430 \u0438 \ud83d\ude82 \u0436\u0435\u043b\u0435\u0437\u043d\u043e\u0434\u043e\u0440\u043e\u0436\u043d\u044b\u043c \u0442\u0440\u0430\u043d\u0441\u043f\u043e\u0440\u0442\u043e\u043c.\" \/>\n<meta property=\"og:url\" content=\"https:\/\/movers-auto.md\/ro\/documente-de-transport\/\" \/>\n<meta property=\"og:site_name\" content=\"movers-auto\" \/>\n<meta property=\"article:modified_time\" content=\"2022-09-20T10:37:14+00:00\" \/>\n<meta property=\"og:image\" content=\"https:\/\/movers-auto.md\/wp-content\/uploads\/2022\/09\/w6e6461-resize.jpg\" \/>\n\t<meta property=\"og:image:width\" content=\"600\" \/>\n\t<meta property=\"og:image:height\" content=\"390\" \/>\n\t<meta property=\"og:image:type\" content=\"image\/jpeg\" \/>\n<meta name=\"twitter:card\" content=\"summary_large_image\" \/>\n<meta name=\"twitter:label1\" content=\"Timp estimat pentru citire\" \/>\n\t<meta name=\"twitter:data1\" content=\"5 minute\" \/>\n<script type=\"application\/ld+json\" class=\"yoast-schema-graph\">{\"@context\":\"https:\/\/schema.org\",\"@graph\":[{\"@type\":\"WebPage\",\"@id\":\"https:\/\/movers-auto.md\/ro\/documente-de-transport\/\",\"url\":\"https:\/\/movers-auto.md\/ro\/documente-de-transport\/\",\"name\":\"Documente de transport - movers-auto\",\"isPartOf\":{\"@id\":\"https:\/\/movers-auto.md\/ro\/#website\"},\"datePublished\":\"2022-09-10T04:14:07+00:00\",\"dateModified\":\"2022-09-20T10:37:14+00:00\",\"description\":\"Documente de transport: \u043e\u0440\u0433\u0430\u043d\u0438\u0437\u0430\u0446\u0438\u044f \u0434\u043e\u0441\u0442\u0430\u0432\u043a\u0438 \u0433\u0440\u0443\u0437\u043e\u0432 \u0432 \u043b\u044e\u0431\u0443\u044e \u0442\u043e\u0447\u043a\u0443 \u043c\u0438\u0440\u0430 \ud83d\ude9a \u0430\u0432\u0442\u043e\u043c\u043e\u0431\u0438\u043b\u044c\u043d\u044b\u043c, \ud83d\udea4 \u043c\u043e\u0440\u0441\u043a\u0438\u043c, \u2708 \u0430\u0432\u0438\u0430 \u0438 \ud83d\ude82 \u0436\u0435\u043b\u0435\u0437\u043d\u043e\u0434\u043e\u0440\u043e\u0436\u043d\u044b\u043c \u0442\u0440\u0430\u043d\u0441\u043f\u043e\u0440\u0442\u043e\u043c.\",\"breadcrumb\":{\"@id\":\"https:\/\/movers-auto.md\/ro\/documente-de-transport\/#breadcrumb\"},\"inLanguage\":\"ro-RO\",\"potentialAction\":[{\"@type\":\"ReadAction\",\"target\":[\"https:\/\/movers-auto.md\/ro\/documente-de-transport\/\"]}]},{\"@type\":\"BreadcrumbList\",\"@id\":\"https:\/\/movers-auto.md\/ro\/documente-de-transport\/#breadcrumb\",\"itemListElement\":[{\"@type\":\"ListItem\",\"position\":1,\"name\":\"Home\",\"item\":\"https:\/\/movers-auto.md\/ro\/\"},{\"@type\":\"ListItem\",\"position\":2,\"name\":\"Documente de transport\"}]},{\"@type\":\"WebSite\",\"@id\":\"https:\/\/movers-auto.md\/ro\/#website\",\"url\":\"https:\/\/movers-auto.md\/ro\/\",\"name\":\"movers-auto\",\"description\":\"\u041c\u0435\u0436\u0434\u0443\u043d\u0430\u0440\u043e\u0434\u043d\u044b\u0435 \u0442\u0440\u0430\u043d\u0441\u043f\u043e\u0440\u0442\u043d\u044b\u0435 \u0443\u0441\u043b\u0443\u0433\u0438\",\"publisher\":{\"@id\":\"https:\/\/movers-auto.md\/ro\/#organization\"},\"potentialAction\":[{\"@type\":\"SearchAction\",\"target\":{\"@type\":\"EntryPoint\",\"urlTemplate\":\"https:\/\/movers-auto.md\/ro\/?s={search_term_string}\"},\"query-input\":{\"@type\":\"PropertyValueSpecification\",\"valueRequired\":true,\"valueName\":\"search_term_string\"}}],\"inLanguage\":\"ro-RO\"},{\"@type\":\"Organization\",\"@id\":\"https:\/\/movers-auto.md\/ro\/#organization\",\"name\":\"Movers Auto MD\",\"url\":\"https:\/\/movers-auto.md\/ro\/\",\"logo\":{\"@type\":\"ImageObject\",\"inLanguage\":\"ro-RO\",\"@id\":\"https:\/\/movers-auto.md\/ro\/#\/schema\/logo\/image\/\",\"url\":\"\/wp-content\/uploads\/2022\/08\/logo-1.png\",\"contentUrl\":\"\/wp-content\/uploads\/2022\/08\/logo-1.png\",\"width\":184,\"height\":44,\"caption\":\"Movers Auto MD\"},\"image\":{\"@id\":\"https:\/\/movers-auto.md\/ro\/#\/schema\/logo\/image\/\"}}]}<\/script>\n<!-- \/ Yoast SEO Premium plugin. -->","yoast_head_json":{"title":"Documente de transport - movers-auto","description":"Documente de transport: \u043e\u0440\u0433\u0430\u043d\u0438\u0437\u0430\u0446\u0438\u044f \u0434\u043e\u0441\u0442\u0430\u0432\u043a\u0438 \u0433\u0440\u0443\u0437\u043e\u0432 \u0432 \u043b\u044e\u0431\u0443\u044e \u0442\u043e\u0447\u043a\u0443 \u043c\u0438\u0440\u0430 \ud83d\ude9a \u0430\u0432\u0442\u043e\u043c\u043e\u0431\u0438\u043b\u044c\u043d\u044b\u043c, \ud83d\udea4 \u043c\u043e\u0440\u0441\u043a\u0438\u043c, \u2708 \u0430\u0432\u0438\u0430 \u0438 \ud83d\ude82 \u0436\u0435\u043b\u0435\u0437\u043d\u043e\u0434\u043e\u0440\u043e\u0436\u043d\u044b\u043c \u0442\u0440\u0430\u043d\u0441\u043f\u043e\u0440\u0442\u043e\u043c.","robots":{"index":"index","follow":"follow","max-snippet":"max-snippet:-1","max-image-preview":"max-image-preview:large","max-video-preview":"max-video-preview:-1"},"canonical":"https:\/\/movers-auto.md\/ro\/documente-de-transport\/","og_locale":"ro_RO","og_type":"article","og_title":"Documente de transport","og_description":"Documente de transport: \u043e\u0440\u0433\u0430\u043d\u0438\u0437\u0430\u0446\u0438\u044f \u0434\u043e\u0441\u0442\u0430\u0432\u043a\u0438 \u0433\u0440\u0443\u0437\u043e\u0432 \u0432 \u043b\u044e\u0431\u0443\u044e \u0442\u043e\u0447\u043a\u0443 \u043c\u0438\u0440\u0430 \ud83d\ude9a \u0430\u0432\u0442\u043e\u043c\u043e\u0431\u0438\u043b\u044c\u043d\u044b\u043c, \ud83d\udea4 \u043c\u043e\u0440\u0441\u043a\u0438\u043c, \u2708 \u0430\u0432\u0438\u0430 \u0438 \ud83d\ude82 \u0436\u0435\u043b\u0435\u0437\u043d\u043e\u0434\u043e\u0440\u043e\u0436\u043d\u044b\u043c \u0442\u0440\u0430\u043d\u0441\u043f\u043e\u0440\u0442\u043e\u043c.","og_url":"https:\/\/movers-auto.md\/ro\/documente-de-transport\/","og_site_name":"movers-auto","article_modified_time":"2022-09-20T10:37:14+00:00","og_image":[{"width":600,"height":390,"url":"https:\/\/movers-auto.md\/wp-content\/uploads\/2022\/09\/w6e6461-resize.jpg","type":"image\/jpeg"}],"twitter_card":"summary_large_image","twitter_misc":{"Timp estimat pentru citire":"5 minute"},"schema":{"@context":"https:\/\/schema.org","@graph":[{"@type":"WebPage","@id":"https:\/\/movers-auto.md\/ro\/documente-de-transport\/","url":"https:\/\/movers-auto.md\/ro\/documente-de-transport\/","name":"Documente de transport - movers-auto","isPartOf":{"@id":"https:\/\/movers-auto.md\/ro\/#website"},"datePublished":"2022-09-10T04:14:07+00:00","dateModified":"2022-09-20T10:37:14+00:00","description":"Documente de transport: \u043e\u0440\u0433\u0430\u043d\u0438\u0437\u0430\u0446\u0438\u044f \u0434\u043e\u0441\u0442\u0430\u0432\u043a\u0438 \u0433\u0440\u0443\u0437\u043e\u0432 \u0432 \u043b\u044e\u0431\u0443\u044e \u0442\u043e\u0447\u043a\u0443 \u043c\u0438\u0440\u0430 \ud83d\ude9a \u0430\u0432\u0442\u043e\u043c\u043e\u0431\u0438\u043b\u044c\u043d\u044b\u043c, \ud83d\udea4 \u043c\u043e\u0440\u0441\u043a\u0438\u043c, \u2708 \u0430\u0432\u0438\u0430 \u0438 \ud83d\ude82 \u0436\u0435\u043b\u0435\u0437\u043d\u043e\u0434\u043e\u0440\u043e\u0436\u043d\u044b\u043c \u0442\u0440\u0430\u043d\u0441\u043f\u043e\u0440\u0442\u043e\u043c.","breadcrumb":{"@id":"https:\/\/movers-auto.md\/ro\/documente-de-transport\/#breadcrumb"},"inLanguage":"ro-RO","potentialAction":[{"@type":"ReadAction","target":["https:\/\/movers-auto.md\/ro\/documente-de-transport\/"]}]},{"@type":"BreadcrumbList","@id":"https:\/\/movers-auto.md\/ro\/documente-de-transport\/#breadcrumb","itemListElement":[{"@type":"ListItem","position":1,"name":"Home","item":"https:\/\/movers-auto.md\/ro\/"},{"@type":"ListItem","position":2,"name":"Documente de transport"}]},{"@type":"WebSite","@id":"https:\/\/movers-auto.md\/ro\/#website","url":"https:\/\/movers-auto.md\/ro\/","name":"movers-auto","description":"\u041c\u0435\u0436\u0434\u0443\u043d\u0430\u0440\u043e\u0434\u043d\u044b\u0435 \u0442\u0440\u0430\u043d\u0441\u043f\u043e\u0440\u0442\u043d\u044b\u0435 \u0443\u0441\u043b\u0443\u0433\u0438","publisher":{"@id":"https:\/\/movers-auto.md\/ro\/#organization"},"potentialAction":[{"@type":"SearchAction","target":{"@type":"EntryPoint","urlTemplate":"https:\/\/movers-auto.md\/ro\/?s={search_term_string}"},"query-input":{"@type":"PropertyValueSpecification","valueRequired":true,"valueName":"search_term_string"}}],"inLanguage":"ro-RO"},{"@type":"Organization","@id":"https:\/\/movers-auto.md\/ro\/#organization","name":"Movers Auto MD","url":"https:\/\/movers-auto.md\/ro\/","logo":{"@type":"ImageObject","inLanguage":"ro-RO","@id":"https:\/\/movers-auto.md\/ro\/#\/schema\/logo\/image\/","url":"\/wp-content\/uploads\/2022\/08\/logo-1.png","contentUrl":"\/wp-content\/uploads\/2022\/08\/logo-1.png","width":184,"height":44,"caption":"Movers Auto MD"},"image":{"@id":"https:\/\/movers-auto.md\/ro\/#\/schema\/logo\/image\/"}}]}},"_links":{"self":[{"href":"https:\/\/movers-auto.md\/ro\/wp-json\/wp\/v2\/pages\/1965","targetHints":{"allow":["GET"]}}],"collection":[{"href":"https:\/\/movers-auto.md\/ro\/wp-json\/wp\/v2\/pages"}],"about":[{"href":"https:\/\/movers-auto.md\/ro\/wp-json\/wp\/v2\/types\/page"}],"author":[{"embeddable":true,"href":"https:\/\/movers-auto.md\/ro\/wp-json\/wp\/v2\/users\/1"}],"replies":[{"embeddable":true,"href":"https:\/\/movers-auto.md\/ro\/wp-json\/wp\/v2\/comments?post=1965"}],"version-history":[{"count":0,"href":"https:\/\/movers-auto.md\/ro\/wp-json\/wp\/v2\/pages\/1965\/revisions"}],"wp:attachment":[{"href":"https:\/\/movers-auto.md\/ro\/wp-json\/wp\/v2\/media?parent=1965"}],"curies":[{"name":"wp","href":"https:\/\/api.w.org\/{rel}","templated":true}]}}