{"id":1964,"date":"2022-09-06T12:58:22","date_gmt":"2022-09-06T03:28:22","guid":{"rendered":"https:\/\/movers-auto.md\/termeni\/"},"modified":"2022-09-20T14:28:29","modified_gmt":"2022-09-20T11:28:29","slug":"termeni","status":"publish","type":"page","link":"https:\/\/movers-auto.md\/ro\/termeni\/","title":{"rendered":"Termeni"},"content":{"rendered":"\n<p>Termenii sunt \u00eemp\u0103r\u021bi\u021bi \u00een 4 grupe:<\/p>\n\n\n\n<ul class=\"wp-block-list\"><li>Grupa E &#8211; Locul de plecare:<br>EXW. Ex Works (loc specificat): m\u0103rfuri din depozitul v\u00e2nz\u0103torului.<\/li><li>Grupa F &#8211; Transport principal nepl\u0103tit<br>FCA. Free Carrier (loc specificat): m\u0103rfurile sunt livrate la transportatorul clientului.<br>FAS. Franco l\u00e2ng\u0103 nav\u0103 (se indic\u0103 portul de \u00eenc\u0103rcare): m\u0103rfurile sunt livrate pe nava clientului.<br>FOB. Franco la bord (se indic\u0103 portul de \u00eenc\u0103rcare): m\u0103rfurile sunt \u00eenc\u0103rcate pe nava clientului.<\/li><li>Grupa C &#8211; C\u0103rucior principal pl\u0103tit<br>CFR. Cost \u0219i transport (se indic\u0103 portul de destina\u021bie): m\u0103rfurile sunt livrate \u00een portul clientului (f\u0103r\u0103 desc\u0103rcare).<br>CIF. Cost, asigurare \u0219i transport (se indic\u0103 portul de destina\u021bie): m\u0103rfurile sunt asigurate \u0219i livrate \u00een portul clientului (f\u0103r\u0103 desc\u0103rcare).<br>CPT. Transport pl\u0103tit p\u00e2n\u0103 la (se indic\u0103 portul de destina\u021bie): m\u0103rfurile sunt livrate transportatorului clientului \u00een portul indicat.<br>CIP. Transport \u0219i asigurare pl\u0103tit\u0103 p\u00e2n\u0103 la (se indic\u0103 portul de destina\u021bie): m\u0103rfurile sunt asigurate \u0219i livrate transportatorului clientului la destina\u021bia indicat\u0103.<\/li><li>Grupa D &#8211; Livrare (sosire):<br>DAF. Livrat la frontier\u0103 (locul indicat) &#8211; m\u0103rfurile sunt livrate la frontier\u0103 f\u0103r\u0103 v\u0103muire<br>DES. Delivered Ex Ship (port indicat) &#8211; m\u0103rfurile sunt livrate pe o nav\u0103 f\u0103r\u0103 v\u0103muire.<br>DEQ. Livrat Ex Quay (port indicat) &#8211; m\u0103rfurile sunt livrate pe nav\u0103 \u0219i desc\u0103rcate f\u0103r\u0103 v\u0103muire<br>DDU. Livrat Taxe nepl\u0103tite (destina\u021bie specificat\u0103) &#8211; m\u0103rfurile sunt livrate clientului, taxele sunt pl\u0103tite de c\u0103tre acesta.<br>DDP. Livrat cu taxele pl\u0103tite (destina\u021bie specificat\u0103) &#8211; m\u0103rfurile sunt livrate clientului, cu taxele \u0219i riscurile achitate.<\/li><\/ul>\n","protected":false},"excerpt":{"rendered":"<p>Termenii sunt \u00eemp\u0103r\u021bi\u021bi \u00een 4 grupe: Grupa E &#8211; Locul de plecare:EXW. Ex Works (loc specificat): m\u0103rfuri din depozitul v\u00e2nz\u0103torului. Grupa F &#8211; Transport principal nepl\u0103titFCA. Free Carrier (loc specificat): m\u0103rfurile sunt livrate la transportatorul clientului.FAS. Franco l\u00e2ng\u0103 nav\u0103 (se indic\u0103 portul de \u00eenc\u0103rcare): m\u0103rfurile sunt livrate pe nava clientului.FOB. Franco la bord (se indic\u0103 [&hellip;]<\/p>\n","protected":false},"author":1,"featured_media":0,"parent":0,"menu_order":0,"comment_status":"closed","ping_status":"closed","template":"template\/consultation_online.php","meta":{"_acf_changed":false,"footnotes":""},"class_list":["post-1964","page","type-page","status-publish","hentry"],"acf":[],"yoast_head":"<!-- This site is optimized with the Yoast SEO Premium plugin v25.8 (Yoast SEO v25.8) - https:\/\/yoast.com\/wordpress\/plugins\/seo\/ -->\n<title>Termeni - movers-auto<\/title>\n<meta name=\"description\" content=\"Termeni: \u043e\u0440\u0433\u0430\u043d\u0438\u0437\u0430\u0446\u0438\u044f \u0434\u043e\u0441\u0442\u0430\u0432\u043a\u0438 \u0433\u0440\u0443\u0437\u043e\u0432 \u0432 \u043b\u044e\u0431\u0443\u044e \u0442\u043e\u0447\u043a\u0443 \u043c\u0438\u0440\u0430 \ud83d\ude9a \u0430\u0432\u0442\u043e\u043c\u043e\u0431\u0438\u043b\u044c\u043d\u044b\u043c, \ud83d\udea4 \u043c\u043e\u0440\u0441\u043a\u0438\u043c, \u2708 \u0430\u0432\u0438\u0430 \u0438 \ud83d\ude82 \u0436\u0435\u043b\u0435\u0437\u043d\u043e\u0434\u043e\u0440\u043e\u0436\u043d\u044b\u043c \u0442\u0440\u0430\u043d\u0441\u043f\u043e\u0440\u0442\u043e\u043c.\" \/>\n<meta name=\"robots\" content=\"index, follow, max-snippet:-1, max-image-preview:large, max-video-preview:-1\" \/>\n<link rel=\"canonical\" href=\"https:\/\/movers-auto.md\/ro\/termeni\/\" \/>\n<meta property=\"og:locale\" content=\"ro_RO\" \/>\n<meta property=\"og:type\" content=\"article\" \/>\n<meta property=\"og:title\" content=\"Termeni\" \/>\n<meta property=\"og:description\" content=\"Termeni: \u043e\u0440\u0433\u0430\u043d\u0438\u0437\u0430\u0446\u0438\u044f \u0434\u043e\u0441\u0442\u0430\u0432\u043a\u0438 \u0433\u0440\u0443\u0437\u043e\u0432 \u0432 \u043b\u044e\u0431\u0443\u044e \u0442\u043e\u0447\u043a\u0443 \u043c\u0438\u0440\u0430 \ud83d\ude9a \u0430\u0432\u0442\u043e\u043c\u043e\u0431\u0438\u043b\u044c\u043d\u044b\u043c, \ud83d\udea4 \u043c\u043e\u0440\u0441\u043a\u0438\u043c, \u2708 \u0430\u0432\u0438\u0430 \u0438 \ud83d\ude82 \u0436\u0435\u043b\u0435\u0437\u043d\u043e\u0434\u043e\u0440\u043e\u0436\u043d\u044b\u043c \u0442\u0440\u0430\u043d\u0441\u043f\u043e\u0440\u0442\u043e\u043c.\" \/>\n<meta property=\"og:url\" content=\"https:\/\/movers-auto.md\/ro\/termeni\/\" \/>\n<meta property=\"og:site_name\" content=\"movers-auto\" \/>\n<meta property=\"article:modified_time\" content=\"2022-09-20T11:28:29+00:00\" \/>\n<meta property=\"og:image\" content=\"https:\/\/movers-auto.md\/wp-content\/uploads\/2022\/09\/w6e6461-resize.jpg\" \/>\n\t<meta property=\"og:image:width\" content=\"600\" \/>\n\t<meta property=\"og:image:height\" content=\"390\" \/>\n\t<meta property=\"og:image:type\" content=\"image\/jpeg\" \/>\n<meta name=\"twitter:card\" content=\"summary_large_image\" \/>\n<meta name=\"twitter:label1\" content=\"Timp estimat pentru citire\" \/>\n\t<meta name=\"twitter:data1\" content=\"1 minut\" \/>\n<script type=\"application\/ld+json\" class=\"yoast-schema-graph\">{\"@context\":\"https:\/\/schema.org\",\"@graph\":[{\"@type\":\"WebPage\",\"@id\":\"https:\/\/movers-auto.md\/ro\/termeni\/\",\"url\":\"https:\/\/movers-auto.md\/ro\/termeni\/\",\"name\":\"Termeni - movers-auto\",\"isPartOf\":{\"@id\":\"https:\/\/movers-auto.md\/ro\/#website\"},\"datePublished\":\"2022-09-06T03:28:22+00:00\",\"dateModified\":\"2022-09-20T11:28:29+00:00\",\"description\":\"Termeni: \u043e\u0440\u0433\u0430\u043d\u0438\u0437\u0430\u0446\u0438\u044f \u0434\u043e\u0441\u0442\u0430\u0432\u043a\u0438 \u0433\u0440\u0443\u0437\u043e\u0432 \u0432 \u043b\u044e\u0431\u0443\u044e \u0442\u043e\u0447\u043a\u0443 \u043c\u0438\u0440\u0430 \ud83d\ude9a \u0430\u0432\u0442\u043e\u043c\u043e\u0431\u0438\u043b\u044c\u043d\u044b\u043c, \ud83d\udea4 \u043c\u043e\u0440\u0441\u043a\u0438\u043c, \u2708 \u0430\u0432\u0438\u0430 \u0438 \ud83d\ude82 \u0436\u0435\u043b\u0435\u0437\u043d\u043e\u0434\u043e\u0440\u043e\u0436\u043d\u044b\u043c \u0442\u0440\u0430\u043d\u0441\u043f\u043e\u0440\u0442\u043e\u043c.\",\"breadcrumb\":{\"@id\":\"https:\/\/movers-auto.md\/ro\/termeni\/#breadcrumb\"},\"inLanguage\":\"ro-RO\",\"potentialAction\":[{\"@type\":\"ReadAction\",\"target\":[\"https:\/\/movers-auto.md\/ro\/termeni\/\"]}]},{\"@type\":\"BreadcrumbList\",\"@id\":\"https:\/\/movers-auto.md\/ro\/termeni\/#breadcrumb\",\"itemListElement\":[{\"@type\":\"ListItem\",\"position\":1,\"name\":\"Home\",\"item\":\"https:\/\/movers-auto.md\/ro\/\"},{\"@type\":\"ListItem\",\"position\":2,\"name\":\"Termeni\"}]},{\"@type\":\"WebSite\",\"@id\":\"https:\/\/movers-auto.md\/ro\/#website\",\"url\":\"https:\/\/movers-auto.md\/ro\/\",\"name\":\"movers-auto\",\"description\":\"\u041c\u0435\u0436\u0434\u0443\u043d\u0430\u0440\u043e\u0434\u043d\u044b\u0435 \u0442\u0440\u0430\u043d\u0441\u043f\u043e\u0440\u0442\u043d\u044b\u0435 \u0443\u0441\u043b\u0443\u0433\u0438\",\"publisher\":{\"@id\":\"https:\/\/movers-auto.md\/ro\/#organization\"},\"potentialAction\":[{\"@type\":\"SearchAction\",\"target\":{\"@type\":\"EntryPoint\",\"urlTemplate\":\"https:\/\/movers-auto.md\/ro\/?s={search_term_string}\"},\"query-input\":{\"@type\":\"PropertyValueSpecification\",\"valueRequired\":true,\"valueName\":\"search_term_string\"}}],\"inLanguage\":\"ro-RO\"},{\"@type\":\"Organization\",\"@id\":\"https:\/\/movers-auto.md\/ro\/#organization\",\"name\":\"Movers Auto MD\",\"url\":\"https:\/\/movers-auto.md\/ro\/\",\"logo\":{\"@type\":\"ImageObject\",\"inLanguage\":\"ro-RO\",\"@id\":\"https:\/\/movers-auto.md\/ro\/#\/schema\/logo\/image\/\",\"url\":\"\/wp-content\/uploads\/2022\/08\/logo-1.png\",\"contentUrl\":\"\/wp-content\/uploads\/2022\/08\/logo-1.png\",\"width\":184,\"height\":44,\"caption\":\"Movers Auto MD\"},\"image\":{\"@id\":\"https:\/\/movers-auto.md\/ro\/#\/schema\/logo\/image\/\"}}]}<\/script>\n<!-- \/ Yoast SEO Premium plugin. -->","yoast_head_json":{"title":"Termeni - movers-auto","description":"Termeni: \u043e\u0440\u0433\u0430\u043d\u0438\u0437\u0430\u0446\u0438\u044f \u0434\u043e\u0441\u0442\u0430\u0432\u043a\u0438 \u0433\u0440\u0443\u0437\u043e\u0432 \u0432 \u043b\u044e\u0431\u0443\u044e \u0442\u043e\u0447\u043a\u0443 \u043c\u0438\u0440\u0430 \ud83d\ude9a \u0430\u0432\u0442\u043e\u043c\u043e\u0431\u0438\u043b\u044c\u043d\u044b\u043c, \ud83d\udea4 \u043c\u043e\u0440\u0441\u043a\u0438\u043c, \u2708 \u0430\u0432\u0438\u0430 \u0438 \ud83d\ude82 \u0436\u0435\u043b\u0435\u0437\u043d\u043e\u0434\u043e\u0440\u043e\u0436\u043d\u044b\u043c \u0442\u0440\u0430\u043d\u0441\u043f\u043e\u0440\u0442\u043e\u043c.","robots":{"index":"index","follow":"follow","max-snippet":"max-snippet:-1","max-image-preview":"max-image-preview:large","max-video-preview":"max-video-preview:-1"},"canonical":"https:\/\/movers-auto.md\/ro\/termeni\/","og_locale":"ro_RO","og_type":"article","og_title":"Termeni","og_description":"Termeni: \u043e\u0440\u0433\u0430\u043d\u0438\u0437\u0430\u0446\u0438\u044f \u0434\u043e\u0441\u0442\u0430\u0432\u043a\u0438 \u0433\u0440\u0443\u0437\u043e\u0432 \u0432 \u043b\u044e\u0431\u0443\u044e \u0442\u043e\u0447\u043a\u0443 \u043c\u0438\u0440\u0430 \ud83d\ude9a \u0430\u0432\u0442\u043e\u043c\u043e\u0431\u0438\u043b\u044c\u043d\u044b\u043c, \ud83d\udea4 \u043c\u043e\u0440\u0441\u043a\u0438\u043c, \u2708 \u0430\u0432\u0438\u0430 \u0438 \ud83d\ude82 \u0436\u0435\u043b\u0435\u0437\u043d\u043e\u0434\u043e\u0440\u043e\u0436\u043d\u044b\u043c \u0442\u0440\u0430\u043d\u0441\u043f\u043e\u0440\u0442\u043e\u043c.","og_url":"https:\/\/movers-auto.md\/ro\/termeni\/","og_site_name":"movers-auto","article_modified_time":"2022-09-20T11:28:29+00:00","og_image":[{"width":600,"height":390,"url":"https:\/\/movers-auto.md\/wp-content\/uploads\/2022\/09\/w6e6461-resize.jpg","type":"image\/jpeg"}],"twitter_card":"summary_large_image","twitter_misc":{"Timp estimat pentru citire":"1 minut"},"schema":{"@context":"https:\/\/schema.org","@graph":[{"@type":"WebPage","@id":"https:\/\/movers-auto.md\/ro\/termeni\/","url":"https:\/\/movers-auto.md\/ro\/termeni\/","name":"Termeni - movers-auto","isPartOf":{"@id":"https:\/\/movers-auto.md\/ro\/#website"},"datePublished":"2022-09-06T03:28:22+00:00","dateModified":"2022-09-20T11:28:29+00:00","description":"Termeni: \u043e\u0440\u0433\u0430\u043d\u0438\u0437\u0430\u0446\u0438\u044f \u0434\u043e\u0441\u0442\u0430\u0432\u043a\u0438 \u0433\u0440\u0443\u0437\u043e\u0432 \u0432 \u043b\u044e\u0431\u0443\u044e \u0442\u043e\u0447\u043a\u0443 \u043c\u0438\u0440\u0430 \ud83d\ude9a \u0430\u0432\u0442\u043e\u043c\u043e\u0431\u0438\u043b\u044c\u043d\u044b\u043c, \ud83d\udea4 \u043c\u043e\u0440\u0441\u043a\u0438\u043c, \u2708 \u0430\u0432\u0438\u0430 \u0438 \ud83d\ude82 \u0436\u0435\u043b\u0435\u0437\u043d\u043e\u0434\u043e\u0440\u043e\u0436\u043d\u044b\u043c \u0442\u0440\u0430\u043d\u0441\u043f\u043e\u0440\u0442\u043e\u043c.","breadcrumb":{"@id":"https:\/\/movers-auto.md\/ro\/termeni\/#breadcrumb"},"inLanguage":"ro-RO","potentialAction":[{"@type":"ReadAction","target":["https:\/\/movers-auto.md\/ro\/termeni\/"]}]},{"@type":"BreadcrumbList","@id":"https:\/\/movers-auto.md\/ro\/termeni\/#breadcrumb","itemListElement":[{"@type":"ListItem","position":1,"name":"Home","item":"https:\/\/movers-auto.md\/ro\/"},{"@type":"ListItem","position":2,"name":"Termeni"}]},{"@type":"WebSite","@id":"https:\/\/movers-auto.md\/ro\/#website","url":"https:\/\/movers-auto.md\/ro\/","name":"movers-auto","description":"\u041c\u0435\u0436\u0434\u0443\u043d\u0430\u0440\u043e\u0434\u043d\u044b\u0435 \u0442\u0440\u0430\u043d\u0441\u043f\u043e\u0440\u0442\u043d\u044b\u0435 \u0443\u0441\u043b\u0443\u0433\u0438","publisher":{"@id":"https:\/\/movers-auto.md\/ro\/#organization"},"potentialAction":[{"@type":"SearchAction","target":{"@type":"EntryPoint","urlTemplate":"https:\/\/movers-auto.md\/ro\/?s={search_term_string}"},"query-input":{"@type":"PropertyValueSpecification","valueRequired":true,"valueName":"search_term_string"}}],"inLanguage":"ro-RO"},{"@type":"Organization","@id":"https:\/\/movers-auto.md\/ro\/#organization","name":"Movers Auto MD","url":"https:\/\/movers-auto.md\/ro\/","logo":{"@type":"ImageObject","inLanguage":"ro-RO","@id":"https:\/\/movers-auto.md\/ro\/#\/schema\/logo\/image\/","url":"\/wp-content\/uploads\/2022\/08\/logo-1.png","contentUrl":"\/wp-content\/uploads\/2022\/08\/logo-1.png","width":184,"height":44,"caption":"Movers Auto MD"},"image":{"@id":"https:\/\/movers-auto.md\/ro\/#\/schema\/logo\/image\/"}}]}},"_links":{"self":[{"href":"https:\/\/movers-auto.md\/ro\/wp-json\/wp\/v2\/pages\/1964","targetHints":{"allow":["GET"]}}],"collection":[{"href":"https:\/\/movers-auto.md\/ro\/wp-json\/wp\/v2\/pages"}],"about":[{"href":"https:\/\/movers-auto.md\/ro\/wp-json\/wp\/v2\/types\/page"}],"author":[{"embeddable":true,"href":"https:\/\/movers-auto.md\/ro\/wp-json\/wp\/v2\/users\/1"}],"replies":[{"embeddable":true,"href":"https:\/\/movers-auto.md\/ro\/wp-json\/wp\/v2\/comments?post=1964"}],"version-history":[{"count":0,"href":"https:\/\/movers-auto.md\/ro\/wp-json\/wp\/v2\/pages\/1964\/revisions"}],"wp:attachment":[{"href":"https:\/\/movers-auto.md\/ro\/wp-json\/wp\/v2\/media?parent=1964"}],"curies":[{"name":"wp","href":"https:\/\/api.w.org\/{rel}","templated":true}]}}