{"id":1963,"date":"2022-09-03T16:52:09","date_gmt":"2022-09-03T07:22:09","guid":{"rendered":"https:\/\/movers-auto.md\/servicii-de-brokeraj-vamal\/"},"modified":"2022-09-20T14:28:17","modified_gmt":"2022-09-20T11:28:17","slug":"servicii-de-brokeraj-vamal","status":"publish","type":"page","link":"https:\/\/movers-auto.md\/ro\/servicii-de-brokeraj-vamal\/","title":{"rendered":"Servicii de brokeraj vamal"},"content":{"rendered":"\n<h4 class=\"wp-block-heading\">Servicii vamale \u0219i de brokeraj \u00een Moldova \u0219i Transnistria. Declara\u021bia vamal\u0103 a m\u0103rfurilor, v\u0103muirea m\u0103rfurilor.<\/h4>\n\n\n\n<p>Republica Moldova este parte la principalele reglement\u0103ri \u0219i conven\u021bii interna\u021bionale care reglementeaz\u0103 regulile de transport al m\u0103rfurilor \u0219i procedurile de control vamal \u00eentre diferite \u021b\u0103ri. Printre acestea se num\u0103r\u0103 Conven\u021bia TIR, Conven\u021bia privind contractul de transport rutier interna\u021bional de m\u0103rfuri (CMR), cooperarea vamal\u0103 \u00een cadrul CSI \u0219i altele. Astfel, pentru expedierile dinspre\/\u00een Moldova sau \u00een tranzit prin Moldova, se aplic\u0103 standardele general acceptate de v\u0103muire, inclusiv prezentarea \u0219i \u00eenregistrarea declara\u021biei vamale a m\u0103rfii (CCD), controlul asupra exactit\u0103\u021bii datelor privind m\u0103rfurile, controlul asupra pl\u0103\u021bii taxelor vamale, etc.<br>De aceste aspecte se ocup\u0103 un broker vamal autorizat s\u0103 efectueze opera\u021biuni \u0219i servicii vamale, de brokeraj \u0219i de intermediere pe teritoriul Republicii Moldova \u0219i al Transnistriei.<\/p>\n\n\n\n<p><strong>Calculul preliminar al taxelor vamale<\/strong>, \u0219i costul serviciilor de brokeraj, pentru importul de m\u0103rfuri \u00een Moldova sau Transnistria, \u00eel pute\u021bi afla la tel.&nbsp;<strong>+37368677712, +373 777 88958<\/strong><\/p>\n\n\n\n<p><strong>V\u0103muirea \u00een Moldova \u0219i Transnistria &#8211; rapid\u0103, de \u00eenalt\u0103 calitate \u0219i eficient\u0103 din punct de vedere al costurilor.<\/strong><\/p>\n\n\n\n<p>\u00cen Moldova, serviciile de declarare \u0219i v\u0103muire \u00een vam\u0103 sunt prestate direct de peste 50 de companii, inclusiv at\u00e2t agen\u021bi economici locali, c\u00e2t \u0219i mari companii interna\u021bionale specializate \u00eentr-o gam\u0103 complet\u0103 de servicii de transport \u0219i de brokeraj vamal. Care sunt principalele sarcini ale unui broker vamal la exportul, importul sau tranzitul prin Moldova?<\/p>\n\n\n\n<p>\u2014 \u00eentocmirea \u0219i depunerea declara\u021biei vamale de marf\u0103 la autoritatea vamal\u0103;<\/p>\n\n\n\n<p>\u2014 Clasificarea m\u0103rfurilor \u00een conformitate cu Nomenclatorul activit\u0103\u021bilor economice externe ale Republicii Moldova sau ale CSI;<br>\u2014 Selectarea codului SA \u00een temeiul c\u0103ruia se stabilesc ratele taxelor vamale, ale accizelor \u0219i ale taxelor;<br>\u2014 calcularea taxelor vamale;<br>\u2014 Ob\u021binerea de autoriza\u021bii pentru anumite categorii de m\u0103rfuri;<br>\u2014 controlul asupra procesului de v\u0103muire \u0219i a \u00eendeplinirii tuturor procedurilor vamale;<br>\u2014 Consultan\u021b\u0103 privind tarifele vamale \u0219i v\u0103muirea m\u0103rfurilor.<\/p>\n\n\n\n<p>\u00cen general, esen\u021ba cooper\u0103rii dintre companiile de transport sau proprietarii de m\u0103rfuri \u0219i un broker vamal este de a ob\u021bine v\u0103muirea m\u0103rfurilor c\u00e2t mai repede posibil, \u00een maximum dou\u0103 zile lucr\u0103toare, \u0219i de a reduce costurile financiare \u00een compara\u021bie cu trecerea prin vam\u0103 pe cont propriu.<\/p>\n\n\n\n<p><strong>Costul serviciilor de brokeraj vamal \u00een Moldova \u0219i Transnistria.<\/strong><\/p>\n\n\n\n<p>S\u0103 lu\u0103m ca exemplu tarifele unor servicii de brokeraj \u00een Moldova: completarea Declara\u021biei vamale a m\u0103rfii (Cargo Customs Declaration) &#8211; 120 lei (10$), efectuarea \u00een vam\u0103 a Declara\u021biei vamale de tranzit sau de export a m\u0103rfii &#8211; 400 lei (30$), taxele vamale se achit\u0103 separat \u021bin\u00e2nd cont de valoarea m\u0103rfii, efectuarea Declara\u021biei vamale de import a m\u0103rfii &#8211; 650 lei (50$), \u00eentocmirea documentelor suplimentare pentru v\u0103muire \u0219i costuri suplimentare de manoper\u0103 &#8211; 650-1000 lei (50-80$).Costul serviciilor vamale \u0219i al taxelor vamale pentru marf\u0103 se negociaz\u0103 \u00een avans, \u00een conformitate cu Declara\u021bia vamal\u0103 a m\u0103rfii, \u0219i o cerere preliminar\u0103 cu descrierea \u00eenc\u0103rc\u0103turii \u0219i a m\u0103rfurilor destinate Moldovei.<br><strong>Solicitarea serviciilor de brokeraj \u0219i a taxelor vamale pentru export\/import de m\u0103rfuri din\/\u00een Moldova \u0219i Transnistria la telefon +373 686 77712, \u00een Tiraspol +373 777 88958<\/strong><\/p>\n\n\n\n<p><strong>V\u0103muirea se efectueaz\u0103 \u00een conformitate cu normele \u0219i reglement\u0103rile generale stabilite \u00een Codul vamal al Republicii Moldova.<\/strong><\/p>\n\n\n\n<p>\u00cen conformitate cu reglement\u0103rile vamale, v\u0103muirea m\u0103rfurilor este responsabilitatea autorit\u0103\u021bilor vamale de frontier\u0103 \u0219i interioare, iar serviciul vamal stabile\u0219te \u00een mod independent unde se efectueaz\u0103 v\u0103muirea anumitor categorii de m\u0103rfuri \u0219i transporturi. Limba oficial\u0103 \u00een care se proceseaz\u0103 toate documentele vamale este limba na\u021bional\u0103 a Republicii Moldova. \u00cen timpul procedurii de v\u0103muire, persoanele autorizate \u00een ceea ce prive\u0219te m\u0103rfurile, bunurile, vehiculele importate sau reprezentan\u021bii acestora &#8211; un expeditor de m\u0103rfuri sau un broker vamal &#8211; au dreptul de a fi prezente.<\/p>\n\n\n\n<p>Procedura de v\u0103muire \u00eencepe cu prezentarea documentelor justificative pentru vehicul, \u00eenc\u0103rc\u0103tur\u0103 \u0219i m\u0103rfurile transportate. Dup\u0103 controlul vamal, livrarea m\u0103rfurilor poate fi continuat\u0103 p\u00e2n\u0103 la locul de destina\u021bie. Tranzitul m\u0103rfurilor pe teritoriul Republicii Moldova de la biroul vamal de plecare la biroul vamal de destina\u021bie are loc \u00een conformitate cu procedura de tranzit T-1.<\/p>\n\n\n\n<p><strong>Condi\u021biile de plasare \u0219i de depozitare a m\u0103rfurilor \u00eentr-un antrepozit fiscal.<\/strong><br>\u00cen cazul \u00een care m\u0103rfurile, la momentul intr\u0103rii \u00een Republica Moldova, nu corespund cerin\u021belor prev\u0103zute de legisla\u021bia na\u021bional\u0103 \u0219i nu pot fi plasate sub o anumit\u0103 denumire vamal\u0103, exist\u0103&nbsp;<strong>depozitarea temporar\u0103 a m\u0103rfurilor \u00eentr-un antrepozit fiscal,<\/strong>&nbsp;f\u0103r\u0103 plata drepturilor de import \u0219i a altor m\u0103suri vamale. Procedura de depozitare temporar\u0103 este reglementat\u0103 de un ordin al Serviciului Vamal \u0219i se desf\u0103\u0219oar\u0103 pe baza unei declara\u021bii succinte.<\/p>\n\n\n\n<p>La \u00eencheierea tranzitului sau \u00een termen de 20 de zile de la data depunerii declara\u021biei sumare, brokerul vamal depune o declara\u021bie vamal\u0103 de marf\u0103 pentru v\u0103muirea m\u0103rfurilor, separat pentru fiecare document de transport. M\u0103rfurile cu o valoare total\u0103 care nu dep\u0103\u0219e\u0219te echivalentul a 50 EUR \u0219i \u00een alte cazuri prev\u0103zute de lege nu sunt supuse declar\u0103rii. Procedura de v\u0103muire se \u00eencheie cu eliberarea documentelor \u0219i punerea \u00een liber\u0103 circula\u021bie a m\u0103rfurilor.<\/p>\n\n\n\n<p><strong>Moldova pune \u00een aplicare mecanisme de simplificare a v\u0103muirii m\u0103rfurilor.<\/strong><\/p>\n\n\n\n<p>\u00centruc\u00e2t Moldova aspir\u0103 la Uniunea European\u0103, exist\u0103 o tendin\u021b\u0103 de liberalizare a normelor vamale \u0219i de simplificare a procedurilor de control vamal, urm\u00e2nd exemplul UE, pentru a optimiza importul \u0219i exportul de bunuri \u0219i m\u0103rfuri. \u0218i activitatea brokerilor vamali este afectat\u0103 de aceast\u0103 tendin\u021b\u0103: Serviciul Vamal al Republicii Moldova propune anularea sau diminuarea considerabil\u0103 a garan\u021biei bancare de 8 mln de lei necesare pentru ob\u021binerea licen\u021bei de prestare a serviciilor de brokeraj. Serviciul Vamal este de p\u0103rere c\u0103 este suficient s\u0103 se ob\u021bin\u0103 o garan\u021bie de la brokeri numai pentru tranzitul m\u0103rfurilor. Se propune, de asemenea, dezvoltarea unui nou model pentru sistemul de garantare, care s-ar putea baza pe principiile carnetelor TIR.<\/p>\n\n\n\n<p>Anul trecut, \u00een Moldova a fost introdus un sistem simplificat de v\u0103muire &#8222;la domiciliu&#8221; sau &#8222;la fa\u021ba locului&#8221; pentru a simplifica procesul de v\u0103muire pentru marile companii de bun\u0103 credin\u021b\u0103 care au mai mult de 100 de tranzac\u021bii de export-import pe an \u0219i care nu au comis \u00eenc\u0103lc\u0103ri vamale majore. \u00cen prezent, declara\u021biile vamale pot fi transmise electronic direct de la birou, f\u0103r\u0103 a mai fi nevoie s\u0103 se prezinte \u00eenc\u0103rc\u0103tura pentru export sau import pentru control vamal. Se preconizeaz\u0103 c\u0103 peste 20% din totalul opera\u021biunilor vamale vor fi efectuate \u00een cadrul acestui sistem.<\/p>\n\n\n\n<p><strong>Pentru a solicita un calcul preliminar al taxelor vamale pentru importul de m\u0103rfuri \u00een Moldova \u0219i Transnistria, v\u0103 rug\u0103m s\u0103 suna\u021bi la num\u0103rul de telefon +37368677712 la Tiraspol. +37368677712, \u00een Tiraspol +373 777 88958<\/strong><\/p>\n","protected":false},"excerpt":{"rendered":"<p>Servicii vamale \u0219i de brokeraj \u00een Moldova \u0219i Transnistria. Declara\u021bia vamal\u0103 a m\u0103rfurilor, v\u0103muirea m\u0103rfurilor. Republica Moldova este parte la principalele reglement\u0103ri \u0219i conven\u021bii interna\u021bionale care reglementeaz\u0103 regulile de transport al m\u0103rfurilor \u0219i procedurile de control vamal \u00eentre diferite \u021b\u0103ri. Printre acestea se num\u0103r\u0103 Conven\u021bia TIR, Conven\u021bia privind contractul de transport rutier interna\u021bional de m\u0103rfuri [&hellip;]<\/p>\n","protected":false},"author":1,"featured_media":0,"parent":0,"menu_order":0,"comment_status":"closed","ping_status":"closed","template":"template\/tamoja.php","meta":{"_acf_changed":false,"footnotes":""},"class_list":["post-1963","page","type-page","status-publish","hentry"],"acf":[],"yoast_head":"<!-- This site is optimized with the Yoast SEO Premium plugin v25.8 (Yoast SEO v25.8) - https:\/\/yoast.com\/wordpress\/plugins\/seo\/ -->\n<title>Servicii de brokeraj vamal - movers-auto<\/title>\n<meta name=\"description\" content=\"Servicii de brokeraj vamal: \u043e\u0440\u0433\u0430\u043d\u0438\u0437\u0430\u0446\u0438\u044f \u0434\u043e\u0441\u0442\u0430\u0432\u043a\u0438 \u0433\u0440\u0443\u0437\u043e\u0432 \u0432 \u043b\u044e\u0431\u0443\u044e \u0442\u043e\u0447\u043a\u0443 \u043c\u0438\u0440\u0430 \ud83d\ude9a \u0430\u0432\u0442\u043e\u043c\u043e\u0431\u0438\u043b\u044c\u043d\u044b\u043c, \ud83d\udea4 \u043c\u043e\u0440\u0441\u043a\u0438\u043c, \u2708 \u0430\u0432\u0438\u0430 \u0438 \ud83d\ude82 \u0436\u0435\u043b\u0435\u0437\u043d\u043e\u0434\u043e\u0440\u043e\u0436\u043d\u044b\u043c \u0442\u0440\u0430\u043d\u0441\u043f\u043e\u0440\u0442\u043e\u043c.\" \/>\n<meta name=\"robots\" content=\"index, follow, max-snippet:-1, max-image-preview:large, max-video-preview:-1\" \/>\n<link rel=\"canonical\" href=\"https:\/\/movers-auto.md\/ro\/servicii-de-brokeraj-vamal\/\" \/>\n<meta property=\"og:locale\" content=\"ro_RO\" \/>\n<meta property=\"og:type\" content=\"article\" \/>\n<meta property=\"og:title\" content=\"Servicii de brokeraj vamal\" \/>\n<meta property=\"og:description\" content=\"Servicii de brokeraj vamal: \u043e\u0440\u0433\u0430\u043d\u0438\u0437\u0430\u0446\u0438\u044f \u0434\u043e\u0441\u0442\u0430\u0432\u043a\u0438 \u0433\u0440\u0443\u0437\u043e\u0432 \u0432 \u043b\u044e\u0431\u0443\u044e \u0442\u043e\u0447\u043a\u0443 \u043c\u0438\u0440\u0430 \ud83d\ude9a \u0430\u0432\u0442\u043e\u043c\u043e\u0431\u0438\u043b\u044c\u043d\u044b\u043c, \ud83d\udea4 \u043c\u043e\u0440\u0441\u043a\u0438\u043c, \u2708 \u0430\u0432\u0438\u0430 \u0438 \ud83d\ude82 \u0436\u0435\u043b\u0435\u0437\u043d\u043e\u0434\u043e\u0440\u043e\u0436\u043d\u044b\u043c \u0442\u0440\u0430\u043d\u0441\u043f\u043e\u0440\u0442\u043e\u043c.\" \/>\n<meta property=\"og:url\" content=\"https:\/\/movers-auto.md\/ro\/servicii-de-brokeraj-vamal\/\" \/>\n<meta property=\"og:site_name\" content=\"movers-auto\" \/>\n<meta property=\"article:modified_time\" content=\"2022-09-20T11:28:17+00:00\" \/>\n<meta property=\"og:image\" content=\"https:\/\/movers-auto.md\/wp-content\/uploads\/2022\/09\/w6e6461-resize.jpg\" \/>\n\t<meta property=\"og:image:width\" content=\"600\" \/>\n\t<meta property=\"og:image:height\" content=\"390\" \/>\n\t<meta property=\"og:image:type\" content=\"image\/jpeg\" \/>\n<meta name=\"twitter:card\" content=\"summary_large_image\" \/>\n<meta name=\"twitter:label1\" content=\"Timp estimat pentru citire\" \/>\n\t<meta name=\"twitter:data1\" content=\"6 minute\" \/>\n<script type=\"application\/ld+json\" class=\"yoast-schema-graph\">{\"@context\":\"https:\/\/schema.org\",\"@graph\":[{\"@type\":\"WebPage\",\"@id\":\"https:\/\/movers-auto.md\/ro\/servicii-de-brokeraj-vamal\/\",\"url\":\"https:\/\/movers-auto.md\/ro\/servicii-de-brokeraj-vamal\/\",\"name\":\"Servicii de brokeraj vamal - movers-auto\",\"isPartOf\":{\"@id\":\"https:\/\/movers-auto.md\/ro\/#website\"},\"datePublished\":\"2022-09-03T07:22:09+00:00\",\"dateModified\":\"2022-09-20T11:28:17+00:00\",\"description\":\"Servicii de brokeraj vamal: \u043e\u0440\u0433\u0430\u043d\u0438\u0437\u0430\u0446\u0438\u044f \u0434\u043e\u0441\u0442\u0430\u0432\u043a\u0438 \u0433\u0440\u0443\u0437\u043e\u0432 \u0432 \u043b\u044e\u0431\u0443\u044e \u0442\u043e\u0447\u043a\u0443 \u043c\u0438\u0440\u0430 \ud83d\ude9a \u0430\u0432\u0442\u043e\u043c\u043e\u0431\u0438\u043b\u044c\u043d\u044b\u043c, \ud83d\udea4 \u043c\u043e\u0440\u0441\u043a\u0438\u043c, \u2708 \u0430\u0432\u0438\u0430 \u0438 \ud83d\ude82 \u0436\u0435\u043b\u0435\u0437\u043d\u043e\u0434\u043e\u0440\u043e\u0436\u043d\u044b\u043c \u0442\u0440\u0430\u043d\u0441\u043f\u043e\u0440\u0442\u043e\u043c.\",\"breadcrumb\":{\"@id\":\"https:\/\/movers-auto.md\/ro\/servicii-de-brokeraj-vamal\/#breadcrumb\"},\"inLanguage\":\"ro-RO\",\"potentialAction\":[{\"@type\":\"ReadAction\",\"target\":[\"https:\/\/movers-auto.md\/ro\/servicii-de-brokeraj-vamal\/\"]}]},{\"@type\":\"BreadcrumbList\",\"@id\":\"https:\/\/movers-auto.md\/ro\/servicii-de-brokeraj-vamal\/#breadcrumb\",\"itemListElement\":[{\"@type\":\"ListItem\",\"position\":1,\"name\":\"Home\",\"item\":\"https:\/\/movers-auto.md\/ro\/\"},{\"@type\":\"ListItem\",\"position\":2,\"name\":\"Servicii de brokeraj vamal\"}]},{\"@type\":\"WebSite\",\"@id\":\"https:\/\/movers-auto.md\/ro\/#website\",\"url\":\"https:\/\/movers-auto.md\/ro\/\",\"name\":\"movers-auto\",\"description\":\"\u041c\u0435\u0436\u0434\u0443\u043d\u0430\u0440\u043e\u0434\u043d\u044b\u0435 \u0442\u0440\u0430\u043d\u0441\u043f\u043e\u0440\u0442\u043d\u044b\u0435 \u0443\u0441\u043b\u0443\u0433\u0438\",\"publisher\":{\"@id\":\"https:\/\/movers-auto.md\/ro\/#organization\"},\"potentialAction\":[{\"@type\":\"SearchAction\",\"target\":{\"@type\":\"EntryPoint\",\"urlTemplate\":\"https:\/\/movers-auto.md\/ro\/?s={search_term_string}\"},\"query-input\":{\"@type\":\"PropertyValueSpecification\",\"valueRequired\":true,\"valueName\":\"search_term_string\"}}],\"inLanguage\":\"ro-RO\"},{\"@type\":\"Organization\",\"@id\":\"https:\/\/movers-auto.md\/ro\/#organization\",\"name\":\"Movers Auto MD\",\"url\":\"https:\/\/movers-auto.md\/ro\/\",\"logo\":{\"@type\":\"ImageObject\",\"inLanguage\":\"ro-RO\",\"@id\":\"https:\/\/movers-auto.md\/ro\/#\/schema\/logo\/image\/\",\"url\":\"\/wp-content\/uploads\/2022\/08\/logo-1.png\",\"contentUrl\":\"\/wp-content\/uploads\/2022\/08\/logo-1.png\",\"width\":184,\"height\":44,\"caption\":\"Movers Auto MD\"},\"image\":{\"@id\":\"https:\/\/movers-auto.md\/ro\/#\/schema\/logo\/image\/\"}}]}<\/script>\n<!-- \/ Yoast SEO Premium plugin. -->","yoast_head_json":{"title":"Servicii de brokeraj vamal - movers-auto","description":"Servicii de brokeraj vamal: \u043e\u0440\u0433\u0430\u043d\u0438\u0437\u0430\u0446\u0438\u044f \u0434\u043e\u0441\u0442\u0430\u0432\u043a\u0438 \u0433\u0440\u0443\u0437\u043e\u0432 \u0432 \u043b\u044e\u0431\u0443\u044e \u0442\u043e\u0447\u043a\u0443 \u043c\u0438\u0440\u0430 \ud83d\ude9a \u0430\u0432\u0442\u043e\u043c\u043e\u0431\u0438\u043b\u044c\u043d\u044b\u043c, \ud83d\udea4 \u043c\u043e\u0440\u0441\u043a\u0438\u043c, \u2708 \u0430\u0432\u0438\u0430 \u0438 \ud83d\ude82 \u0436\u0435\u043b\u0435\u0437\u043d\u043e\u0434\u043e\u0440\u043e\u0436\u043d\u044b\u043c \u0442\u0440\u0430\u043d\u0441\u043f\u043e\u0440\u0442\u043e\u043c.","robots":{"index":"index","follow":"follow","max-snippet":"max-snippet:-1","max-image-preview":"max-image-preview:large","max-video-preview":"max-video-preview:-1"},"canonical":"https:\/\/movers-auto.md\/ro\/servicii-de-brokeraj-vamal\/","og_locale":"ro_RO","og_type":"article","og_title":"Servicii de brokeraj vamal","og_description":"Servicii de brokeraj vamal: \u043e\u0440\u0433\u0430\u043d\u0438\u0437\u0430\u0446\u0438\u044f \u0434\u043e\u0441\u0442\u0430\u0432\u043a\u0438 \u0433\u0440\u0443\u0437\u043e\u0432 \u0432 \u043b\u044e\u0431\u0443\u044e \u0442\u043e\u0447\u043a\u0443 \u043c\u0438\u0440\u0430 \ud83d\ude9a \u0430\u0432\u0442\u043e\u043c\u043e\u0431\u0438\u043b\u044c\u043d\u044b\u043c, \ud83d\udea4 \u043c\u043e\u0440\u0441\u043a\u0438\u043c, \u2708 \u0430\u0432\u0438\u0430 \u0438 \ud83d\ude82 \u0436\u0435\u043b\u0435\u0437\u043d\u043e\u0434\u043e\u0440\u043e\u0436\u043d\u044b\u043c \u0442\u0440\u0430\u043d\u0441\u043f\u043e\u0440\u0442\u043e\u043c.","og_url":"https:\/\/movers-auto.md\/ro\/servicii-de-brokeraj-vamal\/","og_site_name":"movers-auto","article_modified_time":"2022-09-20T11:28:17+00:00","og_image":[{"width":600,"height":390,"url":"https:\/\/movers-auto.md\/wp-content\/uploads\/2022\/09\/w6e6461-resize.jpg","type":"image\/jpeg"}],"twitter_card":"summary_large_image","twitter_misc":{"Timp estimat pentru citire":"6 minute"},"schema":{"@context":"https:\/\/schema.org","@graph":[{"@type":"WebPage","@id":"https:\/\/movers-auto.md\/ro\/servicii-de-brokeraj-vamal\/","url":"https:\/\/movers-auto.md\/ro\/servicii-de-brokeraj-vamal\/","name":"Servicii de brokeraj vamal - movers-auto","isPartOf":{"@id":"https:\/\/movers-auto.md\/ro\/#website"},"datePublished":"2022-09-03T07:22:09+00:00","dateModified":"2022-09-20T11:28:17+00:00","description":"Servicii de brokeraj vamal: \u043e\u0440\u0433\u0430\u043d\u0438\u0437\u0430\u0446\u0438\u044f \u0434\u043e\u0441\u0442\u0430\u0432\u043a\u0438 \u0433\u0440\u0443\u0437\u043e\u0432 \u0432 \u043b\u044e\u0431\u0443\u044e \u0442\u043e\u0447\u043a\u0443 \u043c\u0438\u0440\u0430 \ud83d\ude9a \u0430\u0432\u0442\u043e\u043c\u043e\u0431\u0438\u043b\u044c\u043d\u044b\u043c, \ud83d\udea4 \u043c\u043e\u0440\u0441\u043a\u0438\u043c, \u2708 \u0430\u0432\u0438\u0430 \u0438 \ud83d\ude82 \u0436\u0435\u043b\u0435\u0437\u043d\u043e\u0434\u043e\u0440\u043e\u0436\u043d\u044b\u043c \u0442\u0440\u0430\u043d\u0441\u043f\u043e\u0440\u0442\u043e\u043c.","breadcrumb":{"@id":"https:\/\/movers-auto.md\/ro\/servicii-de-brokeraj-vamal\/#breadcrumb"},"inLanguage":"ro-RO","potentialAction":[{"@type":"ReadAction","target":["https:\/\/movers-auto.md\/ro\/servicii-de-brokeraj-vamal\/"]}]},{"@type":"BreadcrumbList","@id":"https:\/\/movers-auto.md\/ro\/servicii-de-brokeraj-vamal\/#breadcrumb","itemListElement":[{"@type":"ListItem","position":1,"name":"Home","item":"https:\/\/movers-auto.md\/ro\/"},{"@type":"ListItem","position":2,"name":"Servicii de brokeraj vamal"}]},{"@type":"WebSite","@id":"https:\/\/movers-auto.md\/ro\/#website","url":"https:\/\/movers-auto.md\/ro\/","name":"movers-auto","description":"\u041c\u0435\u0436\u0434\u0443\u043d\u0430\u0440\u043e\u0434\u043d\u044b\u0435 \u0442\u0440\u0430\u043d\u0441\u043f\u043e\u0440\u0442\u043d\u044b\u0435 \u0443\u0441\u043b\u0443\u0433\u0438","publisher":{"@id":"https:\/\/movers-auto.md\/ro\/#organization"},"potentialAction":[{"@type":"SearchAction","target":{"@type":"EntryPoint","urlTemplate":"https:\/\/movers-auto.md\/ro\/?s={search_term_string}"},"query-input":{"@type":"PropertyValueSpecification","valueRequired":true,"valueName":"search_term_string"}}],"inLanguage":"ro-RO"},{"@type":"Organization","@id":"https:\/\/movers-auto.md\/ro\/#organization","name":"Movers Auto MD","url":"https:\/\/movers-auto.md\/ro\/","logo":{"@type":"ImageObject","inLanguage":"ro-RO","@id":"https:\/\/movers-auto.md\/ro\/#\/schema\/logo\/image\/","url":"\/wp-content\/uploads\/2022\/08\/logo-1.png","contentUrl":"\/wp-content\/uploads\/2022\/08\/logo-1.png","width":184,"height":44,"caption":"Movers Auto MD"},"image":{"@id":"https:\/\/movers-auto.md\/ro\/#\/schema\/logo\/image\/"}}]}},"_links":{"self":[{"href":"https:\/\/movers-auto.md\/ro\/wp-json\/wp\/v2\/pages\/1963","targetHints":{"allow":["GET"]}}],"collection":[{"href":"https:\/\/movers-auto.md\/ro\/wp-json\/wp\/v2\/pages"}],"about":[{"href":"https:\/\/movers-auto.md\/ro\/wp-json\/wp\/v2\/types\/page"}],"author":[{"embeddable":true,"href":"https:\/\/movers-auto.md\/ro\/wp-json\/wp\/v2\/users\/1"}],"replies":[{"embeddable":true,"href":"https:\/\/movers-auto.md\/ro\/wp-json\/wp\/v2\/comments?post=1963"}],"version-history":[{"count":0,"href":"https:\/\/movers-auto.md\/ro\/wp-json\/wp\/v2\/pages\/1963\/revisions"}],"wp:attachment":[{"href":"https:\/\/movers-auto.md\/ro\/wp-json\/wp\/v2\/media?parent=1963"}],"curies":[{"name":"wp","href":"https:\/\/api.w.org\/{rel}","templated":true}]}}