{"id":1957,"date":"2022-09-04T23:11:15","date_gmt":"2022-09-04T13:41:15","guid":{"rendered":"https:\/\/movers-auto.md\/locuri-de-munca-si-posturi-vacante-pentru-expeditorii-de-marfuri\/"},"modified":"2022-09-20T13:39:07","modified_gmt":"2022-09-20T10:39:07","slug":"locuri-de-munca-si-posturi-vacante-pentru-expeditorii-de-marfuri","status":"publish","type":"page","link":"https:\/\/movers-auto.md\/ro\/locuri-de-munca-si-posturi-vacante-pentru-expeditorii-de-marfuri\/","title":{"rendered":"Locuri de munc\u0103 \u0219i posturi vacante pentru expeditorii de m\u0103rfuri"},"content":{"rendered":"\n<h3 class=\"wp-block-heading\">Oferim locuri de munc\u0103 \u00een cadrul unei companii de expedi\u021bie de m\u0103rfuri din Moldova \u00een Chi\u0219in\u0103u \u0219i Tiraspol.<\/h3>\n\n\n\n<p><strong>Compania solicit\u0103 candidaturi pentru posturi vacante \u00een cadrul departamentului de v\u00e2nz\u0103ri pentru servicii de transport \u0219i logistic\u0103.<\/strong>&nbsp;Responsabilit\u0103\u021bi: &#8211; organizarea \u0219i controlul departamentului de v\u00e2nz\u0103ri &#8211; c\u0103utarea \u0219i atragerea activ\u0103 a poten\u021bialilor clien\u021bi; &#8211; negocierea; &#8211; comandarea clien\u021bilor; &#8211; rezolvarea conflictelor cu clien\u021bii; extinderea pie\u021bei de servicii de expedi\u021bie de m\u0103rfuri.<br><strong>Cerin\u021be pentru solicitan\u021bi:<\/strong>&nbsp;\u2014 studii economice superioare &#8211; cuno\u0219tin\u021be bune de limba rom\u00e2n\u0103, rus\u0103 &#8211; experien\u021b\u0103 \u00een domeniul serviciilor de transport &#8211; cunoa\u0219terea limbilor str\u0103ine este binevenit\u0103 &#8211; compania ofer\u0103 o baz\u0103 de proprietari de marf\u0103, zilnic se primesc noi oferte de marf\u0103 de la proprietari de marf\u0103 din toate \u021b\u0103rile. Condi\u021bii de plat\u0103 convenabile \u0219i avantajoase.<\/p>\n\n\n\n<ul class=\"wp-block-list\"><li>C\u0103ut\u0103m: manageri de transport rutier interna\u021bional.<\/li><li>manager pentru transportul maritim \u0219i de containere.<\/li><li>manager pentru grupaj, \u00eenc\u0103rc\u0103turi par\u021biale<\/li><\/ul>\n\n\n\n<p><strong>Deschide\u021bi sucursale \u00een Moldova.<\/strong><\/p>\n\n\n\n<p>Compania de expedi\u021bii Movers-auto-Intertransport, invit\u0103 la deschiderea de filiale, invit\u0103m la colaborare manageri, dispeceri cu experien\u021b\u0103 \u00een expedi\u021bii interna\u021bionale.<\/p>\n\n\n\n<p>Sunte\u021bi \u00een Cahul, B\u0103l\u021bi, Taraclia sau \u00een alt ora\u0219 din Moldova sau Ucraina.<\/p>\n\n\n\n<p><strong>NU PIERDE TIMPUL &#8211; Ai experien\u021b\u0103 de expedi\u021bie, cau\u021bi condi\u021bii mai bune, e timpul s\u0103 faci bani!<\/strong><\/p>\n\n\n\n<p>-Pentru cei care doresc s\u0103 \u00eenve\u021be cum s\u0103 lucreze ca expeditor de m\u0103rfuri, oferim un program de formare. Sprijin \u0219i asisten\u021b\u0103 \u00een ceea ce prive\u0219te tranzac\u021biile \u0219i contractele.<br>-Managerii de transport de marf\u0103 ai companiilor noastre au apreciat deja oportunitatea de a c\u00e2\u0219tiga bani folosind resursele noastre de informa\u021bii, baza noastr\u0103 de clien\u021bi \u0219i o publicitate excelent\u0103 pentru a atrage proprietarii \u0219i transportatorii de marf\u0103. Comisioanele sunt un secret de serviciu, dar unii manageri care lucreaz\u0103 \u00een mod activ \u00ee\u0219i aduc propriile ma\u0219ini la serviciu.<br>Folosindu-v\u0103 de experien\u021ba companiei \u0219i de experien\u021ba personalului \u00een desf\u0103\u0219urarea serviciilor de transport interna\u021bional de m\u0103rfuri, ave\u021bi avantajul de a lucra cu noi \u00een sensul c\u0103<br>-Nu trebuie s\u0103 v\u0103 ocupa\u021bi de h\u00e2r\u021bog\u0103raia pentru tranzac\u021bii;<br>-Asisten\u021b\u0103 contabil\u0103 pentru toate procesele monetare, deservirea tranzac\u021biilor \u00een orice moned\u0103, orice form\u0103 de plat\u0103;<br>-Plata dob\u00e2nzii la finalizarea tranzac\u021biilor. Interesul se discut\u0103 individual (\u00een func\u021bie de experien\u021b\u0103).<br>-Informa\u021bii complete, publicitate, postarea datelor de contact ale fiec\u0103rui angajat din re\u021beaua de agen\u021bi de expedi\u021bie pe resursele de internet ale companiei.<\/p>\n\n\n\n<p><strong>Ofer\u0103 o baz\u0103 de date mare de proprietari \u0219i transportatori de marf\u0103, contacte deschise doar pentru parteneri \u0219i manageri de companii.<\/strong><br>-Monitorizarea tuturor clien\u021bilor pentru integritate \u0219i solvabilitate, sus\u021binerea tranzac\u021biilor pentru securitate \u0219i controlul pl\u0103\u021bilor;<br>&#8211; Servicii juridice pe cheltuiala companiei, dac\u0103 este necesar, consultan\u021b\u0103 privind transportul.<br>-Func\u021bii de curierat, deplas\u0103ri la clien\u021bi, transfer de documente, emitere \u0219i expediere de scrisori de tr\u0103sur\u0103, tranzac\u021bii bancare.<br>-Furnizarea exclusiv\u0103 de publicitate a informa\u021biilor privind m\u0103rfurile (proprietarii de m\u0103rfuri) \u0219i transportatorii pentru fiecare dispecer-logistician.&nbsp;<strong>Informa\u021biile sunt furnizate online pe baza uria\u0219ei baze de date existente a proprietarilor de m\u0103rfuri, actualizat\u0103 \u00een fiecare minut, cu informa\u021bii \u00een timp real despre m\u0103rfuri.<\/strong><br>-Nu trebuie s\u0103 v\u0103 ocupa\u021bi de \u00eenregistrarea companiei, de conturi, de banc\u0103, de taxe, de h\u00e2rtii, de costuri de publicitate \u0219i de un curier pentru a v\u0103 trimite coresponden\u021ba!<br>-Ne asum\u0103m acest lucru ca partener de \u00eencredere \u00een activitatea comun\u0103 de transport \u0219i expediere de m\u0103rfuri.<br>-V\u0103 dorim o colaborare fructuoas\u0103, a\u0219tept\u0103m cu ner\u0103bdare propunerile dumneavoastr\u0103 \u0219i v\u0103 vor pl\u0103cea condi\u021biile noastre.<br>Suna\u021bi la +373 68677712. scrie\u021bi :&nbsp;<a href=\"mailto:moversauto@gmail.com\">moversauto@gmail.com<\/a>&nbsp;Trimite\u021bi \u00eentreb\u0103rile dvs. prin intermediul formularului<\/p>\n","protected":false},"excerpt":{"rendered":"<p>Oferim locuri de munc\u0103 \u00een cadrul unei companii de expedi\u021bie de m\u0103rfuri din Moldova \u00een Chi\u0219in\u0103u \u0219i Tiraspol. Compania solicit\u0103 candidaturi pentru posturi vacante \u00een cadrul departamentului de v\u00e2nz\u0103ri pentru servicii de transport \u0219i logistic\u0103.&nbsp;Responsabilit\u0103\u021bi: &#8211; organizarea \u0219i controlul departamentului de v\u00e2nz\u0103ri &#8211; c\u0103utarea \u0219i atragerea activ\u0103 a poten\u021bialilor clien\u021bi; &#8211; negocierea; &#8211; comandarea clien\u021bilor; [&hellip;]<\/p>\n","protected":false},"author":1,"featured_media":0,"parent":0,"menu_order":0,"comment_status":"closed","ping_status":"closed","template":"template\/about.php","meta":{"_acf_changed":false,"footnotes":""},"class_list":["post-1957","page","type-page","status-publish","hentry"],"acf":[],"yoast_head":"<!-- This site is optimized with the Yoast SEO Premium plugin v25.8 (Yoast SEO v25.8) - https:\/\/yoast.com\/wordpress\/plugins\/seo\/ -->\n<title>Locuri de munc\u0103 \u0219i posturi vacante pentru expeditorii de m\u0103rfuri - movers-auto<\/title>\n<meta name=\"description\" content=\"Locuri de munc\u0103 \u0219i posturi vacante pentru expeditorii de m\u0103rfuri: \u043e\u0440\u0433\u0430\u043d\u0438\u0437\u0430\u0446\u0438\u044f \u0434\u043e\u0441\u0442\u0430\u0432\u043a\u0438 \u0433\u0440\u0443\u0437\u043e\u0432 \u0432 \u043b\u044e\u0431\u0443\u044e \u0442\u043e\u0447\u043a\u0443 \u043c\u0438\u0440\u0430 \ud83d\ude9a \u0430\u0432\u0442\u043e\u043c\u043e\u0431\u0438\u043b\u044c\u043d\u044b\u043c, \ud83d\udea4 \u043c\u043e\u0440\u0441\u043a\u0438\u043c, \u2708 \u0430\u0432\u0438\u0430 \u0438 \ud83d\ude82 \u0436\u0435\u043b\u0435\u0437\u043d\u043e\u0434\u043e\u0440\u043e\u0436\u043d\u044b\u043c \u0442\u0440\u0430\u043d\u0441\u043f\u043e\u0440\u0442\u043e\u043c.\" \/>\n<meta name=\"robots\" content=\"index, follow, max-snippet:-1, max-image-preview:large, max-video-preview:-1\" \/>\n<link rel=\"canonical\" href=\"https:\/\/movers-auto.md\/ro\/locuri-de-munca-si-posturi-vacante-pentru-expeditorii-de-marfuri\/\" \/>\n<meta property=\"og:locale\" content=\"ro_RO\" \/>\n<meta property=\"og:type\" content=\"article\" \/>\n<meta property=\"og:title\" content=\"Locuri de munc\u0103 \u0219i posturi vacante pentru expeditorii de m\u0103rfuri\" \/>\n<meta property=\"og:description\" content=\"Locuri de munc\u0103 \u0219i posturi vacante pentru expeditorii de m\u0103rfuri: \u043e\u0440\u0433\u0430\u043d\u0438\u0437\u0430\u0446\u0438\u044f \u0434\u043e\u0441\u0442\u0430\u0432\u043a\u0438 \u0433\u0440\u0443\u0437\u043e\u0432 \u0432 \u043b\u044e\u0431\u0443\u044e \u0442\u043e\u0447\u043a\u0443 \u043c\u0438\u0440\u0430 \ud83d\ude9a \u0430\u0432\u0442\u043e\u043c\u043e\u0431\u0438\u043b\u044c\u043d\u044b\u043c, \ud83d\udea4 \u043c\u043e\u0440\u0441\u043a\u0438\u043c, \u2708 \u0430\u0432\u0438\u0430 \u0438 \ud83d\ude82 \u0436\u0435\u043b\u0435\u0437\u043d\u043e\u0434\u043e\u0440\u043e\u0436\u043d\u044b\u043c \u0442\u0440\u0430\u043d\u0441\u043f\u043e\u0440\u0442\u043e\u043c.\" \/>\n<meta property=\"og:url\" content=\"https:\/\/movers-auto.md\/ro\/locuri-de-munca-si-posturi-vacante-pentru-expeditorii-de-marfuri\/\" \/>\n<meta property=\"og:site_name\" content=\"movers-auto\" \/>\n<meta property=\"article:modified_time\" content=\"2022-09-20T10:39:07+00:00\" \/>\n<meta property=\"og:image\" content=\"https:\/\/movers-auto.md\/wp-content\/uploads\/2022\/09\/w6e6461-resize.jpg\" \/>\n\t<meta property=\"og:image:width\" content=\"600\" \/>\n\t<meta property=\"og:image:height\" content=\"390\" \/>\n\t<meta property=\"og:image:type\" content=\"image\/jpeg\" \/>\n<meta name=\"twitter:card\" content=\"summary_large_image\" \/>\n<meta name=\"twitter:label1\" content=\"Timp estimat pentru citire\" \/>\n\t<meta name=\"twitter:data1\" content=\"3 minute\" \/>\n<script type=\"application\/ld+json\" class=\"yoast-schema-graph\">{\"@context\":\"https:\/\/schema.org\",\"@graph\":[{\"@type\":\"WebPage\",\"@id\":\"https:\/\/movers-auto.md\/ro\/locuri-de-munca-si-posturi-vacante-pentru-expeditorii-de-marfuri\/\",\"url\":\"https:\/\/movers-auto.md\/ro\/locuri-de-munca-si-posturi-vacante-pentru-expeditorii-de-marfuri\/\",\"name\":\"Locuri de munc\u0103 \u0219i posturi vacante pentru expeditorii de m\u0103rfuri - movers-auto\",\"isPartOf\":{\"@id\":\"https:\/\/movers-auto.md\/ro\/#website\"},\"datePublished\":\"2022-09-04T13:41:15+00:00\",\"dateModified\":\"2022-09-20T10:39:07+00:00\",\"description\":\"Locuri de munc\u0103 \u0219i posturi vacante pentru expeditorii de m\u0103rfuri: \u043e\u0440\u0433\u0430\u043d\u0438\u0437\u0430\u0446\u0438\u044f \u0434\u043e\u0441\u0442\u0430\u0432\u043a\u0438 \u0433\u0440\u0443\u0437\u043e\u0432 \u0432 \u043b\u044e\u0431\u0443\u044e \u0442\u043e\u0447\u043a\u0443 \u043c\u0438\u0440\u0430 \ud83d\ude9a \u0430\u0432\u0442\u043e\u043c\u043e\u0431\u0438\u043b\u044c\u043d\u044b\u043c, \ud83d\udea4 \u043c\u043e\u0440\u0441\u043a\u0438\u043c, \u2708 \u0430\u0432\u0438\u0430 \u0438 \ud83d\ude82 \u0436\u0435\u043b\u0435\u0437\u043d\u043e\u0434\u043e\u0440\u043e\u0436\u043d\u044b\u043c \u0442\u0440\u0430\u043d\u0441\u043f\u043e\u0440\u0442\u043e\u043c.\",\"breadcrumb\":{\"@id\":\"https:\/\/movers-auto.md\/ro\/locuri-de-munca-si-posturi-vacante-pentru-expeditorii-de-marfuri\/#breadcrumb\"},\"inLanguage\":\"ro-RO\",\"potentialAction\":[{\"@type\":\"ReadAction\",\"target\":[\"https:\/\/movers-auto.md\/ro\/locuri-de-munca-si-posturi-vacante-pentru-expeditorii-de-marfuri\/\"]}]},{\"@type\":\"BreadcrumbList\",\"@id\":\"https:\/\/movers-auto.md\/ro\/locuri-de-munca-si-posturi-vacante-pentru-expeditorii-de-marfuri\/#breadcrumb\",\"itemListElement\":[{\"@type\":\"ListItem\",\"position\":1,\"name\":\"Home\",\"item\":\"https:\/\/movers-auto.md\/ro\/glavnaya\/\"},{\"@type\":\"ListItem\",\"position\":2,\"name\":\"Locuri de munc\u0103 \u0219i posturi vacante pentru expeditorii de m\u0103rfuri\"}]},{\"@type\":\"WebSite\",\"@id\":\"https:\/\/movers-auto.md\/ro\/#website\",\"url\":\"https:\/\/movers-auto.md\/ro\/\",\"name\":\"movers-auto\",\"description\":\"\u041c\u0435\u0436\u0434\u0443\u043d\u0430\u0440\u043e\u0434\u043d\u044b\u0435 \u0442\u0440\u0430\u043d\u0441\u043f\u043e\u0440\u0442\u043d\u044b\u0435 \u0443\u0441\u043b\u0443\u0433\u0438\",\"publisher\":{\"@id\":\"https:\/\/movers-auto.md\/ro\/#organization\"},\"potentialAction\":[{\"@type\":\"SearchAction\",\"target\":{\"@type\":\"EntryPoint\",\"urlTemplate\":\"https:\/\/movers-auto.md\/ro\/?s={search_term_string}\"},\"query-input\":{\"@type\":\"PropertyValueSpecification\",\"valueRequired\":true,\"valueName\":\"search_term_string\"}}],\"inLanguage\":\"ro-RO\"},{\"@type\":\"Organization\",\"@id\":\"https:\/\/movers-auto.md\/ro\/#organization\",\"name\":\"Movers Auto MD\",\"url\":\"https:\/\/movers-auto.md\/ro\/\",\"logo\":{\"@type\":\"ImageObject\",\"inLanguage\":\"ro-RO\",\"@id\":\"https:\/\/movers-auto.md\/ro\/#\/schema\/logo\/image\/\",\"url\":\"\/wp-content\/uploads\/2022\/08\/logo-1.png\",\"contentUrl\":\"\/wp-content\/uploads\/2022\/08\/logo-1.png\",\"width\":184,\"height\":44,\"caption\":\"Movers Auto MD\"},\"image\":{\"@id\":\"https:\/\/movers-auto.md\/ro\/#\/schema\/logo\/image\/\"}}]}<\/script>\n<!-- \/ Yoast SEO Premium plugin. -->","yoast_head_json":{"title":"Locuri de munc\u0103 \u0219i posturi vacante pentru expeditorii de m\u0103rfuri - movers-auto","description":"Locuri de munc\u0103 \u0219i posturi vacante pentru expeditorii de m\u0103rfuri: \u043e\u0440\u0433\u0430\u043d\u0438\u0437\u0430\u0446\u0438\u044f \u0434\u043e\u0441\u0442\u0430\u0432\u043a\u0438 \u0433\u0440\u0443\u0437\u043e\u0432 \u0432 \u043b\u044e\u0431\u0443\u044e \u0442\u043e\u0447\u043a\u0443 \u043c\u0438\u0440\u0430 \ud83d\ude9a \u0430\u0432\u0442\u043e\u043c\u043e\u0431\u0438\u043b\u044c\u043d\u044b\u043c, \ud83d\udea4 \u043c\u043e\u0440\u0441\u043a\u0438\u043c, \u2708 \u0430\u0432\u0438\u0430 \u0438 \ud83d\ude82 \u0436\u0435\u043b\u0435\u0437\u043d\u043e\u0434\u043e\u0440\u043e\u0436\u043d\u044b\u043c \u0442\u0440\u0430\u043d\u0441\u043f\u043e\u0440\u0442\u043e\u043c.","robots":{"index":"index","follow":"follow","max-snippet":"max-snippet:-1","max-image-preview":"max-image-preview:large","max-video-preview":"max-video-preview:-1"},"canonical":"https:\/\/movers-auto.md\/ro\/locuri-de-munca-si-posturi-vacante-pentru-expeditorii-de-marfuri\/","og_locale":"ro_RO","og_type":"article","og_title":"Locuri de munc\u0103 \u0219i posturi vacante pentru expeditorii de m\u0103rfuri","og_description":"Locuri de munc\u0103 \u0219i posturi vacante pentru expeditorii de m\u0103rfuri: \u043e\u0440\u0433\u0430\u043d\u0438\u0437\u0430\u0446\u0438\u044f \u0434\u043e\u0441\u0442\u0430\u0432\u043a\u0438 \u0433\u0440\u0443\u0437\u043e\u0432 \u0432 \u043b\u044e\u0431\u0443\u044e \u0442\u043e\u0447\u043a\u0443 \u043c\u0438\u0440\u0430 \ud83d\ude9a \u0430\u0432\u0442\u043e\u043c\u043e\u0431\u0438\u043b\u044c\u043d\u044b\u043c, \ud83d\udea4 \u043c\u043e\u0440\u0441\u043a\u0438\u043c, \u2708 \u0430\u0432\u0438\u0430 \u0438 \ud83d\ude82 \u0436\u0435\u043b\u0435\u0437\u043d\u043e\u0434\u043e\u0440\u043e\u0436\u043d\u044b\u043c \u0442\u0440\u0430\u043d\u0441\u043f\u043e\u0440\u0442\u043e\u043c.","og_url":"https:\/\/movers-auto.md\/ro\/locuri-de-munca-si-posturi-vacante-pentru-expeditorii-de-marfuri\/","og_site_name":"movers-auto","article_modified_time":"2022-09-20T10:39:07+00:00","og_image":[{"width":600,"height":390,"url":"https:\/\/movers-auto.md\/wp-content\/uploads\/2022\/09\/w6e6461-resize.jpg","type":"image\/jpeg"}],"twitter_card":"summary_large_image","twitter_misc":{"Timp estimat pentru citire":"3 minute"},"schema":{"@context":"https:\/\/schema.org","@graph":[{"@type":"WebPage","@id":"https:\/\/movers-auto.md\/ro\/locuri-de-munca-si-posturi-vacante-pentru-expeditorii-de-marfuri\/","url":"https:\/\/movers-auto.md\/ro\/locuri-de-munca-si-posturi-vacante-pentru-expeditorii-de-marfuri\/","name":"Locuri de munc\u0103 \u0219i posturi vacante pentru expeditorii de m\u0103rfuri - movers-auto","isPartOf":{"@id":"https:\/\/movers-auto.md\/ro\/#website"},"datePublished":"2022-09-04T13:41:15+00:00","dateModified":"2022-09-20T10:39:07+00:00","description":"Locuri de munc\u0103 \u0219i posturi vacante pentru expeditorii de m\u0103rfuri: \u043e\u0440\u0433\u0430\u043d\u0438\u0437\u0430\u0446\u0438\u044f \u0434\u043e\u0441\u0442\u0430\u0432\u043a\u0438 \u0433\u0440\u0443\u0437\u043e\u0432 \u0432 \u043b\u044e\u0431\u0443\u044e \u0442\u043e\u0447\u043a\u0443 \u043c\u0438\u0440\u0430 \ud83d\ude9a \u0430\u0432\u0442\u043e\u043c\u043e\u0431\u0438\u043b\u044c\u043d\u044b\u043c, \ud83d\udea4 \u043c\u043e\u0440\u0441\u043a\u0438\u043c, \u2708 \u0430\u0432\u0438\u0430 \u0438 \ud83d\ude82 \u0436\u0435\u043b\u0435\u0437\u043d\u043e\u0434\u043e\u0440\u043e\u0436\u043d\u044b\u043c \u0442\u0440\u0430\u043d\u0441\u043f\u043e\u0440\u0442\u043e\u043c.","breadcrumb":{"@id":"https:\/\/movers-auto.md\/ro\/locuri-de-munca-si-posturi-vacante-pentru-expeditorii-de-marfuri\/#breadcrumb"},"inLanguage":"ro-RO","potentialAction":[{"@type":"ReadAction","target":["https:\/\/movers-auto.md\/ro\/locuri-de-munca-si-posturi-vacante-pentru-expeditorii-de-marfuri\/"]}]},{"@type":"BreadcrumbList","@id":"https:\/\/movers-auto.md\/ro\/locuri-de-munca-si-posturi-vacante-pentru-expeditorii-de-marfuri\/#breadcrumb","itemListElement":[{"@type":"ListItem","position":1,"name":"Home","item":"https:\/\/movers-auto.md\/ro\/glavnaya\/"},{"@type":"ListItem","position":2,"name":"Locuri de munc\u0103 \u0219i posturi vacante pentru expeditorii de m\u0103rfuri"}]},{"@type":"WebSite","@id":"https:\/\/movers-auto.md\/ro\/#website","url":"https:\/\/movers-auto.md\/ro\/","name":"movers-auto","description":"\u041c\u0435\u0436\u0434\u0443\u043d\u0430\u0440\u043e\u0434\u043d\u044b\u0435 \u0442\u0440\u0430\u043d\u0441\u043f\u043e\u0440\u0442\u043d\u044b\u0435 \u0443\u0441\u043b\u0443\u0433\u0438","publisher":{"@id":"https:\/\/movers-auto.md\/ro\/#organization"},"potentialAction":[{"@type":"SearchAction","target":{"@type":"EntryPoint","urlTemplate":"https:\/\/movers-auto.md\/ro\/?s={search_term_string}"},"query-input":{"@type":"PropertyValueSpecification","valueRequired":true,"valueName":"search_term_string"}}],"inLanguage":"ro-RO"},{"@type":"Organization","@id":"https:\/\/movers-auto.md\/ro\/#organization","name":"Movers Auto MD","url":"https:\/\/movers-auto.md\/ro\/","logo":{"@type":"ImageObject","inLanguage":"ro-RO","@id":"https:\/\/movers-auto.md\/ro\/#\/schema\/logo\/image\/","url":"\/wp-content\/uploads\/2022\/08\/logo-1.png","contentUrl":"\/wp-content\/uploads\/2022\/08\/logo-1.png","width":184,"height":44,"caption":"Movers Auto MD"},"image":{"@id":"https:\/\/movers-auto.md\/ro\/#\/schema\/logo\/image\/"}}]}},"_links":{"self":[{"href":"https:\/\/movers-auto.md\/ro\/wp-json\/wp\/v2\/pages\/1957","targetHints":{"allow":["GET"]}}],"collection":[{"href":"https:\/\/movers-auto.md\/ro\/wp-json\/wp\/v2\/pages"}],"about":[{"href":"https:\/\/movers-auto.md\/ro\/wp-json\/wp\/v2\/types\/page"}],"author":[{"embeddable":true,"href":"https:\/\/movers-auto.md\/ro\/wp-json\/wp\/v2\/users\/1"}],"replies":[{"embeddable":true,"href":"https:\/\/movers-auto.md\/ro\/wp-json\/wp\/v2\/comments?post=1957"}],"version-history":[{"count":0,"href":"https:\/\/movers-auto.md\/ro\/wp-json\/wp\/v2\/pages\/1957\/revisions"}],"wp:attachment":[{"href":"https:\/\/movers-auto.md\/ro\/wp-json\/wp\/v2\/media?parent=1957"}],"curies":[{"name":"wp","href":"https:\/\/api.w.org\/{rel}","templated":true}]}}