{"id":1956,"date":"2022-09-10T13:22:15","date_gmt":"2022-09-10T03:52:15","guid":{"rendered":"https:\/\/movers-auto.md\/reguli-pentru-un-transport-sigur\/"},"modified":"2022-09-20T14:27:57","modified_gmt":"2022-09-20T11:27:57","slug":"reguli-pentru-un-transport-sigur","status":"publish","type":"page","link":"https:\/\/movers-auto.md\/ro\/reguli-pentru-un-transport-sigur\/","title":{"rendered":"Reguli pentru un transport sigur"},"content":{"rendered":"\n<p><strong>Prevenirea furtului de m\u0103rfuri \u00een cazul transporturilor interna\u021bionale de m\u0103rfuri. Ce ar trebui s\u0103 \u0219tie \u0219i s\u0103 fac\u0103 un proprietar de marf\u0103 pentru a-\u0219i proteja marfa de activit\u0103\u021bi frauduloase.<\/strong><br>Transportul interna\u021bional de m\u0103rfuri este un proces complex care implic\u0103 zeci de actori diferi\u021bi: manageri de expedi\u021bie \u0219i dispeceri ai companiilor de transport, \u0219oferi, expeditori etc. Fiecare dintre ei, av\u00e2nd informa\u021bii despre un transport de marf\u0103 valoroas\u0103 \u00een preg\u0103tire, cunosc\u00e2nd \u00een detaliu ruta de livrare \u0219i &#8222;mecanismele interne&#8221; ale procesului de transport, poate deveni participant la o schem\u0103 infrac\u021bional\u0103 al c\u0103rei scop final este furtul de marf\u0103.<\/p>\n\n\n\n<p>De asemenea, merit\u0103 s\u0103 ne amintim c\u0103 exist\u0103 escroci profesioni\u0219ti care folosesc cele mai sofisticate metode pentru a fura marf\u0103 \u00een orice etap\u0103 a procesului de transport &#8211; la \u00eenc\u0103rcare, la ie\u0219irea din depozit sau \u00een tranzit. Este naiv s\u0103 crezi c\u0103, dac\u0103 g\u0103se\u0219ti un transportator online sau prin intermediul unui anun\u021b \u0219i dai o comand\u0103 de transport de marf\u0103, proprietarul m\u0103rfii poate a\u0219tepta \u00een siguran\u021b\u0103 ca aceasta s\u0103 ajung\u0103 la destina\u021bie.<\/p>\n\n\n\n<p>Pentru ca acest lucru s\u0103 nu se \u00eent\u00e2mple \u0219i pentru a v\u0103 proteja c\u00e2t mai bine \u00eenc\u0103rc\u0103tura de intru\u0219i, \u00eei sf\u0103tuim cu t\u0103rie pe proprietarii de m\u0103rfuri s\u0103 ia urm\u0103toarele m\u0103suri de precau\u021bie.<\/p>\n\n\n\n<h3 class=\"wp-block-heading\">Sfaturi pentru proprietarii de m\u0103rfuri de la transportatori interna\u021bionali profesioni\u0219ti \u0219i cu experien\u021b\u0103.<\/h3>\n\n\n\n<p>1)&nbsp;<strong>\u00cen etapa de c\u0103utare a unui transportator sau a unei companii de transport<\/strong>&nbsp;pe internet sau prin intermediul altor resurse. De unde \u0219ti\u021bi c\u0103 o companie de transport sau de expediere de marf\u0103 real\u0103 \u0219i de \u00eencredere v\u0103 ofer\u0103 servicii, \u0219i nu o &#8222;companie de fa\u021bad\u0103&#8221; care vrea s\u0103 v\u0103 ia marfa \u0219i s\u0103 fug\u0103?<\/p>\n\n\n\n<p>Cere\u021bi personalului dumneavoastr\u0103 s\u0103 verifice cu aten\u021bie toate informa\u021biile disponibile despre transportatorul care \u00ee\u0219i ofer\u0103 serviciile. Efectua\u021bi o monitorizare am\u0103nun\u021bit\u0103 pe Google, Yandex, pe site-urile transportatorilor profesioni\u0219ti, \u00een special pe listele negre ale escrocilor care au &#8222;\u00een\u0219elat&#8221; anterior al\u021bi clien\u021bi. Apel c\u0103tre&nbsp;<a href=\"https:\/\/movers-auto.md\/assocziaczii-mezhdunarodnyh-avto-perevozchikov\/\">asocia\u021bia transportatorilor<\/a><a href=\"https:\/\/movers-auto.md\/ru\/uslugi-perevozki-i-transport\/assotsiatsii-mezhdunarodnyih-avto-perevozchikov.html\">&nbsp;<\/a>, care este disponibil \u00een fiecare \u021bar\u0103, de exemplu AITA, ASMAP, BAMAP, din \u021bara de care apar\u021bine \u00eentreprinderea de transport. Experien\u021ba unei companii de transport sau de expedi\u021bie, care se pozi\u021bioneaz\u0103 ca un performer de calitate, nu poate fi mai mic\u0103 de 5-7 ani. \u00cen caz contrar, este posibil ca experien\u021ba s\u0103 nu fie suficient\u0103 pentru un transport de calitate \u0219i sigur.<\/p>\n\n\n\n<p>V\u0103 rug\u0103m s\u0103 re\u021bine\u021bi dac\u0103 societatea de transport are un site web activ. Evalua\u021bi calitatea \u0219i caracterul complet al informa\u021biilor furnizate despre companie: detalii, numere de telefon, numele conducerii, feedback de la clien\u021bii anteriori. Nu uita\u021bi c\u0103 crearea unui &#8222;site fals&#8221; de o pagin\u0103 \u0219i g\u0103zduirea gratuit\u0103 a acestuia nu reprezint\u0103 o problem\u0103 pentru infractori, ace\u0219tia put\u00e2nd avea mai multe astfel de site-uri simultan!<\/p>\n\n\n\n<p>2)<strong>&nbsp;\u00cen etapa \u00een care se convine asupra transportului de m\u0103rfuri.<\/strong><\/p>\n\n\n\n<p>Solicita\u021bi copii ale datelor de \u00eenregistrare originale ale companiei de transport cu codul fiscal. Solicita\u021bi copii ale carnetului TIR, foilor de parcurs CMR, asigur\u0103rii CMR valabile un an, fi\u0219elor tehnice ale vehiculelor, licen\u021bei de transport interna\u021bional de m\u0103rfuri valabile.<\/p>\n\n\n\n<p>Solicita\u021bi o traducere a tuturor documentelor oficiale, \u00een cazul \u00een care societatea este \u00eenregistrat\u0103 \u00een alt\u0103 \u021bar\u0103. Cere\u021bi scrisori de recomandare de la al\u021bi clien\u021bi, asigur\u00e2ndu-v\u0103 c\u0103 nu sunt false. Asigura\u021bi-v\u0103 c\u0103 firma de transport are o asigurare obligatorie de r\u0103spundere civil\u0103 a transportatorului sau a expeditorului de m\u0103rfuri \u0219i furniza\u021bi o poli\u021b\u0103 de asigurare.<\/p>\n\n\n\n<p>Este recomandabil s\u0103 efectua\u021bi apeluri de pe un telefon fix. Nu uita\u021bi c\u0103 un telefon mobil poate fi \u00eentotdeauna \u00eenchis \u0219i aruncat.<\/p>\n\n\n\n<p>Numai dup\u0103 ce v-a\u021bi luat aceste m\u0103suri de precau\u021bie pute\u021bi \u00eencheia un contract de transport de m\u0103rfuri, amintindu-v\u0103 s\u0103 \u00eel da\u021bi unui avocat pentru evaluare \u0219i s\u0103 verifica\u021bi din nou datele \u0219i alte detalii ale firmei de transport sau de expedi\u021bie de la care inten\u021biona\u021bi s\u0103 comanda\u021bi transportul.<\/p>\n\n\n\n<p>3)<strong>&nbsp;\u00cen timpul fazei de \u00eenc\u0103rcare, \u00eenainte ca vehiculul s\u0103 fie \u00eenc\u0103rcat, camionul este \u00eenc\u0103rcat cu marf\u0103.<\/strong>&nbsp;Expeditorul sau reprezentantul acestuia trebuie s\u0103 \u00eei furnizeze personal expeditorului detaliile camionului care urmeaz\u0103 s\u0103 fie \u00eenc\u0103rcat: pl\u0103cu\u021bele de \u00eenmatriculare, copii ale fi\u0219elor tehnice ale vehiculului, numele companiei de transport, o copie a permisului de conducere. Nu uita\u021bi c\u0103 autocamionul poate fi \u00eenlocuit numai \u00een urma unei confirm\u0103ri scrise din partea proprietarului autocamionului. Odat\u0103 ce toate documentele au fost acceptate de c\u0103tre expeditor, este posibil s\u0103 se dea &#8222;permisiunea&#8221; ca \u00eenc\u0103rc\u0103tura s\u0103 fie \u00eenc\u0103rcat\u0103 \u00een camion.<\/p>\n\n\n\n<p>4)&nbsp;<strong>\u00cen etapa \u00een care transportul este \u00een drum spre destina\u021bie.<\/strong><\/p>\n\n\n\n<p>Solicita\u021bi companiei de transport pe care a\u021bi contractat-o pentru a v\u0103 transporta bunurile de valoare s\u0103 fie \u00eenso\u021bit\u0103 de un expeditor de m\u0103rfuri, care trebuie s\u0103 fie prezent \u0219i s\u0103 raporteze starea bunurilor \u00een toate etapele c\u0103l\u0103toriei: \u00eenc\u0103rcare, transbordare la punctul de transfer, reambalare \u0219i livrare final\u0103 a transportului.<\/p>\n\n\n\n<p>V\u0103 rug\u0103m s\u0103 re\u021bine\u021bi c\u0103 transportul modern de m\u0103rfuri interna\u021bionale trebuie s\u0103 fie echipat cu sisteme de urm\u0103rire prin satelit care v\u0103 permit s\u0103 monitoriza\u021bi mi\u0219carea camionului \u0219i starea \u00eenc\u0103rc\u0103turii, 24 de ore pe zi. Dispecerul companiei de expedi\u021bie poate raporta zilnic loca\u021bia camionului \u0219i a \u00eenc\u0103rc\u0103turii dumneavoastr\u0103.<\/p>\n\n\n\n<p><strong>&nbsp;Recomand\u0103ri generale pentru prevenirea furtului de m\u0103rfuri \u00een transportul interna\u021bional.<\/strong><\/p>\n\n\n\n<ul class=\"wp-block-list\"><li>Asigura\u021bi-v\u0103 c\u0103 v\u0103 asigura\u021bi transportul pentru \u00eentreaga durat\u0103 a c\u0103l\u0103toriei &#8211; compania de transport ar trebui s\u0103 v\u0103 poat\u0103 sf\u0103tui \u00een acest sens..<\/li><li>Lucra\u021bi numai \u00een baza unui contract care s\u0103 precizeze clar toate responsabilit\u0103\u021bile \u0219i obliga\u021biile p\u0103r\u021bilor. Cere\u021bi copii ale tuturor documentelor de transport &#8211; documentele vehiculului (copii).<\/li><li>Documentele de \u00eenregistrare ale organizatorului de transport (copii).<\/li><li>Num\u0103rul de telefon al biroului \u0219i al directorului societ\u0103\u021bii de transport sau de expediere.<\/li><li>Asigurarea CMR pentru transport, cu indicarea num\u0103rului camionului (poli\u021b\u0103)<\/li><li>Prima foaie de CORNET TIRA, cu indicarea \u0219tampilelor de asociere \u0219i a executorului judec\u0103toresc (copie)<\/li><li>Certificat vamal de sigilare a caroseriei, eliberat pentru vehicul.<\/li><li>Copii ale pa\u0219aportului personal al \u0219oferului care v\u0103 va livra transportul.<\/li><li>Recomand\u0103ri (num\u0103r de telefon \u0219i persoan\u0103 de contact) din partea altor companii care au fost transportate, c\u0103tre compania de expedi\u021bie care va transporta m\u0103rfurile c\u0103tre dumneavoastr\u0103.<\/li><li>Atunci c\u00e2nd transporta\u021bi bunuri deosebit de valoroase, asigura\u021bi-v\u0103 c\u0103 sunt prezen\u021bi paznici \u00eenarma\u021bi.<\/li><li>Nu comanda\u021bi marf\u0103 la un pre\u021b sc\u0103zut. Ar trebui s\u0103 existe oferte alternative pentru transport de marf\u0103, de la alte companii de transport, \u0219i s\u0103 se monitorizeze pre\u021burile transportatorilor.<\/li><li>Dac\u0103 accepta\u021bi ceea ce pare a fi o afacere bun\u0103 la prima vedere, s-ar putea s\u0103 pl\u0103ti\u021bi pre\u021bul unei \u00eenc\u0103rc\u0103turi valoroase pe care nimeni nu v-o va returna.<\/li><\/ul>\n\n\n\n<h3 class=\"wp-block-heading\">O companie profesionist\u0103 de expediere a m\u0103rfurilor va face totul singur\u0103 \u0219i mult mai competent dec\u00e2t un expeditor de m\u0103rfuri.<\/h3>\n\n\n\n<p><strong>&nbsp;Exist\u0103 multe subtilit\u0103\u021bi \u0219i nuan\u021be \u00een transportul interna\u021bional de marf\u0103, iar dumneavoastr\u0103, ca proprietar de marf\u0103, nu le cunoa\u0219te\u021bi!<\/strong><\/p>\n\n\n\n<p><strong>Nu v\u0103 asuma\u021bi riscuri \u0219i nu experimenta\u021bi, valoarea transportului este de 20.000 de dolari. Este mult mai mult dec\u00e2t onorariul de 100 de dolari al expeditorului de m\u0103rfuri. Ave\u021bi \u00eencredere \u00een profesioni\u0219ti cu experien\u021b\u0103 pentru a-\u0219i face treaba.<\/strong><\/p>\n\n\n\n<p>Consulta\u021bi-v\u0103 cu profesioni\u0219ti \u00een domeniul transporturilor interna\u021bionale care au o experien\u021b\u0103 vast\u0103&nbsp;<strong>cel pu\u021bin 7 ani de experien\u021b\u0103 pe pia\u021ba de transport rutier.<\/strong>&nbsp;Nu ezita\u021bi s\u0103 pune\u021bi \u00eentreb\u0103ri pe care le considera\u021bi proste\u0219ti, ele sunt foarte relevante pentru siguran\u021ba transportului dumneavoastr\u0103, deoarece nu cunoa\u0219te\u021bi multe dintre complexit\u0103\u021bile transportului rutier.<\/p>\n\n\n\n<p>Firma care v\u0103 asigur\u0103 transportul de marf\u0103 v\u0103 va r\u0103spunde la toate \u00eentreb\u0103rile \u0219i v\u0103 va pune \u00eentreb\u0103ri la fel de importante, pentru un transport de calitate.<\/p>\n\n\n\n<p>Calitatea este rezervat\u0103 doar profesioni\u0219tilor.<\/p>\n","protected":false},"excerpt":{"rendered":"<p>Prevenirea furtului de m\u0103rfuri \u00een cazul transporturilor interna\u021bionale de m\u0103rfuri. Ce ar trebui s\u0103 \u0219tie \u0219i s\u0103 fac\u0103 un proprietar de marf\u0103 pentru a-\u0219i proteja marfa de activit\u0103\u021bi frauduloase.Transportul interna\u021bional de m\u0103rfuri este un proces complex care implic\u0103 zeci de actori diferi\u021bi: manageri de expedi\u021bie \u0219i dispeceri ai companiilor de transport, \u0219oferi, expeditori etc. Fiecare [&hellip;]<\/p>\n","protected":false},"author":1,"featured_media":0,"parent":0,"menu_order":0,"comment_status":"closed","ping_status":"closed","template":"template\/default.php","meta":{"_acf_changed":false,"footnotes":""},"class_list":["post-1956","page","type-page","status-publish","hentry"],"acf":[],"yoast_head":"<!-- This site is optimized with the Yoast SEO Premium plugin v25.8 (Yoast SEO v25.8) - https:\/\/yoast.com\/wordpress\/plugins\/seo\/ -->\n<title>Reguli pentru un transport sigur - movers-auto<\/title>\n<meta name=\"description\" content=\"Reguli pentru un transport sigur: \u043e\u0440\u0433\u0430\u043d\u0438\u0437\u0430\u0446\u0438\u044f \u0434\u043e\u0441\u0442\u0430\u0432\u043a\u0438 \u0433\u0440\u0443\u0437\u043e\u0432 \u0432 \u043b\u044e\u0431\u0443\u044e \u0442\u043e\u0447\u043a\u0443 \u043c\u0438\u0440\u0430 \ud83d\ude9a \u0430\u0432\u0442\u043e\u043c\u043e\u0431\u0438\u043b\u044c\u043d\u044b\u043c, \ud83d\udea4 \u043c\u043e\u0440\u0441\u043a\u0438\u043c, \u2708 \u0430\u0432\u0438\u0430 \u0438 \ud83d\ude82 \u0436\u0435\u043b\u0435\u0437\u043d\u043e\u0434\u043e\u0440\u043e\u0436\u043d\u044b\u043c \u0442\u0440\u0430\u043d\u0441\u043f\u043e\u0440\u0442\u043e\u043c.\" \/>\n<meta name=\"robots\" content=\"index, follow, max-snippet:-1, max-image-preview:large, max-video-preview:-1\" \/>\n<link rel=\"canonical\" href=\"https:\/\/movers-auto.md\/ro\/reguli-pentru-un-transport-sigur\/\" \/>\n<meta property=\"og:locale\" content=\"ro_RO\" \/>\n<meta property=\"og:type\" content=\"article\" \/>\n<meta property=\"og:title\" content=\"Reguli pentru un transport sigur\" \/>\n<meta property=\"og:description\" content=\"Reguli pentru un transport sigur: \u043e\u0440\u0433\u0430\u043d\u0438\u0437\u0430\u0446\u0438\u044f \u0434\u043e\u0441\u0442\u0430\u0432\u043a\u0438 \u0433\u0440\u0443\u0437\u043e\u0432 \u0432 \u043b\u044e\u0431\u0443\u044e \u0442\u043e\u0447\u043a\u0443 \u043c\u0438\u0440\u0430 \ud83d\ude9a \u0430\u0432\u0442\u043e\u043c\u043e\u0431\u0438\u043b\u044c\u043d\u044b\u043c, \ud83d\udea4 \u043c\u043e\u0440\u0441\u043a\u0438\u043c, \u2708 \u0430\u0432\u0438\u0430 \u0438 \ud83d\ude82 \u0436\u0435\u043b\u0435\u0437\u043d\u043e\u0434\u043e\u0440\u043e\u0436\u043d\u044b\u043c \u0442\u0440\u0430\u043d\u0441\u043f\u043e\u0440\u0442\u043e\u043c.\" \/>\n<meta property=\"og:url\" content=\"https:\/\/movers-auto.md\/ro\/reguli-pentru-un-transport-sigur\/\" \/>\n<meta property=\"og:site_name\" content=\"movers-auto\" \/>\n<meta property=\"article:modified_time\" content=\"2022-09-20T11:27:57+00:00\" \/>\n<meta property=\"og:image\" content=\"https:\/\/movers-auto.md\/wp-content\/uploads\/2022\/09\/w6e6461-resize.jpg\" \/>\n\t<meta property=\"og:image:width\" content=\"600\" \/>\n\t<meta property=\"og:image:height\" content=\"390\" \/>\n\t<meta property=\"og:image:type\" content=\"image\/jpeg\" \/>\n<meta name=\"twitter:card\" content=\"summary_large_image\" \/>\n<meta name=\"twitter:label1\" content=\"Timp estimat pentru citire\" \/>\n\t<meta name=\"twitter:data1\" content=\"7 minute\" \/>\n<script type=\"application\/ld+json\" class=\"yoast-schema-graph\">{\"@context\":\"https:\/\/schema.org\",\"@graph\":[{\"@type\":\"WebPage\",\"@id\":\"https:\/\/movers-auto.md\/ro\/reguli-pentru-un-transport-sigur\/\",\"url\":\"https:\/\/movers-auto.md\/ro\/reguli-pentru-un-transport-sigur\/\",\"name\":\"Reguli pentru un transport sigur - movers-auto\",\"isPartOf\":{\"@id\":\"https:\/\/movers-auto.md\/ro\/#website\"},\"datePublished\":\"2022-09-10T03:52:15+00:00\",\"dateModified\":\"2022-09-20T11:27:57+00:00\",\"description\":\"Reguli pentru un transport sigur: \u043e\u0440\u0433\u0430\u043d\u0438\u0437\u0430\u0446\u0438\u044f \u0434\u043e\u0441\u0442\u0430\u0432\u043a\u0438 \u0433\u0440\u0443\u0437\u043e\u0432 \u0432 \u043b\u044e\u0431\u0443\u044e \u0442\u043e\u0447\u043a\u0443 \u043c\u0438\u0440\u0430 \ud83d\ude9a \u0430\u0432\u0442\u043e\u043c\u043e\u0431\u0438\u043b\u044c\u043d\u044b\u043c, \ud83d\udea4 \u043c\u043e\u0440\u0441\u043a\u0438\u043c, \u2708 \u0430\u0432\u0438\u0430 \u0438 \ud83d\ude82 \u0436\u0435\u043b\u0435\u0437\u043d\u043e\u0434\u043e\u0440\u043e\u0436\u043d\u044b\u043c \u0442\u0440\u0430\u043d\u0441\u043f\u043e\u0440\u0442\u043e\u043c.\",\"breadcrumb\":{\"@id\":\"https:\/\/movers-auto.md\/ro\/reguli-pentru-un-transport-sigur\/#breadcrumb\"},\"inLanguage\":\"ro-RO\",\"potentialAction\":[{\"@type\":\"ReadAction\",\"target\":[\"https:\/\/movers-auto.md\/ro\/reguli-pentru-un-transport-sigur\/\"]}]},{\"@type\":\"BreadcrumbList\",\"@id\":\"https:\/\/movers-auto.md\/ro\/reguli-pentru-un-transport-sigur\/#breadcrumb\",\"itemListElement\":[{\"@type\":\"ListItem\",\"position\":1,\"name\":\"Home\",\"item\":\"https:\/\/movers-auto.md\/ro\/glavnaya\/\"},{\"@type\":\"ListItem\",\"position\":2,\"name\":\"Reguli pentru un transport sigur\"}]},{\"@type\":\"WebSite\",\"@id\":\"https:\/\/movers-auto.md\/ro\/#website\",\"url\":\"https:\/\/movers-auto.md\/ro\/\",\"name\":\"movers-auto\",\"description\":\"\u041c\u0435\u0436\u0434\u0443\u043d\u0430\u0440\u043e\u0434\u043d\u044b\u0435 \u0442\u0440\u0430\u043d\u0441\u043f\u043e\u0440\u0442\u043d\u044b\u0435 \u0443\u0441\u043b\u0443\u0433\u0438\",\"publisher\":{\"@id\":\"https:\/\/movers-auto.md\/ro\/#organization\"},\"potentialAction\":[{\"@type\":\"SearchAction\",\"target\":{\"@type\":\"EntryPoint\",\"urlTemplate\":\"https:\/\/movers-auto.md\/ro\/?s={search_term_string}\"},\"query-input\":{\"@type\":\"PropertyValueSpecification\",\"valueRequired\":true,\"valueName\":\"search_term_string\"}}],\"inLanguage\":\"ro-RO\"},{\"@type\":\"Organization\",\"@id\":\"https:\/\/movers-auto.md\/ro\/#organization\",\"name\":\"Movers Auto MD\",\"url\":\"https:\/\/movers-auto.md\/ro\/\",\"logo\":{\"@type\":\"ImageObject\",\"inLanguage\":\"ro-RO\",\"@id\":\"https:\/\/movers-auto.md\/ro\/#\/schema\/logo\/image\/\",\"url\":\"\/wp-content\/uploads\/2022\/08\/logo-1.png\",\"contentUrl\":\"\/wp-content\/uploads\/2022\/08\/logo-1.png\",\"width\":184,\"height\":44,\"caption\":\"Movers Auto MD\"},\"image\":{\"@id\":\"https:\/\/movers-auto.md\/ro\/#\/schema\/logo\/image\/\"}}]}<\/script>\n<!-- \/ Yoast SEO Premium plugin. -->","yoast_head_json":{"title":"Reguli pentru un transport sigur - movers-auto","description":"Reguli pentru un transport sigur: \u043e\u0440\u0433\u0430\u043d\u0438\u0437\u0430\u0446\u0438\u044f \u0434\u043e\u0441\u0442\u0430\u0432\u043a\u0438 \u0433\u0440\u0443\u0437\u043e\u0432 \u0432 \u043b\u044e\u0431\u0443\u044e \u0442\u043e\u0447\u043a\u0443 \u043c\u0438\u0440\u0430 \ud83d\ude9a \u0430\u0432\u0442\u043e\u043c\u043e\u0431\u0438\u043b\u044c\u043d\u044b\u043c, \ud83d\udea4 \u043c\u043e\u0440\u0441\u043a\u0438\u043c, \u2708 \u0430\u0432\u0438\u0430 \u0438 \ud83d\ude82 \u0436\u0435\u043b\u0435\u0437\u043d\u043e\u0434\u043e\u0440\u043e\u0436\u043d\u044b\u043c \u0442\u0440\u0430\u043d\u0441\u043f\u043e\u0440\u0442\u043e\u043c.","robots":{"index":"index","follow":"follow","max-snippet":"max-snippet:-1","max-image-preview":"max-image-preview:large","max-video-preview":"max-video-preview:-1"},"canonical":"https:\/\/movers-auto.md\/ro\/reguli-pentru-un-transport-sigur\/","og_locale":"ro_RO","og_type":"article","og_title":"Reguli pentru un transport sigur","og_description":"Reguli pentru un transport sigur: \u043e\u0440\u0433\u0430\u043d\u0438\u0437\u0430\u0446\u0438\u044f \u0434\u043e\u0441\u0442\u0430\u0432\u043a\u0438 \u0433\u0440\u0443\u0437\u043e\u0432 \u0432 \u043b\u044e\u0431\u0443\u044e \u0442\u043e\u0447\u043a\u0443 \u043c\u0438\u0440\u0430 \ud83d\ude9a \u0430\u0432\u0442\u043e\u043c\u043e\u0431\u0438\u043b\u044c\u043d\u044b\u043c, \ud83d\udea4 \u043c\u043e\u0440\u0441\u043a\u0438\u043c, \u2708 \u0430\u0432\u0438\u0430 \u0438 \ud83d\ude82 \u0436\u0435\u043b\u0435\u0437\u043d\u043e\u0434\u043e\u0440\u043e\u0436\u043d\u044b\u043c \u0442\u0440\u0430\u043d\u0441\u043f\u043e\u0440\u0442\u043e\u043c.","og_url":"https:\/\/movers-auto.md\/ro\/reguli-pentru-un-transport-sigur\/","og_site_name":"movers-auto","article_modified_time":"2022-09-20T11:27:57+00:00","og_image":[{"width":600,"height":390,"url":"https:\/\/movers-auto.md\/wp-content\/uploads\/2022\/09\/w6e6461-resize.jpg","type":"image\/jpeg"}],"twitter_card":"summary_large_image","twitter_misc":{"Timp estimat pentru citire":"7 minute"},"schema":{"@context":"https:\/\/schema.org","@graph":[{"@type":"WebPage","@id":"https:\/\/movers-auto.md\/ro\/reguli-pentru-un-transport-sigur\/","url":"https:\/\/movers-auto.md\/ro\/reguli-pentru-un-transport-sigur\/","name":"Reguli pentru un transport sigur - movers-auto","isPartOf":{"@id":"https:\/\/movers-auto.md\/ro\/#website"},"datePublished":"2022-09-10T03:52:15+00:00","dateModified":"2022-09-20T11:27:57+00:00","description":"Reguli pentru un transport sigur: \u043e\u0440\u0433\u0430\u043d\u0438\u0437\u0430\u0446\u0438\u044f \u0434\u043e\u0441\u0442\u0430\u0432\u043a\u0438 \u0433\u0440\u0443\u0437\u043e\u0432 \u0432 \u043b\u044e\u0431\u0443\u044e \u0442\u043e\u0447\u043a\u0443 \u043c\u0438\u0440\u0430 \ud83d\ude9a \u0430\u0432\u0442\u043e\u043c\u043e\u0431\u0438\u043b\u044c\u043d\u044b\u043c, \ud83d\udea4 \u043c\u043e\u0440\u0441\u043a\u0438\u043c, \u2708 \u0430\u0432\u0438\u0430 \u0438 \ud83d\ude82 \u0436\u0435\u043b\u0435\u0437\u043d\u043e\u0434\u043e\u0440\u043e\u0436\u043d\u044b\u043c \u0442\u0440\u0430\u043d\u0441\u043f\u043e\u0440\u0442\u043e\u043c.","breadcrumb":{"@id":"https:\/\/movers-auto.md\/ro\/reguli-pentru-un-transport-sigur\/#breadcrumb"},"inLanguage":"ro-RO","potentialAction":[{"@type":"ReadAction","target":["https:\/\/movers-auto.md\/ro\/reguli-pentru-un-transport-sigur\/"]}]},{"@type":"BreadcrumbList","@id":"https:\/\/movers-auto.md\/ro\/reguli-pentru-un-transport-sigur\/#breadcrumb","itemListElement":[{"@type":"ListItem","position":1,"name":"Home","item":"https:\/\/movers-auto.md\/ro\/glavnaya\/"},{"@type":"ListItem","position":2,"name":"Reguli pentru un transport sigur"}]},{"@type":"WebSite","@id":"https:\/\/movers-auto.md\/ro\/#website","url":"https:\/\/movers-auto.md\/ro\/","name":"movers-auto","description":"\u041c\u0435\u0436\u0434\u0443\u043d\u0430\u0440\u043e\u0434\u043d\u044b\u0435 \u0442\u0440\u0430\u043d\u0441\u043f\u043e\u0440\u0442\u043d\u044b\u0435 \u0443\u0441\u043b\u0443\u0433\u0438","publisher":{"@id":"https:\/\/movers-auto.md\/ro\/#organization"},"potentialAction":[{"@type":"SearchAction","target":{"@type":"EntryPoint","urlTemplate":"https:\/\/movers-auto.md\/ro\/?s={search_term_string}"},"query-input":{"@type":"PropertyValueSpecification","valueRequired":true,"valueName":"search_term_string"}}],"inLanguage":"ro-RO"},{"@type":"Organization","@id":"https:\/\/movers-auto.md\/ro\/#organization","name":"Movers Auto MD","url":"https:\/\/movers-auto.md\/ro\/","logo":{"@type":"ImageObject","inLanguage":"ro-RO","@id":"https:\/\/movers-auto.md\/ro\/#\/schema\/logo\/image\/","url":"\/wp-content\/uploads\/2022\/08\/logo-1.png","contentUrl":"\/wp-content\/uploads\/2022\/08\/logo-1.png","width":184,"height":44,"caption":"Movers Auto MD"},"image":{"@id":"https:\/\/movers-auto.md\/ro\/#\/schema\/logo\/image\/"}}]}},"_links":{"self":[{"href":"https:\/\/movers-auto.md\/ro\/wp-json\/wp\/v2\/pages\/1956","targetHints":{"allow":["GET"]}}],"collection":[{"href":"https:\/\/movers-auto.md\/ro\/wp-json\/wp\/v2\/pages"}],"about":[{"href":"https:\/\/movers-auto.md\/ro\/wp-json\/wp\/v2\/types\/page"}],"author":[{"embeddable":true,"href":"https:\/\/movers-auto.md\/ro\/wp-json\/wp\/v2\/users\/1"}],"replies":[{"embeddable":true,"href":"https:\/\/movers-auto.md\/ro\/wp-json\/wp\/v2\/comments?post=1956"}],"version-history":[{"count":0,"href":"https:\/\/movers-auto.md\/ro\/wp-json\/wp\/v2\/pages\/1956\/revisions"}],"wp:attachment":[{"href":"https:\/\/movers-auto.md\/ro\/wp-json\/wp\/v2\/media?parent=1956"}],"curies":[{"name":"wp","href":"https:\/\/api.w.org\/{rel}","templated":true}]}}