{"id":1953,"date":"2022-09-04T23:00:31","date_gmt":"2022-09-04T13:30:31","guid":{"rendered":"https:\/\/movers-auto.md\/despre-companie-o-companie-de-expeditii-din-moldova\/"},"modified":"2022-09-20T13:36:58","modified_gmt":"2022-09-20T10:36:58","slug":"despre-companie-o-companie-de-expeditii-din-moldova","status":"publish","type":"page","link":"https:\/\/movers-auto.md\/ro\/despre-companie-o-companie-de-expeditii-din-moldova\/","title":{"rendered":"Despre companie, o companie de expedi\u021bii din Moldova."},"content":{"rendered":"\n<p><strong>Transport \u0219i livrare de marf\u0103 \u00een Moldova, \u021b\u0103ri europene, Rusia, transport de marf\u0103 din Rom\u00e2nia.<\/strong><br>\u00cen activit\u0103\u021bile oric\u0103rei companii implicate \u00een produc\u021bia \u0219i v\u00e2nzarea de bunuri sau pur \u0219i simplu \u00een cump\u0103rarea \u0219i v\u00e2nzarea de bunuri, nu se poate face abstrac\u021bie de un sistem de organizare a transportului \u0219i a livr\u0103rii acestor bunuri c\u0103tre consumatori. \u00cen plus, compania care produce bunurile are nevoie de materii prime pentru produc\u021bie, iar materiile prime trebuie din nou cump\u0103rate \u0219i livrate. \u00cen consecin\u021b\u0103, atunci c\u00e2nd se elaboreaz\u0103 o strategie de management \u0219i se creeaz\u0103 un mecanism unic pentru a asigura profitul acestei companii, func\u021biile logisticii de transport vor fi axate at\u00e2t pe transportul m\u0103rfurilor (materii prime) c\u0103tre atelierul de produc\u021bie al companiei, c\u00e2t \u0219i pe transportul m\u0103rfurilor (produsul final) pentru v\u00e2nzare (pentru v\u00e2nzare).<\/p>\n\n\n\n<p><strong>Dac\u0103 ave\u021bi nevoie de transport, cump\u0103ra\u021bi-l, dar dac\u0103&nbsp;<a href=\"https:\/\/movers-auto.md\/zayavka-on-line\/\">Ave\u021bi nevoie de transport &#8211; COMANDA\u021aI ACUM<\/a>.<\/strong><\/p>\n\n\n\n<p>Acest lucru ridic\u0103 \u00eentrebarea ce este mai profitabil: s\u0103 p\u0103streze pentru transportul de m\u0103rfuri propria flot\u0103 \u0219i propriul personal sau s\u0103 transfere complet sarcina pe umerii companiilor de expedi\u021bii specializate \u00een transportul de toate tipurile de m\u0103rfuri. Pentru a r\u0103spunde la aceast\u0103 \u00eentrebare trebuie doar s\u0103 calcula\u021bi costurile primei \u0219i celei de-a doua op\u021biuni de organizare a transportului de marf\u0103, dar f\u0103r\u0103 \u00eendoial\u0103 c\u0103 externalizarea serviciilor de transport \u00een fa\u021ba companiei de expediere a m\u0103rfurilor &#8211; mult mai convenabil\u0103. Mai convenabil \u00een primul r\u00e2nd pentru c\u0103 angaja\u021bi profesioni\u0219ti care vor fi direct responsabili pentru func\u021bii specifice \u00een sistemul de creare \u0219i v\u00e2nzare a bunurilor dumneavoastr\u0103, adic\u0103 &#8211; \u00een comercializarea produc\u021biei dumneavoastr\u0103. Aceasta \u00eenseamn\u0103, cel pu\u021bin, oferirea de servicii de transport de marf\u0103 prin diferite tipuri de transport pe cele mai bune rute, depozitarea, expedierea \u0219i \u00eenc\u0103rcarea m\u0103rfurilor, precum \u0219i alte servicii conexe \u0219i consultan\u021b\u0103, \u00een direc\u021bia de transport a tuturor \u021b\u0103rilor cu care pute\u021bi stabili contacte de afaceri.<\/p>\n\n\n\n<p>Cu alte cuvinte, angaja\u021bi un departament de logistic\u0103 de transport, care este responsabil pentru toate opera\u021biunile de transport de intrare \u0219i de ie\u0219ire legate de produc\u021bie, de aprovizionarea cu materii prime, de comercializare \u0219i de transportul produselor finite. Proprietarul m\u0103rfii care comand\u0103 transport, ar trebui s\u0103 \u00een\u021beleag\u0103 c\u0103 \u00een acest caz, succesul companiei de transport contractate, va depinde \u00een mod direct de dezvoltarea afacerii sale, a\u0219a c\u0103 \u00eencearc\u0103 s\u0103 g\u0103seasc\u0103 cel mai bun dintre cei mai buni din lista de propuneri de pe pia\u021ba interna\u021bional\u0103 de transport de marf\u0103. De asemenea, ar trebui s\u0103 \u00een\u021belege\u021bi c\u0103 serviciile de transport de calitate vor costa taxe corespunz\u0103toare \u0219i ar trebui s\u0103 fi\u021bi \u00eentotdeauna gata pentru concesii reciproce.<\/p>\n\n\n\n<p>Diviziile de transport \u0219i expedi\u021bie ale companiei noastre Moversauto-Intertransport sunt concentrate pe \u00eentreg teritoriul Moldovei, unde se aplic\u0103 proprietarii de m\u0103rfuri \u0219i companiile de transport din Moldova \u0219i Ucraina. Clien\u021bii no\u0219tri din Rom\u00e2nia \u0219i Rusia comand\u0103 transporturi din Turcia \u0219i Grecia, companiile europene comand\u0103 transporturi \u00een Moldova, Rusia \u0219i Kazahstan \u0219i livreaz\u0103 echipamente \u00een Uzbekistan \u0219i Turkmenistan. Geografia transporturilor noastre se extinde pe zi ce trece.<\/p>\n\n\n\n<p><strong>Printre clien\u021bii no\u0219tri se num\u0103r\u0103 peste 400 de companii, proprietari de m\u0103rfuri \u0219i companii de transport.<\/strong><\/p>\n\n\n\n<p>Baza noastr\u0103 de clien\u021bi a crescut din anul 2000, at\u00e2t pentru clien\u021bi, c\u00e2t \u0219i pentru companiile de transport. \u00cen prezent, compania noastr\u0103 \u00eencheie peste cincizeci de comenzi de transport \u00een fiecare lun\u0103, iar echipa de manageri de logistic\u0103 s-a dublat \u00een compara\u021bie cu perioada 2007-2009. Direc\u021biile noastre de transport se l\u0103rgesc, \u00een timp ce mai devreme expediam marf\u0103 din Germania \u00een Moldova, sau din Rusia \u00een Moldova, ast\u0103zi geografia direc\u021biilor este mult mai larg\u0103: Kazahstan-Germania, Marea Britanie-Moldova, Rom\u00e2nia-Uzbekistan, transport din Serbia \u00een Rusia. Rutele de transport din Turcia sau Grecia c\u0103tre Rusia \u0219i \u021b\u0103rile scandinave, inclusiv transportul c\u0103tre Lituania, Letonia \u0219i Estonia, au un num\u0103r mare de companii de transport \u0219i clien\u021bi obi\u0219nui\u021bi.<\/p>\n\n\n\n<p>\u00cen plus, pentru a optimiza transportul interna\u021bional de m\u0103rfuri \u0219i pentru a concura cu succes pe pia\u021b\u0103, nu uita\u021bi urm\u0103toarele: cre\u0219terea opera\u021biunilor de transport pentru expedierile de care este responsabil\u0103 compania dumneavoastr\u0103 este direct propor\u021bional\u0103 cu complica\u021biile legate de controlul tuturor proceselor de transport \u0219i, \u00een consecin\u021b\u0103, cu gestionarea competent\u0103 a acestora. Cu alte cuvinte, cu c\u00e2t ave\u021bi mai multe comenzi de marf\u0103, cu at\u00e2t ave\u021bi nevoie de mai mult personal \u0219i unit\u0103\u021bi de transport. Trebuie \u00een\u021beles c\u0103 este dificil s\u0103 g\u0103se\u0219ti angaja\u021bi cu adev\u0103rat profesioni\u0219ti, iar vehiculele au o tendin\u021b\u0103 nepl\u0103cut\u0103 de a se defecta.<\/p>\n\n\n\n<p>Cre\u0219terea gamei de comenzi, compania noastr\u0103 de transport de marf\u0103 Moversauto-Intertransport este practic preg\u0103tit\u0103 s\u0103 creasc\u0103 \u0219i s\u0103 formeze noi angaja\u021bi \u0219i s\u0103 \u00eembun\u0103t\u0103\u021beasc\u0103 abilit\u0103\u021bile managerilor existen\u021bi. \u00cen concluzie, ni\u0219a ocupat\u0103 de companiile de transport de m\u0103rfuri pe pia\u021ba rela\u021biilor economice interne \u0219i interna\u021bionale este cu adev\u0103rat unic\u0103. Noi \u00eendeplinim func\u021bii de marketing indispensabile pentru dezvoltarea cu succes a reprezentan\u021bilor din toate domeniile: de la companii petroliere la comercian\u021bi de juc\u0103rii de plu\u0219, de la cump\u0103r\u0103tori de ma\u0219ini la produc\u0103tori de alimente pentru copii. \u0218i este foarte util pentru proprietarii de m\u0103rfuri atunci c\u00e2nd toate responsabilit\u0103\u021bile de livrare \u0219i control al \u00eenc\u0103rc\u0103turii sunt transferate pe umerii companiei noastre specializate de expediere a m\u0103rfurilor.<\/p>\n\n\n\n<p><strong>Transportul cu o firm\u0103 de expedi\u021bie \u00abMOVERSAUTO-INTERTRANSPORT\u00bb<\/strong>&nbsp;\u2014 este:<\/p>\n\n\n\n<ol class=\"wp-block-list\"><li>Alegerea celei mai bune rute pentru transportul dumneavoastr\u0103.<\/li><li>Selectarea unui vehicul care s\u0103 respecte standardele interna\u021bionale de calitate pe pia\u021ba transporturilor.<\/li><li>Calculeaz\u0103 costul transportului, lu\u00e2nd \u00een considerare toate cerin\u021bele clientului, dimensiunile, valoarea \u0219i natura \u00eenc\u0103rc\u0103turii..<\/li><li>Asigurarea \u00eenc\u0103rc\u0103turii.<\/li><li>Punctualitatea transportului interna\u021bional de m\u0103rfuri.<\/li><\/ol>\n\n\n\n<p>\u00abMOVERSAUTO-INTERTRANSPORT\u00bb func\u021bioneaz\u0103 \u00een conformitate cu toate normele conven\u021biei interna\u021bionale pentru transportul rutier \u0219i maritim.<\/p>\n\n\n\n<p><strong>O companie de expedi\u021bie de m\u0103rfuri din Moldova Movers\u0430uto-Intertransport<\/strong>&nbsp;Compania efectueaz\u0103 transporturi de export \u0219i import din Moldova, Tiraspol, Ucraina c\u0103tre: Rusia, Belarus, Polonia, Europa, Germania, Austria, Ungaria, Fran\u021ba.Transport c\u0103tre \u0219i dinspre \u021b\u0103rile baltice: Lituania, Letonia, Estonia \u0219i alte \u021b\u0103ri la cerere. Transport \u00een direc\u021bia opus\u0103, inclusiv destina\u021bii: Rusia, Kazahstan, Uzbekistan, Turkmenistan, Europa, \u021a\u0103rile Baltice, Turcia, Italia, Grecia, Bulgaria &#8211; \u00een Moldova, Rom\u00e2nia \u0219i alte destina\u021bii. Condi\u021biile de transport sunt stipulate suplimentar, pe baza acordului verbal \u0219i a contractului &#8211; cerere pentru un anumit transport. Pre\u021burile pentru transportul \u00een toate direc\u021biile sunt flexibile \u0219i destul de competitive. V\u0103 vom r\u0103spunde f\u0103r\u0103 \u00eent\u00e2rziere, prin telefon sau e-mail, la \u00eentreb\u0103rile dumneavoastr\u0103 despre toate rutele.<\/p>\n\n\n\n<p><strong>Pentru rezerv\u0103ri rapide de transport<\/strong>&nbsp;\u00een direc\u021bia dorit\u0103, depune\u021bi o cerere \u00een&nbsp;<a href=\"https:\/\/movers-auto.md\/zayavka-on-line\/\">Rezervare de transport ON-LINE<\/a><\/p>\n","protected":false},"excerpt":{"rendered":"<p>Transport \u0219i livrare de marf\u0103 \u00een Moldova, \u021b\u0103ri europene, Rusia, transport de marf\u0103 din Rom\u00e2nia.\u00cen activit\u0103\u021bile oric\u0103rei companii implicate \u00een produc\u021bia \u0219i v\u00e2nzarea de bunuri sau pur \u0219i simplu \u00een cump\u0103rarea \u0219i v\u00e2nzarea de bunuri, nu se poate face abstrac\u021bie de un sistem de organizare a transportului \u0219i a livr\u0103rii acestor bunuri c\u0103tre consumatori. \u00cen [&hellip;]<\/p>\n","protected":false},"author":1,"featured_media":0,"parent":0,"menu_order":0,"comment_status":"closed","ping_status":"closed","template":"template\/about.php","meta":{"_acf_changed":false,"footnotes":""},"class_list":["post-1953","page","type-page","status-publish","hentry"],"acf":[],"yoast_head":"<!-- This site is optimized with the Yoast SEO Premium plugin v25.8 (Yoast SEO v25.8) - https:\/\/yoast.com\/wordpress\/plugins\/seo\/ -->\n<title>Despre companie, o companie de expedi\u021bii din Moldova. - movers-auto<\/title>\n<meta name=\"description\" content=\"Despre companie, o companie de expedi\u021bii din Moldova.: \u043e\u0440\u0433\u0430\u043d\u0438\u0437\u0430\u0446\u0438\u044f \u0434\u043e\u0441\u0442\u0430\u0432\u043a\u0438 \u0433\u0440\u0443\u0437\u043e\u0432 \u0432 \u043b\u044e\u0431\u0443\u044e \u0442\u043e\u0447\u043a\u0443 \u043c\u0438\u0440\u0430 \ud83d\ude9a \u0430\u0432\u0442\u043e\u043c\u043e\u0431\u0438\u043b\u044c\u043d\u044b\u043c, \ud83d\udea4 \u043c\u043e\u0440\u0441\u043a\u0438\u043c, \u2708 \u0430\u0432\u0438\u0430 \u0438 \ud83d\ude82 \u0436\u0435\u043b\u0435\u0437\u043d\u043e\u0434\u043e\u0440\u043e\u0436\u043d\u044b\u043c \u0442\u0440\u0430\u043d\u0441\u043f\u043e\u0440\u0442\u043e\u043c.\" \/>\n<meta name=\"robots\" content=\"index, follow, max-snippet:-1, max-image-preview:large, max-video-preview:-1\" \/>\n<link rel=\"canonical\" href=\"https:\/\/movers-auto.md\/ro\/despre-companie-o-companie-de-expeditii-din-moldova\/\" \/>\n<meta property=\"og:locale\" content=\"ro_RO\" \/>\n<meta property=\"og:type\" content=\"article\" \/>\n<meta property=\"og:title\" content=\"Despre companie, o companie de expedi\u021bii din Moldova.\" \/>\n<meta property=\"og:description\" content=\"Despre companie, o companie de expedi\u021bii din Moldova.: \u043e\u0440\u0433\u0430\u043d\u0438\u0437\u0430\u0446\u0438\u044f \u0434\u043e\u0441\u0442\u0430\u0432\u043a\u0438 \u0433\u0440\u0443\u0437\u043e\u0432 \u0432 \u043b\u044e\u0431\u0443\u044e \u0442\u043e\u0447\u043a\u0443 \u043c\u0438\u0440\u0430 \ud83d\ude9a \u0430\u0432\u0442\u043e\u043c\u043e\u0431\u0438\u043b\u044c\u043d\u044b\u043c, \ud83d\udea4 \u043c\u043e\u0440\u0441\u043a\u0438\u043c, \u2708 \u0430\u0432\u0438\u0430 \u0438 \ud83d\ude82 \u0436\u0435\u043b\u0435\u0437\u043d\u043e\u0434\u043e\u0440\u043e\u0436\u043d\u044b\u043c \u0442\u0440\u0430\u043d\u0441\u043f\u043e\u0440\u0442\u043e\u043c.\" \/>\n<meta property=\"og:url\" content=\"https:\/\/movers-auto.md\/ro\/despre-companie-o-companie-de-expeditii-din-moldova\/\" \/>\n<meta property=\"og:site_name\" content=\"movers-auto\" \/>\n<meta property=\"article:modified_time\" content=\"2022-09-20T10:36:58+00:00\" \/>\n<meta property=\"og:image\" content=\"https:\/\/movers-auto.md\/wp-content\/uploads\/2022\/09\/w6e6461-resize.jpg\" \/>\n\t<meta property=\"og:image:width\" content=\"600\" \/>\n\t<meta property=\"og:image:height\" content=\"390\" \/>\n\t<meta property=\"og:image:type\" content=\"image\/jpeg\" \/>\n<meta name=\"twitter:card\" content=\"summary_large_image\" \/>\n<meta name=\"twitter:label1\" content=\"Timp estimat pentru citire\" \/>\n\t<meta name=\"twitter:data1\" content=\"6 minute\" \/>\n<script type=\"application\/ld+json\" class=\"yoast-schema-graph\">{\"@context\":\"https:\/\/schema.org\",\"@graph\":[{\"@type\":\"WebPage\",\"@id\":\"https:\/\/movers-auto.md\/ro\/despre-companie-o-companie-de-expeditii-din-moldova\/\",\"url\":\"https:\/\/movers-auto.md\/ro\/despre-companie-o-companie-de-expeditii-din-moldova\/\",\"name\":\"Despre companie, o companie de expedi\u021bii din Moldova. - movers-auto\",\"isPartOf\":{\"@id\":\"https:\/\/movers-auto.md\/ro\/#website\"},\"datePublished\":\"2022-09-04T13:30:31+00:00\",\"dateModified\":\"2022-09-20T10:36:58+00:00\",\"description\":\"Despre companie, o companie de expedi\u021bii din Moldova.: \u043e\u0440\u0433\u0430\u043d\u0438\u0437\u0430\u0446\u0438\u044f \u0434\u043e\u0441\u0442\u0430\u0432\u043a\u0438 \u0433\u0440\u0443\u0437\u043e\u0432 \u0432 \u043b\u044e\u0431\u0443\u044e \u0442\u043e\u0447\u043a\u0443 \u043c\u0438\u0440\u0430 \ud83d\ude9a \u0430\u0432\u0442\u043e\u043c\u043e\u0431\u0438\u043b\u044c\u043d\u044b\u043c, \ud83d\udea4 \u043c\u043e\u0440\u0441\u043a\u0438\u043c, \u2708 \u0430\u0432\u0438\u0430 \u0438 \ud83d\ude82 \u0436\u0435\u043b\u0435\u0437\u043d\u043e\u0434\u043e\u0440\u043e\u0436\u043d\u044b\u043c \u0442\u0440\u0430\u043d\u0441\u043f\u043e\u0440\u0442\u043e\u043c.\",\"breadcrumb\":{\"@id\":\"https:\/\/movers-auto.md\/ro\/despre-companie-o-companie-de-expeditii-din-moldova\/#breadcrumb\"},\"inLanguage\":\"ro-RO\",\"potentialAction\":[{\"@type\":\"ReadAction\",\"target\":[\"https:\/\/movers-auto.md\/ro\/despre-companie-o-companie-de-expeditii-din-moldova\/\"]}]},{\"@type\":\"BreadcrumbList\",\"@id\":\"https:\/\/movers-auto.md\/ro\/despre-companie-o-companie-de-expeditii-din-moldova\/#breadcrumb\",\"itemListElement\":[{\"@type\":\"ListItem\",\"position\":1,\"name\":\"Home\",\"item\":\"https:\/\/movers-auto.md\/ro\/glavnaya\/\"},{\"@type\":\"ListItem\",\"position\":2,\"name\":\"Despre companie, o companie de expedi\u021bii din Moldova.\"}]},{\"@type\":\"WebSite\",\"@id\":\"https:\/\/movers-auto.md\/ro\/#website\",\"url\":\"https:\/\/movers-auto.md\/ro\/\",\"name\":\"movers-auto\",\"description\":\"\u041c\u0435\u0436\u0434\u0443\u043d\u0430\u0440\u043e\u0434\u043d\u044b\u0435 \u0442\u0440\u0430\u043d\u0441\u043f\u043e\u0440\u0442\u043d\u044b\u0435 \u0443\u0441\u043b\u0443\u0433\u0438\",\"publisher\":{\"@id\":\"https:\/\/movers-auto.md\/ro\/#organization\"},\"potentialAction\":[{\"@type\":\"SearchAction\",\"target\":{\"@type\":\"EntryPoint\",\"urlTemplate\":\"https:\/\/movers-auto.md\/ro\/?s={search_term_string}\"},\"query-input\":{\"@type\":\"PropertyValueSpecification\",\"valueRequired\":true,\"valueName\":\"search_term_string\"}}],\"inLanguage\":\"ro-RO\"},{\"@type\":\"Organization\",\"@id\":\"https:\/\/movers-auto.md\/ro\/#organization\",\"name\":\"Movers Auto MD\",\"url\":\"https:\/\/movers-auto.md\/ro\/\",\"logo\":{\"@type\":\"ImageObject\",\"inLanguage\":\"ro-RO\",\"@id\":\"https:\/\/movers-auto.md\/ro\/#\/schema\/logo\/image\/\",\"url\":\"\/wp-content\/uploads\/2022\/08\/logo-1.png\",\"contentUrl\":\"\/wp-content\/uploads\/2022\/08\/logo-1.png\",\"width\":184,\"height\":44,\"caption\":\"Movers Auto MD\"},\"image\":{\"@id\":\"https:\/\/movers-auto.md\/ro\/#\/schema\/logo\/image\/\"}}]}<\/script>\n<!-- \/ Yoast SEO Premium plugin. -->","yoast_head_json":{"title":"Despre companie, o companie de expedi\u021bii din Moldova. - movers-auto","description":"Despre companie, o companie de expedi\u021bii din Moldova.: \u043e\u0440\u0433\u0430\u043d\u0438\u0437\u0430\u0446\u0438\u044f \u0434\u043e\u0441\u0442\u0430\u0432\u043a\u0438 \u0433\u0440\u0443\u0437\u043e\u0432 \u0432 \u043b\u044e\u0431\u0443\u044e \u0442\u043e\u0447\u043a\u0443 \u043c\u0438\u0440\u0430 \ud83d\ude9a \u0430\u0432\u0442\u043e\u043c\u043e\u0431\u0438\u043b\u044c\u043d\u044b\u043c, \ud83d\udea4 \u043c\u043e\u0440\u0441\u043a\u0438\u043c, \u2708 \u0430\u0432\u0438\u0430 \u0438 \ud83d\ude82 \u0436\u0435\u043b\u0435\u0437\u043d\u043e\u0434\u043e\u0440\u043e\u0436\u043d\u044b\u043c \u0442\u0440\u0430\u043d\u0441\u043f\u043e\u0440\u0442\u043e\u043c.","robots":{"index":"index","follow":"follow","max-snippet":"max-snippet:-1","max-image-preview":"max-image-preview:large","max-video-preview":"max-video-preview:-1"},"canonical":"https:\/\/movers-auto.md\/ro\/despre-companie-o-companie-de-expeditii-din-moldova\/","og_locale":"ro_RO","og_type":"article","og_title":"Despre companie, o companie de expedi\u021bii din Moldova.","og_description":"Despre companie, o companie de expedi\u021bii din Moldova.: \u043e\u0440\u0433\u0430\u043d\u0438\u0437\u0430\u0446\u0438\u044f \u0434\u043e\u0441\u0442\u0430\u0432\u043a\u0438 \u0433\u0440\u0443\u0437\u043e\u0432 \u0432 \u043b\u044e\u0431\u0443\u044e \u0442\u043e\u0447\u043a\u0443 \u043c\u0438\u0440\u0430 \ud83d\ude9a \u0430\u0432\u0442\u043e\u043c\u043e\u0431\u0438\u043b\u044c\u043d\u044b\u043c, \ud83d\udea4 \u043c\u043e\u0440\u0441\u043a\u0438\u043c, \u2708 \u0430\u0432\u0438\u0430 \u0438 \ud83d\ude82 \u0436\u0435\u043b\u0435\u0437\u043d\u043e\u0434\u043e\u0440\u043e\u0436\u043d\u044b\u043c \u0442\u0440\u0430\u043d\u0441\u043f\u043e\u0440\u0442\u043e\u043c.","og_url":"https:\/\/movers-auto.md\/ro\/despre-companie-o-companie-de-expeditii-din-moldova\/","og_site_name":"movers-auto","article_modified_time":"2022-09-20T10:36:58+00:00","og_image":[{"width":600,"height":390,"url":"https:\/\/movers-auto.md\/wp-content\/uploads\/2022\/09\/w6e6461-resize.jpg","type":"image\/jpeg"}],"twitter_card":"summary_large_image","twitter_misc":{"Timp estimat pentru citire":"6 minute"},"schema":{"@context":"https:\/\/schema.org","@graph":[{"@type":"WebPage","@id":"https:\/\/movers-auto.md\/ro\/despre-companie-o-companie-de-expeditii-din-moldova\/","url":"https:\/\/movers-auto.md\/ro\/despre-companie-o-companie-de-expeditii-din-moldova\/","name":"Despre companie, o companie de expedi\u021bii din Moldova. - movers-auto","isPartOf":{"@id":"https:\/\/movers-auto.md\/ro\/#website"},"datePublished":"2022-09-04T13:30:31+00:00","dateModified":"2022-09-20T10:36:58+00:00","description":"Despre companie, o companie de expedi\u021bii din Moldova.: \u043e\u0440\u0433\u0430\u043d\u0438\u0437\u0430\u0446\u0438\u044f \u0434\u043e\u0441\u0442\u0430\u0432\u043a\u0438 \u0433\u0440\u0443\u0437\u043e\u0432 \u0432 \u043b\u044e\u0431\u0443\u044e \u0442\u043e\u0447\u043a\u0443 \u043c\u0438\u0440\u0430 \ud83d\ude9a \u0430\u0432\u0442\u043e\u043c\u043e\u0431\u0438\u043b\u044c\u043d\u044b\u043c, \ud83d\udea4 \u043c\u043e\u0440\u0441\u043a\u0438\u043c, \u2708 \u0430\u0432\u0438\u0430 \u0438 \ud83d\ude82 \u0436\u0435\u043b\u0435\u0437\u043d\u043e\u0434\u043e\u0440\u043e\u0436\u043d\u044b\u043c \u0442\u0440\u0430\u043d\u0441\u043f\u043e\u0440\u0442\u043e\u043c.","breadcrumb":{"@id":"https:\/\/movers-auto.md\/ro\/despre-companie-o-companie-de-expeditii-din-moldova\/#breadcrumb"},"inLanguage":"ro-RO","potentialAction":[{"@type":"ReadAction","target":["https:\/\/movers-auto.md\/ro\/despre-companie-o-companie-de-expeditii-din-moldova\/"]}]},{"@type":"BreadcrumbList","@id":"https:\/\/movers-auto.md\/ro\/despre-companie-o-companie-de-expeditii-din-moldova\/#breadcrumb","itemListElement":[{"@type":"ListItem","position":1,"name":"Home","item":"https:\/\/movers-auto.md\/ro\/glavnaya\/"},{"@type":"ListItem","position":2,"name":"Despre companie, o companie de expedi\u021bii din Moldova."}]},{"@type":"WebSite","@id":"https:\/\/movers-auto.md\/ro\/#website","url":"https:\/\/movers-auto.md\/ro\/","name":"movers-auto","description":"\u041c\u0435\u0436\u0434\u0443\u043d\u0430\u0440\u043e\u0434\u043d\u044b\u0435 \u0442\u0440\u0430\u043d\u0441\u043f\u043e\u0440\u0442\u043d\u044b\u0435 \u0443\u0441\u043b\u0443\u0433\u0438","publisher":{"@id":"https:\/\/movers-auto.md\/ro\/#organization"},"potentialAction":[{"@type":"SearchAction","target":{"@type":"EntryPoint","urlTemplate":"https:\/\/movers-auto.md\/ro\/?s={search_term_string}"},"query-input":{"@type":"PropertyValueSpecification","valueRequired":true,"valueName":"search_term_string"}}],"inLanguage":"ro-RO"},{"@type":"Organization","@id":"https:\/\/movers-auto.md\/ro\/#organization","name":"Movers Auto MD","url":"https:\/\/movers-auto.md\/ro\/","logo":{"@type":"ImageObject","inLanguage":"ro-RO","@id":"https:\/\/movers-auto.md\/ro\/#\/schema\/logo\/image\/","url":"\/wp-content\/uploads\/2022\/08\/logo-1.png","contentUrl":"\/wp-content\/uploads\/2022\/08\/logo-1.png","width":184,"height":44,"caption":"Movers Auto MD"},"image":{"@id":"https:\/\/movers-auto.md\/ro\/#\/schema\/logo\/image\/"}}]}},"_links":{"self":[{"href":"https:\/\/movers-auto.md\/ro\/wp-json\/wp\/v2\/pages\/1953","targetHints":{"allow":["GET"]}}],"collection":[{"href":"https:\/\/movers-auto.md\/ro\/wp-json\/wp\/v2\/pages"}],"about":[{"href":"https:\/\/movers-auto.md\/ro\/wp-json\/wp\/v2\/types\/page"}],"author":[{"embeddable":true,"href":"https:\/\/movers-auto.md\/ro\/wp-json\/wp\/v2\/users\/1"}],"replies":[{"embeddable":true,"href":"https:\/\/movers-auto.md\/ro\/wp-json\/wp\/v2\/comments?post=1953"}],"version-history":[{"count":0,"href":"https:\/\/movers-auto.md\/ro\/wp-json\/wp\/v2\/pages\/1953\/revisions"}],"wp:attachment":[{"href":"https:\/\/movers-auto.md\/ro\/wp-json\/wp\/v2\/media?parent=1953"}],"curies":[{"name":"wp","href":"https:\/\/api.w.org\/{rel}","templated":true}]}}