{"id":1952,"date":"2022-09-10T12:09:31","date_gmt":"2022-09-10T02:39:31","guid":{"rendered":"https:\/\/movers-auto.md\/scrieti-o-recenzie-gasiti-o-referinta-scrieti-o-recenzie-pozitiva-scrieti-o-recenzie-negativa\/"},"modified":"2022-09-20T14:28:05","modified_gmt":"2022-09-20T11:28:05","slug":"scrieti-o-recenzie-gasiti-o-referinta-scrieti-o-recenzie-pozitiva-scrieti-o-recenzie-negativa","status":"publish","type":"page","link":"https:\/\/movers-auto.md\/ro\/scrieti-o-recenzie-gasiti-o-referinta-scrieti-o-recenzie-pozitiva-scrieti-o-recenzie-negativa\/","title":{"rendered":"Scrie\u021bi o recenzie, g\u0103si\u021bi o referin\u021b\u0103, scrie\u021bi o recenzie pozitiv\u0103, scrie\u021bi o recenzie negativ\u0103."},"content":{"rendered":"\n<h3 class=\"wp-block-heading\">Recenzii ale companiilor de transport. Comentariile clien\u021bilor despre proprietarii de marf\u0103.<\/h3>\n\n\n\n<p>Atunci c\u00e2nd un client are o \u00eentrebare: ce companie de transport s\u0103 foloseasc\u0103, de multe ori nu \u0219tie unde s\u0103 mearg\u0103 \u0219i cui s\u0103 se adreseze.<br> Din p\u0103cate, \u00een ciuda tuturor progreselor lumii moderne, oamenii folosesc oportunit\u0103\u021bile unice ale internetului destul de rar.<\/p>\n\n\n\n<p>La urma urmei, acolo pute\u021bi g\u0103si informa\u021bii despre aproape orice companie de transport. Dar nu toat\u0103 lumea este con\u0219tient\u0103 de acest lucru. Feedback-ul negativ al utilizatorilor \u00eel va ajuta pe client s\u0103 nu se ard\u0103 \u0219i s\u0103 aleag\u0103 o firm\u0103 de transport care este cu adev\u0103rat profesionist\u0103. Dar ce se \u00eent\u00e2mpl\u0103 dac\u0103 a\u021bi c\u0103zut \u0219i dumneavoastr\u0103 victim\u0103 a escrocilor?<\/p>\n\n\n\n<p><strong>A\u021bi contactat o companie de transport \u0219i transportul dumneavoastr\u0103 nu a ajuns \u00een siguran\u021b\u0103, s-a pierdut sau nu a ajuns la destina\u021bie la timp?<\/strong>&nbsp;Nu ai cum s\u0103 o ascunzi. Exist\u0103 platforme speciale, inclusiv site-ul nostru, unde pute\u021bi vorbi despre experien\u021ba dumneavoastr\u0103 de cooperare, scriind o recenzie.<br>De\u0219i chiar \u0219i companiile de transport cu reputa\u021bie pot fi neglijente \u0219i nu-\u0219i respect\u0103 termenii \u0219i condi\u021biile, a\u0219a c\u0103 nu ezita\u021bi s\u0103 p\u0103stra\u021bi t\u0103cerea \u00een aceast\u0103 privin\u021b\u0103. O recenzie negativ\u0103 a cooper\u0103rii dumneavoastr\u0103 va ajuta la avertizarea altor clien\u021bi.<\/p>\n\n\n\n<p><strong>Mul\u021bi proprietari-ocupan\u021bi citesc recomand\u0103rile companiilor de transport \u00eenainte de a solicita un serviciu.&nbsp;<\/strong>De aceea, fiecare feedback este deosebit de important. Se \u00eent\u00e2mpl\u0103 adesea ca, atunci c\u00e2nd destinatarul este mul\u021bumit, s\u0103 nu lase niciun feedback, dar atunci c\u00e2nd exist\u0103 o urgen\u021b\u0103, este cu totul altceva. Feedback-ul trebuie scris \u00een ambele cazuri.<br>Compania de expedi\u021bii \u0219i companiile de transport trebuie s\u0103 \u00ee\u0219i fac\u0103 treaba \u00een conformitate cu contractul \u0219i s\u0103 utilizeze transportul care a fost selectat \u0219i convenit cu clientul.&nbsp;<strong>Dac\u0103 nici m\u0103car un singur punct nu a fost respectat, clientul are tot dreptul s\u0103 fie nemul\u021bumit \u0219i s\u0103 scrie o recenzie.&nbsp;<\/strong>Acesta este motivul pentru care astfel de companii de transport trebuie s\u0103 func\u021bioneze perfect.<\/p>\n\n\n\n<p>Proprietarii-clien\u021bi cu care au avut loc cazuri de for\u021b\u0103 major\u0103 \u0219i nu au fost respecta\u021bi termenii contractului, nu p\u0103stra\u021bi t\u0103cerea despre asta, scrie\u021bi o recenzie a companiei cu care a avut loc incidentul. \u00cemp\u0103rt\u0103\u0219i\u021bi experien\u021ba dumneavoastr\u0103, oric\u00e2t de nefericit\u0103, cu ceilal\u021bi. Acest lucru va ajuta la evitarea repet\u0103rii situa\u021biei. Deoarece reputa\u021bia este deosebit de important\u0103 pentru companiile de transport.<br><strong>De asemenea, se poate \u00eent\u00e2mpla contrariul, atunci c\u00e2nd clientul expeditor nu a pl\u0103tit compania de transport sau expeditorul sau a pl\u0103tit doar o parte din sum\u0103.<\/strong>&nbsp;\u00cen acest caz, companiile de transport ar trebui, de asemenea, s\u0103 \u00eemp\u0103rt\u0103\u0219easc\u0103 cu restul colegilor lor despre clien\u021bii lipsi\u021bi de scrupule \u0219i s\u0103 scrie o recenzie negativ\u0103 despre clientul \u00een cauz\u0103. \u00cen ultima vreme, au ap\u0103rut tot mai mul\u021bi clien\u021bi ai proprietarilor de marf\u0103 care g\u0103sesc o mie de motive pentru a nu pl\u0103ti transportul.&nbsp;<strong>Companiile de transport ar trebui s\u0103 participe activ la scrierea de recenzii negative pentru a sc\u0103pa de clien\u021bii lor din comunitatea de afaceri.<\/strong><\/p>\n\n\n\n<p>Pute\u021bi l\u0103sa orice fel de feedback pe site, inclusiv despre activitatea companiei noastre. Toate recomand\u0103rile sunt citite, iar conducerea companiei ascult\u0103 opinia dumneavoastr\u0103, ceea ce este foarte valoros pentru noi. Scrie\u021bi \u0219i trimite\u021bi o recenzie info@movers-auto.md<\/p>\n","protected":false},"excerpt":{"rendered":"<p>Recenzii ale companiilor de transport. Comentariile clien\u021bilor despre proprietarii de marf\u0103. Atunci c\u00e2nd un client are o \u00eentrebare: ce companie de transport s\u0103 foloseasc\u0103, de multe ori nu \u0219tie unde s\u0103 mearg\u0103 \u0219i cui s\u0103 se adreseze. Din p\u0103cate, \u00een ciuda tuturor progreselor lumii moderne, oamenii folosesc oportunit\u0103\u021bile unice ale internetului destul de rar. La [&hellip;]<\/p>\n","protected":false},"author":1,"featured_media":0,"parent":0,"menu_order":0,"comment_status":"closed","ping_status":"closed","template":"template\/default.php","meta":{"_acf_changed":false,"footnotes":""},"class_list":["post-1952","page","type-page","status-publish","hentry"],"acf":[],"yoast_head":"<!-- This site is optimized with the Yoast SEO Premium plugin v25.8 (Yoast SEO v25.8) - https:\/\/yoast.com\/wordpress\/plugins\/seo\/ -->\n<title>Scrie\u021bi o recenzie, g\u0103si\u021bi o referin\u021b\u0103, scrie\u021bi o recenzie pozitiv\u0103, scrie\u021bi o recenzie negativ\u0103. - movers-auto<\/title>\n<meta name=\"description\" content=\"Scrie\u021bi o recenzie, g\u0103si\u021bi o referin\u021b\u0103, scrie\u021bi o recenzie pozitiv\u0103, scrie\u021bi o recenzie negativ\u0103.: \u043e\u0440\u0433\u0430\u043d\u0438\u0437\u0430\u0446\u0438\u044f \u0434\u043e\u0441\u0442\u0430\u0432\u043a\u0438 \u0433\u0440\u0443\u0437\u043e\u0432 \u0432 \u043b\u044e\u0431\u0443\u044e \u0442\u043e\u0447\u043a\u0443 \u043c\u0438\u0440\u0430 \ud83d\ude9a \u0430\u0432\u0442\u043e\u043c\u043e\u0431\u0438\u043b\u044c\u043d\u044b\u043c, \ud83d\udea4 \u043c\u043e\u0440\u0441\u043a\u0438\u043c, \u2708 \u0430\u0432\u0438\u0430 \u0438 \ud83d\ude82 \u0436\u0435\u043b\u0435\u0437\u043d\u043e\u0434\u043e\u0440\u043e\u0436\u043d\u044b\u043c \u0442\u0440\u0430\u043d\u0441\u043f\u043e\u0440\u0442\u043e\u043c.\" \/>\n<meta name=\"robots\" content=\"index, follow, max-snippet:-1, max-image-preview:large, max-video-preview:-1\" \/>\n<link rel=\"canonical\" href=\"https:\/\/movers-auto.md\/ro\/scrieti-o-recenzie-gasiti-o-referinta-scrieti-o-recenzie-pozitiva-scrieti-o-recenzie-negativa\/\" \/>\n<meta property=\"og:locale\" content=\"ro_RO\" \/>\n<meta property=\"og:type\" content=\"article\" \/>\n<meta property=\"og:title\" content=\"Scrie\u021bi o recenzie, g\u0103si\u021bi o referin\u021b\u0103, scrie\u021bi o recenzie pozitiv\u0103, scrie\u021bi o recenzie negativ\u0103.\" \/>\n<meta property=\"og:description\" content=\"Scrie\u021bi o recenzie, g\u0103si\u021bi o referin\u021b\u0103, scrie\u021bi o recenzie pozitiv\u0103, scrie\u021bi o recenzie negativ\u0103.: \u043e\u0440\u0433\u0430\u043d\u0438\u0437\u0430\u0446\u0438\u044f \u0434\u043e\u0441\u0442\u0430\u0432\u043a\u0438 \u0433\u0440\u0443\u0437\u043e\u0432 \u0432 \u043b\u044e\u0431\u0443\u044e \u0442\u043e\u0447\u043a\u0443 \u043c\u0438\u0440\u0430 \ud83d\ude9a \u0430\u0432\u0442\u043e\u043c\u043e\u0431\u0438\u043b\u044c\u043d\u044b\u043c, \ud83d\udea4 \u043c\u043e\u0440\u0441\u043a\u0438\u043c, \u2708 \u0430\u0432\u0438\u0430 \u0438 \ud83d\ude82 \u0436\u0435\u043b\u0435\u0437\u043d\u043e\u0434\u043e\u0440\u043e\u0436\u043d\u044b\u043c \u0442\u0440\u0430\u043d\u0441\u043f\u043e\u0440\u0442\u043e\u043c.\" \/>\n<meta property=\"og:url\" content=\"https:\/\/movers-auto.md\/ro\/scrieti-o-recenzie-gasiti-o-referinta-scrieti-o-recenzie-pozitiva-scrieti-o-recenzie-negativa\/\" \/>\n<meta property=\"og:site_name\" content=\"movers-auto\" \/>\n<meta property=\"article:modified_time\" content=\"2022-09-20T11:28:05+00:00\" \/>\n<meta property=\"og:image\" content=\"https:\/\/movers-auto.md\/wp-content\/uploads\/2022\/09\/w6e6461-resize.jpg\" \/>\n\t<meta property=\"og:image:width\" content=\"600\" \/>\n\t<meta property=\"og:image:height\" content=\"390\" \/>\n\t<meta property=\"og:image:type\" content=\"image\/jpeg\" \/>\n<meta name=\"twitter:card\" content=\"summary_large_image\" \/>\n<meta name=\"twitter:label1\" content=\"Timp estimat pentru citire\" \/>\n\t<meta name=\"twitter:data1\" content=\"3 minute\" \/>\n<script type=\"application\/ld+json\" class=\"yoast-schema-graph\">{\"@context\":\"https:\/\/schema.org\",\"@graph\":[{\"@type\":\"WebPage\",\"@id\":\"https:\/\/movers-auto.md\/ro\/scrieti-o-recenzie-gasiti-o-referinta-scrieti-o-recenzie-pozitiva-scrieti-o-recenzie-negativa\/\",\"url\":\"https:\/\/movers-auto.md\/ro\/scrieti-o-recenzie-gasiti-o-referinta-scrieti-o-recenzie-pozitiva-scrieti-o-recenzie-negativa\/\",\"name\":\"Scrie\u021bi o recenzie, g\u0103si\u021bi o referin\u021b\u0103, scrie\u021bi o recenzie pozitiv\u0103, scrie\u021bi o recenzie negativ\u0103. - movers-auto\",\"isPartOf\":{\"@id\":\"https:\/\/movers-auto.md\/ro\/#website\"},\"datePublished\":\"2022-09-10T02:39:31+00:00\",\"dateModified\":\"2022-09-20T11:28:05+00:00\",\"description\":\"Scrie\u021bi o recenzie, g\u0103si\u021bi o referin\u021b\u0103, scrie\u021bi o recenzie pozitiv\u0103, scrie\u021bi o recenzie negativ\u0103.: \u043e\u0440\u0433\u0430\u043d\u0438\u0437\u0430\u0446\u0438\u044f \u0434\u043e\u0441\u0442\u0430\u0432\u043a\u0438 \u0433\u0440\u0443\u0437\u043e\u0432 \u0432 \u043b\u044e\u0431\u0443\u044e \u0442\u043e\u0447\u043a\u0443 \u043c\u0438\u0440\u0430 \ud83d\ude9a \u0430\u0432\u0442\u043e\u043c\u043e\u0431\u0438\u043b\u044c\u043d\u044b\u043c, \ud83d\udea4 \u043c\u043e\u0440\u0441\u043a\u0438\u043c, \u2708 \u0430\u0432\u0438\u0430 \u0438 \ud83d\ude82 \u0436\u0435\u043b\u0435\u0437\u043d\u043e\u0434\u043e\u0440\u043e\u0436\u043d\u044b\u043c \u0442\u0440\u0430\u043d\u0441\u043f\u043e\u0440\u0442\u043e\u043c.\",\"breadcrumb\":{\"@id\":\"https:\/\/movers-auto.md\/ro\/scrieti-o-recenzie-gasiti-o-referinta-scrieti-o-recenzie-pozitiva-scrieti-o-recenzie-negativa\/#breadcrumb\"},\"inLanguage\":\"ro-RO\",\"potentialAction\":[{\"@type\":\"ReadAction\",\"target\":[\"https:\/\/movers-auto.md\/ro\/scrieti-o-recenzie-gasiti-o-referinta-scrieti-o-recenzie-pozitiva-scrieti-o-recenzie-negativa\/\"]}]},{\"@type\":\"BreadcrumbList\",\"@id\":\"https:\/\/movers-auto.md\/ro\/scrieti-o-recenzie-gasiti-o-referinta-scrieti-o-recenzie-pozitiva-scrieti-o-recenzie-negativa\/#breadcrumb\",\"itemListElement\":[{\"@type\":\"ListItem\",\"position\":1,\"name\":\"Home\",\"item\":\"https:\/\/movers-auto.md\/ro\/glavnaya\/\"},{\"@type\":\"ListItem\",\"position\":2,\"name\":\"Scrie\u021bi o recenzie, g\u0103si\u021bi o referin\u021b\u0103, scrie\u021bi o recenzie pozitiv\u0103, scrie\u021bi o recenzie negativ\u0103.\"}]},{\"@type\":\"WebSite\",\"@id\":\"https:\/\/movers-auto.md\/ro\/#website\",\"url\":\"https:\/\/movers-auto.md\/ro\/\",\"name\":\"movers-auto\",\"description\":\"\u041c\u0435\u0436\u0434\u0443\u043d\u0430\u0440\u043e\u0434\u043d\u044b\u0435 \u0442\u0440\u0430\u043d\u0441\u043f\u043e\u0440\u0442\u043d\u044b\u0435 \u0443\u0441\u043b\u0443\u0433\u0438\",\"publisher\":{\"@id\":\"https:\/\/movers-auto.md\/ro\/#organization\"},\"potentialAction\":[{\"@type\":\"SearchAction\",\"target\":{\"@type\":\"EntryPoint\",\"urlTemplate\":\"https:\/\/movers-auto.md\/ro\/?s={search_term_string}\"},\"query-input\":{\"@type\":\"PropertyValueSpecification\",\"valueRequired\":true,\"valueName\":\"search_term_string\"}}],\"inLanguage\":\"ro-RO\"},{\"@type\":\"Organization\",\"@id\":\"https:\/\/movers-auto.md\/ro\/#organization\",\"name\":\"Movers Auto MD\",\"url\":\"https:\/\/movers-auto.md\/ro\/\",\"logo\":{\"@type\":\"ImageObject\",\"inLanguage\":\"ro-RO\",\"@id\":\"https:\/\/movers-auto.md\/ro\/#\/schema\/logo\/image\/\",\"url\":\"\/wp-content\/uploads\/2022\/08\/logo-1.png\",\"contentUrl\":\"\/wp-content\/uploads\/2022\/08\/logo-1.png\",\"width\":184,\"height\":44,\"caption\":\"Movers Auto MD\"},\"image\":{\"@id\":\"https:\/\/movers-auto.md\/ro\/#\/schema\/logo\/image\/\"}}]}<\/script>\n<!-- \/ Yoast SEO Premium plugin. -->","yoast_head_json":{"title":"Scrie\u021bi o recenzie, g\u0103si\u021bi o referin\u021b\u0103, scrie\u021bi o recenzie pozitiv\u0103, scrie\u021bi o recenzie negativ\u0103. - movers-auto","description":"Scrie\u021bi o recenzie, g\u0103si\u021bi o referin\u021b\u0103, scrie\u021bi o recenzie pozitiv\u0103, scrie\u021bi o recenzie negativ\u0103.: \u043e\u0440\u0433\u0430\u043d\u0438\u0437\u0430\u0446\u0438\u044f \u0434\u043e\u0441\u0442\u0430\u0432\u043a\u0438 \u0433\u0440\u0443\u0437\u043e\u0432 \u0432 \u043b\u044e\u0431\u0443\u044e \u0442\u043e\u0447\u043a\u0443 \u043c\u0438\u0440\u0430 \ud83d\ude9a \u0430\u0432\u0442\u043e\u043c\u043e\u0431\u0438\u043b\u044c\u043d\u044b\u043c, \ud83d\udea4 \u043c\u043e\u0440\u0441\u043a\u0438\u043c, \u2708 \u0430\u0432\u0438\u0430 \u0438 \ud83d\ude82 \u0436\u0435\u043b\u0435\u0437\u043d\u043e\u0434\u043e\u0440\u043e\u0436\u043d\u044b\u043c \u0442\u0440\u0430\u043d\u0441\u043f\u043e\u0440\u0442\u043e\u043c.","robots":{"index":"index","follow":"follow","max-snippet":"max-snippet:-1","max-image-preview":"max-image-preview:large","max-video-preview":"max-video-preview:-1"},"canonical":"https:\/\/movers-auto.md\/ro\/scrieti-o-recenzie-gasiti-o-referinta-scrieti-o-recenzie-pozitiva-scrieti-o-recenzie-negativa\/","og_locale":"ro_RO","og_type":"article","og_title":"Scrie\u021bi o recenzie, g\u0103si\u021bi o referin\u021b\u0103, scrie\u021bi o recenzie pozitiv\u0103, scrie\u021bi o recenzie negativ\u0103.","og_description":"Scrie\u021bi o recenzie, g\u0103si\u021bi o referin\u021b\u0103, scrie\u021bi o recenzie pozitiv\u0103, scrie\u021bi o recenzie negativ\u0103.: \u043e\u0440\u0433\u0430\u043d\u0438\u0437\u0430\u0446\u0438\u044f \u0434\u043e\u0441\u0442\u0430\u0432\u043a\u0438 \u0433\u0440\u0443\u0437\u043e\u0432 \u0432 \u043b\u044e\u0431\u0443\u044e \u0442\u043e\u0447\u043a\u0443 \u043c\u0438\u0440\u0430 \ud83d\ude9a \u0430\u0432\u0442\u043e\u043c\u043e\u0431\u0438\u043b\u044c\u043d\u044b\u043c, \ud83d\udea4 \u043c\u043e\u0440\u0441\u043a\u0438\u043c, \u2708 \u0430\u0432\u0438\u0430 \u0438 \ud83d\ude82 \u0436\u0435\u043b\u0435\u0437\u043d\u043e\u0434\u043e\u0440\u043e\u0436\u043d\u044b\u043c \u0442\u0440\u0430\u043d\u0441\u043f\u043e\u0440\u0442\u043e\u043c.","og_url":"https:\/\/movers-auto.md\/ro\/scrieti-o-recenzie-gasiti-o-referinta-scrieti-o-recenzie-pozitiva-scrieti-o-recenzie-negativa\/","og_site_name":"movers-auto","article_modified_time":"2022-09-20T11:28:05+00:00","og_image":[{"width":600,"height":390,"url":"https:\/\/movers-auto.md\/wp-content\/uploads\/2022\/09\/w6e6461-resize.jpg","type":"image\/jpeg"}],"twitter_card":"summary_large_image","twitter_misc":{"Timp estimat pentru citire":"3 minute"},"schema":{"@context":"https:\/\/schema.org","@graph":[{"@type":"WebPage","@id":"https:\/\/movers-auto.md\/ro\/scrieti-o-recenzie-gasiti-o-referinta-scrieti-o-recenzie-pozitiva-scrieti-o-recenzie-negativa\/","url":"https:\/\/movers-auto.md\/ro\/scrieti-o-recenzie-gasiti-o-referinta-scrieti-o-recenzie-pozitiva-scrieti-o-recenzie-negativa\/","name":"Scrie\u021bi o recenzie, g\u0103si\u021bi o referin\u021b\u0103, scrie\u021bi o recenzie pozitiv\u0103, scrie\u021bi o recenzie negativ\u0103. - movers-auto","isPartOf":{"@id":"https:\/\/movers-auto.md\/ro\/#website"},"datePublished":"2022-09-10T02:39:31+00:00","dateModified":"2022-09-20T11:28:05+00:00","description":"Scrie\u021bi o recenzie, g\u0103si\u021bi o referin\u021b\u0103, scrie\u021bi o recenzie pozitiv\u0103, scrie\u021bi o recenzie negativ\u0103.: \u043e\u0440\u0433\u0430\u043d\u0438\u0437\u0430\u0446\u0438\u044f \u0434\u043e\u0441\u0442\u0430\u0432\u043a\u0438 \u0433\u0440\u0443\u0437\u043e\u0432 \u0432 \u043b\u044e\u0431\u0443\u044e \u0442\u043e\u0447\u043a\u0443 \u043c\u0438\u0440\u0430 \ud83d\ude9a \u0430\u0432\u0442\u043e\u043c\u043e\u0431\u0438\u043b\u044c\u043d\u044b\u043c, \ud83d\udea4 \u043c\u043e\u0440\u0441\u043a\u0438\u043c, \u2708 \u0430\u0432\u0438\u0430 \u0438 \ud83d\ude82 \u0436\u0435\u043b\u0435\u0437\u043d\u043e\u0434\u043e\u0440\u043e\u0436\u043d\u044b\u043c \u0442\u0440\u0430\u043d\u0441\u043f\u043e\u0440\u0442\u043e\u043c.","breadcrumb":{"@id":"https:\/\/movers-auto.md\/ro\/scrieti-o-recenzie-gasiti-o-referinta-scrieti-o-recenzie-pozitiva-scrieti-o-recenzie-negativa\/#breadcrumb"},"inLanguage":"ro-RO","potentialAction":[{"@type":"ReadAction","target":["https:\/\/movers-auto.md\/ro\/scrieti-o-recenzie-gasiti-o-referinta-scrieti-o-recenzie-pozitiva-scrieti-o-recenzie-negativa\/"]}]},{"@type":"BreadcrumbList","@id":"https:\/\/movers-auto.md\/ro\/scrieti-o-recenzie-gasiti-o-referinta-scrieti-o-recenzie-pozitiva-scrieti-o-recenzie-negativa\/#breadcrumb","itemListElement":[{"@type":"ListItem","position":1,"name":"Home","item":"https:\/\/movers-auto.md\/ro\/glavnaya\/"},{"@type":"ListItem","position":2,"name":"Scrie\u021bi o recenzie, g\u0103si\u021bi o referin\u021b\u0103, scrie\u021bi o recenzie pozitiv\u0103, scrie\u021bi o recenzie negativ\u0103."}]},{"@type":"WebSite","@id":"https:\/\/movers-auto.md\/ro\/#website","url":"https:\/\/movers-auto.md\/ro\/","name":"movers-auto","description":"\u041c\u0435\u0436\u0434\u0443\u043d\u0430\u0440\u043e\u0434\u043d\u044b\u0435 \u0442\u0440\u0430\u043d\u0441\u043f\u043e\u0440\u0442\u043d\u044b\u0435 \u0443\u0441\u043b\u0443\u0433\u0438","publisher":{"@id":"https:\/\/movers-auto.md\/ro\/#organization"},"potentialAction":[{"@type":"SearchAction","target":{"@type":"EntryPoint","urlTemplate":"https:\/\/movers-auto.md\/ro\/?s={search_term_string}"},"query-input":{"@type":"PropertyValueSpecification","valueRequired":true,"valueName":"search_term_string"}}],"inLanguage":"ro-RO"},{"@type":"Organization","@id":"https:\/\/movers-auto.md\/ro\/#organization","name":"Movers Auto MD","url":"https:\/\/movers-auto.md\/ro\/","logo":{"@type":"ImageObject","inLanguage":"ro-RO","@id":"https:\/\/movers-auto.md\/ro\/#\/schema\/logo\/image\/","url":"\/wp-content\/uploads\/2022\/08\/logo-1.png","contentUrl":"\/wp-content\/uploads\/2022\/08\/logo-1.png","width":184,"height":44,"caption":"Movers Auto MD"},"image":{"@id":"https:\/\/movers-auto.md\/ro\/#\/schema\/logo\/image\/"}}]}},"_links":{"self":[{"href":"https:\/\/movers-auto.md\/ro\/wp-json\/wp\/v2\/pages\/1952","targetHints":{"allow":["GET"]}}],"collection":[{"href":"https:\/\/movers-auto.md\/ro\/wp-json\/wp\/v2\/pages"}],"about":[{"href":"https:\/\/movers-auto.md\/ro\/wp-json\/wp\/v2\/types\/page"}],"author":[{"embeddable":true,"href":"https:\/\/movers-auto.md\/ro\/wp-json\/wp\/v2\/users\/1"}],"replies":[{"embeddable":true,"href":"https:\/\/movers-auto.md\/ro\/wp-json\/wp\/v2\/comments?post=1952"}],"version-history":[{"count":0,"href":"https:\/\/movers-auto.md\/ro\/wp-json\/wp\/v2\/pages\/1952\/revisions"}],"wp:attachment":[{"href":"https:\/\/movers-auto.md\/ro\/wp-json\/wp\/v2\/media?parent=1952"}],"curies":[{"name":"wp","href":"https:\/\/api.w.org\/{rel}","templated":true}]}}