{"id":1951,"date":"2022-09-10T13:26:34","date_gmt":"2022-09-10T03:56:34","guid":{"rendered":"https:\/\/movers-auto.md\/comercializarea-si-optimizarea-serviciilor-de-transport-marketingul-strategic-al-transportului-de-marfuri\/"},"modified":"2022-09-20T13:15:40","modified_gmt":"2022-09-20T10:15:40","slug":"comercializarea-si-optimizarea-serviciilor-de-transport-marketingul-strategic-al-transportului-de-marfuri","status":"publish","type":"page","link":"https:\/\/movers-auto.md\/ro\/comercializarea-si-optimizarea-serviciilor-de-transport-marketingul-strategic-al-transportului-de-marfuri\/","title":{"rendered":"Comercializarea \u0219i optimizarea serviciilor de transport. Marketingul strategic al transportului de m\u0103rfuri"},"content":{"rendered":"\n<p>\u00cen acest articol vom vorbi despre modul \u00een care marketingul \u0219i transportul de m\u0103rfuri sunt interdependente. Acesta va fi util at\u00e2t pentru proprietarii de m\u0103rfuri, c\u00e2t \u0219i pentru transportatori. Nu vom aprofunda teoria \u0219i nu vom descrie sensul \u0219i func\u021biile marketingului.<br>Este un proces prea versatil \u0219i prea \u00eendelungat pentru a furniza bunuri consumatorilor. Suntem interesa\u021bi de una dintre cele mai importante componente \u0219i func\u021bii principale ale acestui proces: transportul de bunuri de la produc\u0103tor la consumator sau de la produc\u0103tor la produc\u0103tor etc. &#8211; Aceasta este ceea ce fac companiile de expediere a m\u0103rfurilor. Din acest punct de vedere, acestora le este \u00eencredin\u021bat\u0103 cea mai important\u0103 func\u021bie de dezvoltare a \u00eentregii economii \u0219i afaceri na\u021bionale, deoarece f\u0103r\u0103 fluxuri de marf\u0103 bine stabilite \u0219i reglementate, orice cercetare de pia\u021b\u0103 este lipsit\u0103 de sens, iar produc\u021bia \u0219i v\u00e2nzarea de bunuri este \u00een pericol.<\/p>\n\n\n\n<p><strong>Orice companie de transport care dore\u0219te s\u0103 aib\u0103 succes pe pia\u021ba interna\u021bional\u0103 de transport de marf\u0103 urmeaz\u0103 un lan\u021b de marketing standardizat:<\/strong><\/p>\n\n\n\n<ul class=\"wp-block-list\"><li>Cercetarea pie\u021bei de transport de marf\u0103 (intern\u0103 \u0219i interna\u021bional\u0103), studiul cererii \u0219i al factorilor de pre\u021b: pentru companiile de transport de marf\u0103 din Moldova, o \u021bar\u0103 destul de mic\u0103 ca suprafa\u021b\u0103, dar foarte bine situat\u0103 \u00eentre pie\u021bele mari &#8211; UE, Ucraina \u0219i Rusia, este desigur necesar s\u0103 intre mai \u00eent\u00e2i pe pia\u021ba interna\u021bional\u0103 de transport de marf\u0103. Av\u00e2nd anumite avantaje fa\u021b\u0103 de concuren\u021bii din Rusia \u0219i Europa, transportatorii moldoveni pot atrage cu succes clien\u021bii din Moscova \u0219i alte ora\u0219e mari din Rusia \u0219i Europa prin condi\u021bii mai favorabile de transport, cum ar fi: cheltuieli minime pentru organizarea livr\u0103rii m\u0103rfurilor, combustibil relativ ieftin, prin urmare &#8211; pre\u021buri mai acceptabile pentru proprietarul m\u0103rfii; loca\u021bie geografic\u0103 convenabil\u0103 &#8211; apropierea de Marea Neagr\u0103, accesul la Turcia \u0219i alte \u021b\u0103ri din Orientul Mijlociu, prin urmare &#8211; economii de costuri pentru proprietarii de m\u0103rfuri. \u0218i acestea sunt doar cele mai superficiale exemple.<\/li><li>G\u0103sirea de consumatori pentru serviciile sale &#8211; proprietari de m\u0103rfuri \u0219i transportatori dispu\u0219i s\u0103 coopereze. Un instrument eficient \u00een acest caz este dezvoltarea site-ului web al companiei, plin de tot felul de informa\u021bii tematice legate de c\u0103utarea de m\u0103rfuri, logistic\u0103 etc.<\/li><li>\u0219i, ca ultim\u0103 component\u0103, organizarea livr\u0103rii \u00een sine.<\/li><\/ul>\n\n\n\n<p><strong>Companie de transport \u0219i expedi\u021bie Moversauto-Intertransport utilizeaz\u0103 noi tehnologii de expediere.<\/strong><br>Dar acest lucru nu este suficient. Pentru dezvoltarea cu succes a afacerii \u0219i pentru o cerere constant\u0103 pe pia\u021ba de transport rutier de m\u0103rfuri, este necesar\u0103 aplicarea unor instrumente de marketing suplimentare. Cum ar fi:<\/p>\n\n\n\n<ul class=\"wp-block-list\"><li>analiza continu\u0103 a pie\u021bei de transport de marf\u0103,<\/li><li>studierea celor mai recente tendin\u021be \u0219i criterii care definesc cerin\u021bele proprietarilor de m\u0103rfuri pentru transportul de m\u0103rfuri, preg\u0103tirea \u0219i aplicarea acestora \u00een propria activitate;<\/li><li>audituri periodice ale propriilor noastre opera\u021biuni de transport, cu scopul de a identifica \u0219i de a preveni reclama\u021biile din partea proprietarilor de marf\u0103 (de regul\u0103, clien\u021bii sunt preocupa\u021bi \u00een primul r\u00e2nd de 3 criterii: siguran\u021ba \u00eenc\u0103rc\u0103turii, respectarea termenelor de livrare \u0219i costurile);<\/li><li>analiza costurilor, g\u0103sirea unor rute ra\u021bionale;<\/li><li>\u0219i cel mai important pentru orice client &#8211; o politic\u0103 de pre\u021buri flexibil\u0103.<\/li><\/ul>\n\n\n\n<p>Aceasta este sarcina principal\u0103 a managementului, iar instrumentele de marketing enumerate mai sus \u00eel vor ajuta s\u0103 fac\u0103 acest lucru.<\/p>\n","protected":false},"excerpt":{"rendered":"<p>\u00cen acest articol vom vorbi despre modul \u00een care marketingul \u0219i transportul de m\u0103rfuri sunt interdependente. Acesta va fi util at\u00e2t pentru proprietarii de m\u0103rfuri, c\u00e2t \u0219i pentru transportatori. Nu vom aprofunda teoria \u0219i nu vom descrie sensul \u0219i func\u021biile marketingului.Este un proces prea versatil \u0219i prea \u00eendelungat pentru a furniza bunuri consumatorilor. Suntem interesa\u021bi [&hellip;]<\/p>\n","protected":false},"author":1,"featured_media":0,"parent":0,"menu_order":0,"comment_status":"closed","ping_status":"closed","template":"template\/default.php","meta":{"_acf_changed":false,"footnotes":""},"class_list":["post-1951","page","type-page","status-publish","hentry"],"acf":[],"yoast_head":"<!-- This site is optimized with the Yoast SEO Premium plugin v25.8 (Yoast SEO v25.8) - https:\/\/yoast.com\/wordpress\/plugins\/seo\/ -->\n<title>Comercializarea \u0219i optimizarea serviciilor de transport. Marketingul strategic al transportului de m\u0103rfuri - movers-auto<\/title>\n<meta name=\"description\" content=\"Comercializarea \u0219i optimizarea serviciilor de transport. Marketingul strategic al transportului de m\u0103rfuri: \u043e\u0440\u0433\u0430\u043d\u0438\u0437\u0430\u0446\u0438\u044f \u0434\u043e\u0441\u0442\u0430\u0432\u043a\u0438 \u0433\u0440\u0443\u0437\u043e\u0432 \u0432 \u043b\u044e\u0431\u0443\u044e \u0442\u043e\u0447\u043a\u0443 \u043c\u0438\u0440\u0430 \ud83d\ude9a \u0430\u0432\u0442\u043e\u043c\u043e\u0431\u0438\u043b\u044c\u043d\u044b\u043c, \ud83d\udea4 \u043c\u043e\u0440\u0441\u043a\u0438\u043c, \u2708 \u0430\u0432\u0438\u0430 \u0438 \ud83d\ude82 \u0436\u0435\u043b\u0435\u0437\u043d\u043e\u0434\u043e\u0440\u043e\u0436\u043d\u044b\u043c \u0442\u0440\u0430\u043d\u0441\u043f\u043e\u0440\u0442\u043e\u043c.\" \/>\n<meta name=\"robots\" content=\"index, follow, max-snippet:-1, max-image-preview:large, max-video-preview:-1\" \/>\n<link rel=\"canonical\" href=\"https:\/\/movers-auto.md\/ro\/comercializarea-si-optimizarea-serviciilor-de-transport-marketingul-strategic-al-transportului-de-marfuri\/\" \/>\n<meta property=\"og:locale\" content=\"ro_RO\" \/>\n<meta property=\"og:type\" content=\"article\" \/>\n<meta property=\"og:title\" content=\"Comercializarea \u0219i optimizarea serviciilor de transport. Marketingul strategic al transportului de m\u0103rfuri\" \/>\n<meta property=\"og:description\" content=\"Comercializarea \u0219i optimizarea serviciilor de transport. Marketingul strategic al transportului de m\u0103rfuri: \u043e\u0440\u0433\u0430\u043d\u0438\u0437\u0430\u0446\u0438\u044f \u0434\u043e\u0441\u0442\u0430\u0432\u043a\u0438 \u0433\u0440\u0443\u0437\u043e\u0432 \u0432 \u043b\u044e\u0431\u0443\u044e \u0442\u043e\u0447\u043a\u0443 \u043c\u0438\u0440\u0430 \ud83d\ude9a \u0430\u0432\u0442\u043e\u043c\u043e\u0431\u0438\u043b\u044c\u043d\u044b\u043c, \ud83d\udea4 \u043c\u043e\u0440\u0441\u043a\u0438\u043c, \u2708 \u0430\u0432\u0438\u0430 \u0438 \ud83d\ude82 \u0436\u0435\u043b\u0435\u0437\u043d\u043e\u0434\u043e\u0440\u043e\u0436\u043d\u044b\u043c \u0442\u0440\u0430\u043d\u0441\u043f\u043e\u0440\u0442\u043e\u043c.\" \/>\n<meta property=\"og:url\" content=\"https:\/\/movers-auto.md\/ro\/comercializarea-si-optimizarea-serviciilor-de-transport-marketingul-strategic-al-transportului-de-marfuri\/\" \/>\n<meta property=\"og:site_name\" content=\"movers-auto\" \/>\n<meta property=\"article:modified_time\" content=\"2022-09-20T10:15:40+00:00\" \/>\n<meta property=\"og:image\" content=\"https:\/\/movers-auto.md\/wp-content\/uploads\/2022\/09\/w6e6461-resize.jpg\" \/>\n\t<meta property=\"og:image:width\" content=\"600\" \/>\n\t<meta property=\"og:image:height\" content=\"390\" \/>\n\t<meta property=\"og:image:type\" content=\"image\/jpeg\" \/>\n<meta name=\"twitter:card\" content=\"summary_large_image\" \/>\n<meta name=\"twitter:label1\" content=\"Timp estimat pentru citire\" \/>\n\t<meta name=\"twitter:data1\" content=\"3 minute\" \/>\n<script type=\"application\/ld+json\" class=\"yoast-schema-graph\">{\"@context\":\"https:\/\/schema.org\",\"@graph\":[{\"@type\":\"WebPage\",\"@id\":\"https:\/\/movers-auto.md\/ro\/comercializarea-si-optimizarea-serviciilor-de-transport-marketingul-strategic-al-transportului-de-marfuri\/\",\"url\":\"https:\/\/movers-auto.md\/ro\/comercializarea-si-optimizarea-serviciilor-de-transport-marketingul-strategic-al-transportului-de-marfuri\/\",\"name\":\"Comercializarea \u0219i optimizarea serviciilor de transport. Marketingul strategic al transportului de m\u0103rfuri - movers-auto\",\"isPartOf\":{\"@id\":\"https:\/\/movers-auto.md\/ro\/#website\"},\"datePublished\":\"2022-09-10T03:56:34+00:00\",\"dateModified\":\"2022-09-20T10:15:40+00:00\",\"description\":\"Comercializarea \u0219i optimizarea serviciilor de transport. Marketingul strategic al transportului de m\u0103rfuri: \u043e\u0440\u0433\u0430\u043d\u0438\u0437\u0430\u0446\u0438\u044f \u0434\u043e\u0441\u0442\u0430\u0432\u043a\u0438 \u0433\u0440\u0443\u0437\u043e\u0432 \u0432 \u043b\u044e\u0431\u0443\u044e \u0442\u043e\u0447\u043a\u0443 \u043c\u0438\u0440\u0430 \ud83d\ude9a \u0430\u0432\u0442\u043e\u043c\u043e\u0431\u0438\u043b\u044c\u043d\u044b\u043c, \ud83d\udea4 \u043c\u043e\u0440\u0441\u043a\u0438\u043c, \u2708 \u0430\u0432\u0438\u0430 \u0438 \ud83d\ude82 \u0436\u0435\u043b\u0435\u0437\u043d\u043e\u0434\u043e\u0440\u043e\u0436\u043d\u044b\u043c \u0442\u0440\u0430\u043d\u0441\u043f\u043e\u0440\u0442\u043e\u043c.\",\"breadcrumb\":{\"@id\":\"https:\/\/movers-auto.md\/ro\/comercializarea-si-optimizarea-serviciilor-de-transport-marketingul-strategic-al-transportului-de-marfuri\/#breadcrumb\"},\"inLanguage\":\"ro-RO\",\"potentialAction\":[{\"@type\":\"ReadAction\",\"target\":[\"https:\/\/movers-auto.md\/ro\/comercializarea-si-optimizarea-serviciilor-de-transport-marketingul-strategic-al-transportului-de-marfuri\/\"]}]},{\"@type\":\"BreadcrumbList\",\"@id\":\"https:\/\/movers-auto.md\/ro\/comercializarea-si-optimizarea-serviciilor-de-transport-marketingul-strategic-al-transportului-de-marfuri\/#breadcrumb\",\"itemListElement\":[{\"@type\":\"ListItem\",\"position\":1,\"name\":\"Home\",\"item\":\"https:\/\/movers-auto.md\/ro\/glavnaya\/\"},{\"@type\":\"ListItem\",\"position\":2,\"name\":\"Comercializarea \u0219i optimizarea serviciilor de transport. Marketingul strategic al transportului de m\u0103rfuri\"}]},{\"@type\":\"WebSite\",\"@id\":\"https:\/\/movers-auto.md\/ro\/#website\",\"url\":\"https:\/\/movers-auto.md\/ro\/\",\"name\":\"movers-auto\",\"description\":\"\u041c\u0435\u0436\u0434\u0443\u043d\u0430\u0440\u043e\u0434\u043d\u044b\u0435 \u0442\u0440\u0430\u043d\u0441\u043f\u043e\u0440\u0442\u043d\u044b\u0435 \u0443\u0441\u043b\u0443\u0433\u0438\",\"publisher\":{\"@id\":\"https:\/\/movers-auto.md\/ro\/#organization\"},\"potentialAction\":[{\"@type\":\"SearchAction\",\"target\":{\"@type\":\"EntryPoint\",\"urlTemplate\":\"https:\/\/movers-auto.md\/ro\/?s={search_term_string}\"},\"query-input\":{\"@type\":\"PropertyValueSpecification\",\"valueRequired\":true,\"valueName\":\"search_term_string\"}}],\"inLanguage\":\"ro-RO\"},{\"@type\":\"Organization\",\"@id\":\"https:\/\/movers-auto.md\/ro\/#organization\",\"name\":\"Movers Auto MD\",\"url\":\"https:\/\/movers-auto.md\/ro\/\",\"logo\":{\"@type\":\"ImageObject\",\"inLanguage\":\"ro-RO\",\"@id\":\"https:\/\/movers-auto.md\/ro\/#\/schema\/logo\/image\/\",\"url\":\"\/wp-content\/uploads\/2022\/08\/logo-1.png\",\"contentUrl\":\"\/wp-content\/uploads\/2022\/08\/logo-1.png\",\"width\":184,\"height\":44,\"caption\":\"Movers Auto MD\"},\"image\":{\"@id\":\"https:\/\/movers-auto.md\/ro\/#\/schema\/logo\/image\/\"}}]}<\/script>\n<!-- \/ Yoast SEO Premium plugin. -->","yoast_head_json":{"title":"Comercializarea \u0219i optimizarea serviciilor de transport. Marketingul strategic al transportului de m\u0103rfuri - movers-auto","description":"Comercializarea \u0219i optimizarea serviciilor de transport. Marketingul strategic al transportului de m\u0103rfuri: \u043e\u0440\u0433\u0430\u043d\u0438\u0437\u0430\u0446\u0438\u044f \u0434\u043e\u0441\u0442\u0430\u0432\u043a\u0438 \u0433\u0440\u0443\u0437\u043e\u0432 \u0432 \u043b\u044e\u0431\u0443\u044e \u0442\u043e\u0447\u043a\u0443 \u043c\u0438\u0440\u0430 \ud83d\ude9a \u0430\u0432\u0442\u043e\u043c\u043e\u0431\u0438\u043b\u044c\u043d\u044b\u043c, \ud83d\udea4 \u043c\u043e\u0440\u0441\u043a\u0438\u043c, \u2708 \u0430\u0432\u0438\u0430 \u0438 \ud83d\ude82 \u0436\u0435\u043b\u0435\u0437\u043d\u043e\u0434\u043e\u0440\u043e\u0436\u043d\u044b\u043c \u0442\u0440\u0430\u043d\u0441\u043f\u043e\u0440\u0442\u043e\u043c.","robots":{"index":"index","follow":"follow","max-snippet":"max-snippet:-1","max-image-preview":"max-image-preview:large","max-video-preview":"max-video-preview:-1"},"canonical":"https:\/\/movers-auto.md\/ro\/comercializarea-si-optimizarea-serviciilor-de-transport-marketingul-strategic-al-transportului-de-marfuri\/","og_locale":"ro_RO","og_type":"article","og_title":"Comercializarea \u0219i optimizarea serviciilor de transport. Marketingul strategic al transportului de m\u0103rfuri","og_description":"Comercializarea \u0219i optimizarea serviciilor de transport. Marketingul strategic al transportului de m\u0103rfuri: \u043e\u0440\u0433\u0430\u043d\u0438\u0437\u0430\u0446\u0438\u044f \u0434\u043e\u0441\u0442\u0430\u0432\u043a\u0438 \u0433\u0440\u0443\u0437\u043e\u0432 \u0432 \u043b\u044e\u0431\u0443\u044e \u0442\u043e\u0447\u043a\u0443 \u043c\u0438\u0440\u0430 \ud83d\ude9a \u0430\u0432\u0442\u043e\u043c\u043e\u0431\u0438\u043b\u044c\u043d\u044b\u043c, \ud83d\udea4 \u043c\u043e\u0440\u0441\u043a\u0438\u043c, \u2708 \u0430\u0432\u0438\u0430 \u0438 \ud83d\ude82 \u0436\u0435\u043b\u0435\u0437\u043d\u043e\u0434\u043e\u0440\u043e\u0436\u043d\u044b\u043c \u0442\u0440\u0430\u043d\u0441\u043f\u043e\u0440\u0442\u043e\u043c.","og_url":"https:\/\/movers-auto.md\/ro\/comercializarea-si-optimizarea-serviciilor-de-transport-marketingul-strategic-al-transportului-de-marfuri\/","og_site_name":"movers-auto","article_modified_time":"2022-09-20T10:15:40+00:00","og_image":[{"width":600,"height":390,"url":"https:\/\/movers-auto.md\/wp-content\/uploads\/2022\/09\/w6e6461-resize.jpg","type":"image\/jpeg"}],"twitter_card":"summary_large_image","twitter_misc":{"Timp estimat pentru citire":"3 minute"},"schema":{"@context":"https:\/\/schema.org","@graph":[{"@type":"WebPage","@id":"https:\/\/movers-auto.md\/ro\/comercializarea-si-optimizarea-serviciilor-de-transport-marketingul-strategic-al-transportului-de-marfuri\/","url":"https:\/\/movers-auto.md\/ro\/comercializarea-si-optimizarea-serviciilor-de-transport-marketingul-strategic-al-transportului-de-marfuri\/","name":"Comercializarea \u0219i optimizarea serviciilor de transport. Marketingul strategic al transportului de m\u0103rfuri - movers-auto","isPartOf":{"@id":"https:\/\/movers-auto.md\/ro\/#website"},"datePublished":"2022-09-10T03:56:34+00:00","dateModified":"2022-09-20T10:15:40+00:00","description":"Comercializarea \u0219i optimizarea serviciilor de transport. Marketingul strategic al transportului de m\u0103rfuri: \u043e\u0440\u0433\u0430\u043d\u0438\u0437\u0430\u0446\u0438\u044f \u0434\u043e\u0441\u0442\u0430\u0432\u043a\u0438 \u0433\u0440\u0443\u0437\u043e\u0432 \u0432 \u043b\u044e\u0431\u0443\u044e \u0442\u043e\u0447\u043a\u0443 \u043c\u0438\u0440\u0430 \ud83d\ude9a \u0430\u0432\u0442\u043e\u043c\u043e\u0431\u0438\u043b\u044c\u043d\u044b\u043c, \ud83d\udea4 \u043c\u043e\u0440\u0441\u043a\u0438\u043c, \u2708 \u0430\u0432\u0438\u0430 \u0438 \ud83d\ude82 \u0436\u0435\u043b\u0435\u0437\u043d\u043e\u0434\u043e\u0440\u043e\u0436\u043d\u044b\u043c \u0442\u0440\u0430\u043d\u0441\u043f\u043e\u0440\u0442\u043e\u043c.","breadcrumb":{"@id":"https:\/\/movers-auto.md\/ro\/comercializarea-si-optimizarea-serviciilor-de-transport-marketingul-strategic-al-transportului-de-marfuri\/#breadcrumb"},"inLanguage":"ro-RO","potentialAction":[{"@type":"ReadAction","target":["https:\/\/movers-auto.md\/ro\/comercializarea-si-optimizarea-serviciilor-de-transport-marketingul-strategic-al-transportului-de-marfuri\/"]}]},{"@type":"BreadcrumbList","@id":"https:\/\/movers-auto.md\/ro\/comercializarea-si-optimizarea-serviciilor-de-transport-marketingul-strategic-al-transportului-de-marfuri\/#breadcrumb","itemListElement":[{"@type":"ListItem","position":1,"name":"Home","item":"https:\/\/movers-auto.md\/ro\/glavnaya\/"},{"@type":"ListItem","position":2,"name":"Comercializarea \u0219i optimizarea serviciilor de transport. Marketingul strategic al transportului de m\u0103rfuri"}]},{"@type":"WebSite","@id":"https:\/\/movers-auto.md\/ro\/#website","url":"https:\/\/movers-auto.md\/ro\/","name":"movers-auto","description":"\u041c\u0435\u0436\u0434\u0443\u043d\u0430\u0440\u043e\u0434\u043d\u044b\u0435 \u0442\u0440\u0430\u043d\u0441\u043f\u043e\u0440\u0442\u043d\u044b\u0435 \u0443\u0441\u043b\u0443\u0433\u0438","publisher":{"@id":"https:\/\/movers-auto.md\/ro\/#organization"},"potentialAction":[{"@type":"SearchAction","target":{"@type":"EntryPoint","urlTemplate":"https:\/\/movers-auto.md\/ro\/?s={search_term_string}"},"query-input":{"@type":"PropertyValueSpecification","valueRequired":true,"valueName":"search_term_string"}}],"inLanguage":"ro-RO"},{"@type":"Organization","@id":"https:\/\/movers-auto.md\/ro\/#organization","name":"Movers Auto MD","url":"https:\/\/movers-auto.md\/ro\/","logo":{"@type":"ImageObject","inLanguage":"ro-RO","@id":"https:\/\/movers-auto.md\/ro\/#\/schema\/logo\/image\/","url":"\/wp-content\/uploads\/2022\/08\/logo-1.png","contentUrl":"\/wp-content\/uploads\/2022\/08\/logo-1.png","width":184,"height":44,"caption":"Movers Auto MD"},"image":{"@id":"https:\/\/movers-auto.md\/ro\/#\/schema\/logo\/image\/"}}]}},"_links":{"self":[{"href":"https:\/\/movers-auto.md\/ro\/wp-json\/wp\/v2\/pages\/1951","targetHints":{"allow":["GET"]}}],"collection":[{"href":"https:\/\/movers-auto.md\/ro\/wp-json\/wp\/v2\/pages"}],"about":[{"href":"https:\/\/movers-auto.md\/ro\/wp-json\/wp\/v2\/types\/page"}],"author":[{"embeddable":true,"href":"https:\/\/movers-auto.md\/ro\/wp-json\/wp\/v2\/users\/1"}],"replies":[{"embeddable":true,"href":"https:\/\/movers-auto.md\/ro\/wp-json\/wp\/v2\/comments?post=1951"}],"version-history":[{"count":0,"href":"https:\/\/movers-auto.md\/ro\/wp-json\/wp\/v2\/pages\/1951\/revisions"}],"wp:attachment":[{"href":"https:\/\/movers-auto.md\/ro\/wp-json\/wp\/v2\/media?parent=1951"}],"curies":[{"name":"wp","href":"https:\/\/api.w.org\/{rel}","templated":true}]}}