{"id":1949,"date":"2022-09-03T16:59:04","date_gmt":"2022-09-03T07:29:04","guid":{"rendered":"https:\/\/movers-auto.md\/consiliere-on-line\/"},"modified":"2022-09-20T13:15:45","modified_gmt":"2022-09-20T10:15:45","slug":"consiliere-on-line","status":"publish","type":"page","link":"https:\/\/movers-auto.md\/ro\/consiliere-on-line\/","title":{"rendered":"Consiliere on-line"},"content":{"rendered":"\n<h3 class=\"wp-block-heading\">Consultan\u021b\u0103 \u00een domeniul transporturilor pentru proprietarii de m\u0103rfuri \u0219i companiile de transport.<\/h3>\n\n\n\n<p>Consultan\u021b\u0103 ON-LINE, consultan\u021b\u0103 privind transportul interna\u021bional de m\u0103rfuri, transportul maritim de containere.<br>MOVERSAUTO-INTERTRANSPORT S.R.L., o companie de expedi\u021bii din Moldova, activeaz\u0103 de mai mult timp pe pia\u021ba de transport de marf\u0103 intern\u0103 \u0219i interna\u021bional\u0103. Efectu\u0103m transporturi de toate tipurile de m\u0103rfuri prin diferite mijloace de transport \u00een Rusia, \u021b\u0103rile CSI, \u021b\u0103rile baltice, \u021b\u0103rile europene \u0219i asiatice. \u00cen fiecare zi, angaja\u021bii companiei noastre de transport primesc noi solicit\u0103ri din partea proprietarilor de m\u0103rfuri \u0219i a reprezentan\u021bilor diferitelor industrii.&nbsp;<strong>Pentru sfaturi&nbsp;<\/strong>,\u0219i o estimare a costurilor de transport, trimite\u021bi un formular de cerere la adresa.<\/p>\n\n\n\n<ul class=\"wp-block-list\"><li>La fiecare or\u0103, transportatorii cu care lucr\u0103m informeaz\u0103 expeditorul c\u0103 transportul a fost livrat cu succes la destina\u021bie. Comunicarea constant\u0103 cu transportatorul ne permite s\u0103 facem ajust\u0103ri \u00een orice moment, de exemplu, s\u0103 schimb\u0103m traseul \u00een caz de vreme rea iminent\u0103 sau, \u00een cazul unei comenzi urgente pentru un transport care tocmai a ajuns \u00eentr-un port important din Rom\u00e2nia sau China, s\u0103 trimitem la destina\u021bie un vehicul disponibil \u00een apropiere. Cunoa\u0219terea loca\u021biei transportatorilor ne permite s\u0103 le d\u0103m rapid noi comenzi, iar cunoa\u0219terea st\u0103rii \u0219i siguran\u021bei \u00eenc\u0103rc\u0103turii este garan\u021bia noastr\u0103 \u0219i \u00eencrederea clientului nostru \u00een alegerea corect\u0103.<\/li><li>Invit\u0103m la colaborare agen\u021bi economici, companii implicate \u00een cump\u0103rarea \u0219i v\u00e2nzarea cu ridicata a produselor alimentare, bunuri de consum, medicamente, materiale de construc\u021bii, etc. Dealeri auto. Persoanele fizice care au nevoie de un transport auto fiabil din Europa; companiile de petrol \u0219i gaze \u0219i uzinele chimice ne pot contacta \u00een leg\u0103tur\u0103 cu \u00eenc\u0103rc\u0103turile de lichide periculoase.<\/li><li>Pentru \u00eentreprinderile mici \u0219i mijlocii \u0219i pentru persoanele fizice, transportul \u00een regim de grupaj sau \u00een containere este ideal &#8211; economic \u0219i practic, \u00een special atunci c\u00e2nd este vorba de distan\u021be mai mari.<\/li><li>Pentru fiecare destina\u021bie \u0219i mod de transport, fie c\u0103 este vorba de camioane supradimensionate, de tren sau de containere maritime, avem oferte speciale \u0219i suntem siguri c\u0103 vom ajunge la un acord reciproc \u00een toate aspectele, ar\u0103t\u00e2nd r\u0103bdare celor preten\u021bio\u0219i, ar\u0103t\u00e2nd calitate celor sensibili.<\/li><li>Pentru sfaturi despre toate tipurile de transport, v\u0103 rug\u0103m s\u0103 completa\u021bi formularul de feedback, v\u0103 vom suna \u00eenapoi.<\/li><\/ul>\n\n\n\n<p><strong><br>Cooperarea cu companiile de transport, transportatorii, proprietarii de transporturi<\/strong><\/p>\n\n\n\n<p>Economia fiec\u0103rei \u021b\u0103ri industrializate poate fi judecat\u0103 dup\u0103 starea pie\u021bei interne: concuren\u021b\u0103 s\u0103n\u0103toas\u0103, adaptarea cererii la ofert\u0103 \u0219i respectarea altor condi\u021bii necesare pentru dezvoltarea normal\u0103 a afacerilor. Companiile de transport, ca reprezentan\u021bi ai uneia dintre cele mai importante componente ale infrastructurii \u0219i sectoarelor economice ale statului, nu fac excep\u021bie. Capitalul \u0219i personalul profesionist nu sunt suficiente pentru a crea o companie de expedi\u021bie de marf\u0103 cu adev\u0103rat mare \u0219i de succes..<\/p>\n\n\n\n<ul class=\"wp-block-list\"><li>Organizarea transportului interna\u021bional de m\u0103rfuri difer\u0103 de alte domenii ale vie\u021bii prin faptul c\u0103 interac\u021bioneaz\u0103 \u00eendeaproape cu aproape toate celelalte domenii &#8211; industria u\u0219oar\u0103 \u0219i grea, agricultura, construc\u021biile, cre\u0219terea animalelor, petrolul, medicina \u0219i multe altele. Niciunul dintre aceste domenii nu se poate lipsi de companiile de transport, a\u0219a cum este dificil pentru o companie de transport de marf\u0103 prosper\u0103 s\u0103 continue s\u0103 se dezvolte f\u0103r\u0103 parteneri, contractori (care preiau anumite func\u021bii), sucursale \u0219i reprezentan\u021be..<\/li><li>Compania noastr\u0103 de transport caut\u0103 colegi din Moldova \u0219i din \u021b\u0103rile vecine cu o propunere de cooperare reciproc avantajoas\u0103 pe pia\u021ba interna\u021bional\u0103 de transport de marf\u0103. Vom ajuta companiile noi, care abia \u00eencearc\u0103 s\u0103 intre pe pia\u021ba de transport \u0219i care au o lips\u0103 de comenzi, s\u0103 g\u0103seasc\u0103 rapid m\u0103rfuri care s\u0103 fie transportate.<\/li><li>Invit\u0103m la cooperare transportatorii cu experien\u021b\u0103 \u00een livrarea de m\u0103rfuri periculoase, supradimensionate, voluminoase, alte tipuri de m\u0103rfuri c\u0103tre Rusia, Rom\u00e2nia, UE, \u021a\u0103rile Baltice, Asia. Suntem interesa\u021bi de o colaborare str\u00e2ns\u0103 cu marile companii de transport din CSI \u0219i Europa de Sud-Est pentru asisten\u021b\u0103 reciproc\u0103 \u0219i dezvoltarea rela\u021biilor publice. Suntem deschi\u0219i speciali\u0219tilor din domeniul logisticii transporturilor, al dreptului \u0219i reprezentan\u021bilor serviciilor de brokeraj.<\/li><\/ul>\n\n\n\n<p><strong>Ofer\u0103 servicii de transport, consultan\u021b\u0103 privind toate tipurile de transport.<\/strong><\/p>\n\n\n\n<ul class=\"wp-block-list\">\r\n\t<li> <strong><a href=\"https:\/\/movers-auto.md\/price_services\/stoimost-perevozki-tentovannymi-polupriczepami-raznyh-obyomov\/\">Livrarea \u00eenc\u0103rc\u0103turii cu semiremorci basculante de diferite capacit\u0103\u021bi<< \/a><\/strong><\/li>\r\n\t<li><strong><a href=\"https:\/\/movers-auto.md\/price_services\/stoimost-dostavki-skoroportyashhihsya-gruzov-refrizheratorami\/\">Transportul de m\u0103rfuri perisabile cu camionul frigorific<\/a><\/strong><\/li>\r\n\t<li><strong><a href=\"https:\/\/movers-auto.md\/price_services\/czena-gruzoperevozki-opasnyh-gruzov-adr-klassa\/\">Transport de m\u0103rfuri periculoase \u00een clasa ADR<\/a><\/strong><\/li>\r\n\t<li><strong><a href=\"https:\/\/movers-auto.md\/price_services\/stoimost-perevozki-sbornyh-konsolidirovannyh-gruzov-vesom-ot-100kg\/\">Transporturi consolidate \u0219i consolidate de la 100 kg<\/a><\/strong><\/li>\r\n\t<li><strong><a href=\"https:\/\/movers-auto.md\/price_services\/stoimost-dostavki-negabaritnyh-gruzov\/\">Transport de m\u0103rfuri supradimensionate<\/a><\/strong><\/li>\r\n\t<li><strong><a href=\"https:\/\/movers-auto.md\/price_services\/czena-na-perevozku-avtomobilej-avtovozami\/\">Camioane de transport auto<\/a><\/strong><\/li>\r\n\t<li><strong><a href=\"https:\/\/movers-auto.md\/price_services\/stoimost-avtoperevozki-obyomnyh-lyogkih-gruzov-do-120-kub\/\">Transport \u00een vrac p\u00e2n\u0103 la 120 cbm<\/a><\/strong><\/li>\r\n\t<li><strong><a href=\"https:\/\/movers-auto.md\/price_services\/stoimost-uslug-transporta-samosval\/\">Furnizare de transport Autobasculant\u0103<\/a><\/strong><\/li>\r\n\t<li><strong><a href=\"https:\/\/movers-auto.md\/price_services\/stoimost-perevozki-zhidkih-nalivnyh-gruzov-v-czisternah\/\">Transportul de m\u0103rfuri lichide \u00een vrac \u00een cisterne<\/a><\/strong><\/li>\r\n\t<li><strong><a href=\"https:\/\/movers-auto.md\/price_services\/stoimost-organizaczii-multimodalnyh-perevozok\/\">Organizarea transportului multimodal<\/a><\/strong><\/li>\r\n\t<li><strong><a href=\"https:\/\/movers-auto.md\/price_services\/czeny-na-aviaperevozki-i-ekspress-dostavku\/\">Transport aerian \u0219i livrare expres<\/a><\/strong><\/li>\r\n\t<li><strong><a href=\"https:\/\/movers-auto.md\/price_services\/czeny-na-morskie-kontejnernye-gruzoperevozki\/\">Transport maritim containerizat<\/a><\/strong><\/li>\r\n\t<li><strong><a href=\"https:\/\/movers-auto.md\/price_services\/stoimost-perevozki-kontejnerov-20-ti-40-fut-kontejnerovozami\/\">Transport \u00een containere: 20 \u0219i 40 Fut. cu camioane container p\u00e2n\u0103 la depozitul destinatarului.<\/a><\/strong><\/li>\r\n\t<li><strong><a href=\"https:\/\/movers-auto.md\/price_services\/czeny-na-perevozki-zheleznodorozhnymi-vagonami-termosami-kontejnerami\/\">Transport pe calea ferat\u0103 vagoane, termos, containere<\/a><\/strong><\/li>\r\n<\/ul>\n","protected":false},"excerpt":{"rendered":"<p>Consultan\u021b\u0103 \u00een domeniul transporturilor pentru proprietarii de m\u0103rfuri \u0219i companiile de transport. Consultan\u021b\u0103 ON-LINE, consultan\u021b\u0103 privind transportul interna\u021bional de m\u0103rfuri, transportul maritim de containere.MOVERSAUTO-INTERTRANSPORT S.R.L., o companie de expedi\u021bii din Moldova, activeaz\u0103 de mai mult timp pe pia\u021ba de transport de marf\u0103 intern\u0103 \u0219i interna\u021bional\u0103. Efectu\u0103m transporturi de toate tipurile de m\u0103rfuri prin diferite mijloace [&hellip;]<\/p>\n","protected":false},"author":1,"featured_media":0,"parent":0,"menu_order":0,"comment_status":"closed","ping_status":"closed","template":"template\/consultation_online.php","meta":{"_acf_changed":false,"footnotes":""},"class_list":["post-1949","page","type-page","status-publish","hentry"],"acf":[],"yoast_head":"<!-- This site is optimized with the Yoast SEO Premium plugin v25.8 (Yoast SEO v25.8) - https:\/\/yoast.com\/wordpress\/plugins\/seo\/ -->\n<title>Consiliere on-line - movers-auto<\/title>\n<meta name=\"description\" content=\"Consiliere on-line: \u043e\u0440\u0433\u0430\u043d\u0438\u0437\u0430\u0446\u0438\u044f \u0434\u043e\u0441\u0442\u0430\u0432\u043a\u0438 \u0433\u0440\u0443\u0437\u043e\u0432 \u0432 \u043b\u044e\u0431\u0443\u044e \u0442\u043e\u0447\u043a\u0443 \u043c\u0438\u0440\u0430 \ud83d\ude9a \u0430\u0432\u0442\u043e\u043c\u043e\u0431\u0438\u043b\u044c\u043d\u044b\u043c, \ud83d\udea4 \u043c\u043e\u0440\u0441\u043a\u0438\u043c, \u2708 \u0430\u0432\u0438\u0430 \u0438 \ud83d\ude82 \u0436\u0435\u043b\u0435\u0437\u043d\u043e\u0434\u043e\u0440\u043e\u0436\u043d\u044b\u043c \u0442\u0440\u0430\u043d\u0441\u043f\u043e\u0440\u0442\u043e\u043c.\" \/>\n<meta name=\"robots\" content=\"index, follow, max-snippet:-1, max-image-preview:large, max-video-preview:-1\" \/>\n<link rel=\"canonical\" href=\"https:\/\/movers-auto.md\/ro\/consiliere-on-line\/\" \/>\n<meta property=\"og:locale\" content=\"ro_RO\" \/>\n<meta property=\"og:type\" content=\"article\" \/>\n<meta property=\"og:title\" content=\"Consiliere on-line\" \/>\n<meta property=\"og:description\" content=\"Consiliere on-line: \u043e\u0440\u0433\u0430\u043d\u0438\u0437\u0430\u0446\u0438\u044f \u0434\u043e\u0441\u0442\u0430\u0432\u043a\u0438 \u0433\u0440\u0443\u0437\u043e\u0432 \u0432 \u043b\u044e\u0431\u0443\u044e \u0442\u043e\u0447\u043a\u0443 \u043c\u0438\u0440\u0430 \ud83d\ude9a \u0430\u0432\u0442\u043e\u043c\u043e\u0431\u0438\u043b\u044c\u043d\u044b\u043c, \ud83d\udea4 \u043c\u043e\u0440\u0441\u043a\u0438\u043c, \u2708 \u0430\u0432\u0438\u0430 \u0438 \ud83d\ude82 \u0436\u0435\u043b\u0435\u0437\u043d\u043e\u0434\u043e\u0440\u043e\u0436\u043d\u044b\u043c \u0442\u0440\u0430\u043d\u0441\u043f\u043e\u0440\u0442\u043e\u043c.\" \/>\n<meta property=\"og:url\" content=\"https:\/\/movers-auto.md\/ro\/consiliere-on-line\/\" \/>\n<meta property=\"og:site_name\" content=\"movers-auto\" \/>\n<meta property=\"article:modified_time\" content=\"2022-09-20T10:15:45+00:00\" \/>\n<meta property=\"og:image\" content=\"https:\/\/movers-auto.md\/wp-content\/uploads\/2022\/09\/w6e6461-resize.jpg\" \/>\n\t<meta property=\"og:image:width\" content=\"600\" \/>\n\t<meta property=\"og:image:height\" content=\"390\" \/>\n\t<meta property=\"og:image:type\" content=\"image\/jpeg\" \/>\n<meta name=\"twitter:card\" content=\"summary_large_image\" \/>\n<meta name=\"twitter:label1\" content=\"Timp estimat pentru citire\" \/>\n\t<meta name=\"twitter:data1\" content=\"4 minute\" \/>\n<script type=\"application\/ld+json\" class=\"yoast-schema-graph\">{\"@context\":\"https:\/\/schema.org\",\"@graph\":[{\"@type\":\"WebPage\",\"@id\":\"https:\/\/movers-auto.md\/ro\/consiliere-on-line\/\",\"url\":\"https:\/\/movers-auto.md\/ro\/consiliere-on-line\/\",\"name\":\"Consiliere on-line - movers-auto\",\"isPartOf\":{\"@id\":\"https:\/\/movers-auto.md\/ro\/#website\"},\"datePublished\":\"2022-09-03T07:29:04+00:00\",\"dateModified\":\"2022-09-20T10:15:45+00:00\",\"description\":\"Consiliere on-line: \u043e\u0440\u0433\u0430\u043d\u0438\u0437\u0430\u0446\u0438\u044f \u0434\u043e\u0441\u0442\u0430\u0432\u043a\u0438 \u0433\u0440\u0443\u0437\u043e\u0432 \u0432 \u043b\u044e\u0431\u0443\u044e \u0442\u043e\u0447\u043a\u0443 \u043c\u0438\u0440\u0430 \ud83d\ude9a \u0430\u0432\u0442\u043e\u043c\u043e\u0431\u0438\u043b\u044c\u043d\u044b\u043c, \ud83d\udea4 \u043c\u043e\u0440\u0441\u043a\u0438\u043c, \u2708 \u0430\u0432\u0438\u0430 \u0438 \ud83d\ude82 \u0436\u0435\u043b\u0435\u0437\u043d\u043e\u0434\u043e\u0440\u043e\u0436\u043d\u044b\u043c \u0442\u0440\u0430\u043d\u0441\u043f\u043e\u0440\u0442\u043e\u043c.\",\"breadcrumb\":{\"@id\":\"https:\/\/movers-auto.md\/ro\/consiliere-on-line\/#breadcrumb\"},\"inLanguage\":\"ro-RO\",\"potentialAction\":[{\"@type\":\"ReadAction\",\"target\":[\"https:\/\/movers-auto.md\/ro\/consiliere-on-line\/\"]}]},{\"@type\":\"BreadcrumbList\",\"@id\":\"https:\/\/movers-auto.md\/ro\/consiliere-on-line\/#breadcrumb\",\"itemListElement\":[{\"@type\":\"ListItem\",\"position\":1,\"name\":\"Home\",\"item\":\"https:\/\/movers-auto.md\/ro\/glavnaya\/\"},{\"@type\":\"ListItem\",\"position\":2,\"name\":\"Consiliere on-line\"}]},{\"@type\":\"WebSite\",\"@id\":\"https:\/\/movers-auto.md\/ro\/#website\",\"url\":\"https:\/\/movers-auto.md\/ro\/\",\"name\":\"movers-auto\",\"description\":\"\u041c\u0435\u0436\u0434\u0443\u043d\u0430\u0440\u043e\u0434\u043d\u044b\u0435 \u0442\u0440\u0430\u043d\u0441\u043f\u043e\u0440\u0442\u043d\u044b\u0435 \u0443\u0441\u043b\u0443\u0433\u0438\",\"publisher\":{\"@id\":\"https:\/\/movers-auto.md\/ro\/#organization\"},\"potentialAction\":[{\"@type\":\"SearchAction\",\"target\":{\"@type\":\"EntryPoint\",\"urlTemplate\":\"https:\/\/movers-auto.md\/ro\/?s={search_term_string}\"},\"query-input\":{\"@type\":\"PropertyValueSpecification\",\"valueRequired\":true,\"valueName\":\"search_term_string\"}}],\"inLanguage\":\"ro-RO\"},{\"@type\":\"Organization\",\"@id\":\"https:\/\/movers-auto.md\/ro\/#organization\",\"name\":\"Movers Auto MD\",\"url\":\"https:\/\/movers-auto.md\/ro\/\",\"logo\":{\"@type\":\"ImageObject\",\"inLanguage\":\"ro-RO\",\"@id\":\"https:\/\/movers-auto.md\/ro\/#\/schema\/logo\/image\/\",\"url\":\"\/wp-content\/uploads\/2022\/08\/logo-1.png\",\"contentUrl\":\"\/wp-content\/uploads\/2022\/08\/logo-1.png\",\"width\":184,\"height\":44,\"caption\":\"Movers Auto MD\"},\"image\":{\"@id\":\"https:\/\/movers-auto.md\/ro\/#\/schema\/logo\/image\/\"}}]}<\/script>\n<!-- \/ Yoast SEO Premium plugin. -->","yoast_head_json":{"title":"Consiliere on-line - movers-auto","description":"Consiliere on-line: \u043e\u0440\u0433\u0430\u043d\u0438\u0437\u0430\u0446\u0438\u044f \u0434\u043e\u0441\u0442\u0430\u0432\u043a\u0438 \u0433\u0440\u0443\u0437\u043e\u0432 \u0432 \u043b\u044e\u0431\u0443\u044e \u0442\u043e\u0447\u043a\u0443 \u043c\u0438\u0440\u0430 \ud83d\ude9a \u0430\u0432\u0442\u043e\u043c\u043e\u0431\u0438\u043b\u044c\u043d\u044b\u043c, \ud83d\udea4 \u043c\u043e\u0440\u0441\u043a\u0438\u043c, \u2708 \u0430\u0432\u0438\u0430 \u0438 \ud83d\ude82 \u0436\u0435\u043b\u0435\u0437\u043d\u043e\u0434\u043e\u0440\u043e\u0436\u043d\u044b\u043c \u0442\u0440\u0430\u043d\u0441\u043f\u043e\u0440\u0442\u043e\u043c.","robots":{"index":"index","follow":"follow","max-snippet":"max-snippet:-1","max-image-preview":"max-image-preview:large","max-video-preview":"max-video-preview:-1"},"canonical":"https:\/\/movers-auto.md\/ro\/consiliere-on-line\/","og_locale":"ro_RO","og_type":"article","og_title":"Consiliere on-line","og_description":"Consiliere on-line: \u043e\u0440\u0433\u0430\u043d\u0438\u0437\u0430\u0446\u0438\u044f \u0434\u043e\u0441\u0442\u0430\u0432\u043a\u0438 \u0433\u0440\u0443\u0437\u043e\u0432 \u0432 \u043b\u044e\u0431\u0443\u044e \u0442\u043e\u0447\u043a\u0443 \u043c\u0438\u0440\u0430 \ud83d\ude9a \u0430\u0432\u0442\u043e\u043c\u043e\u0431\u0438\u043b\u044c\u043d\u044b\u043c, \ud83d\udea4 \u043c\u043e\u0440\u0441\u043a\u0438\u043c, \u2708 \u0430\u0432\u0438\u0430 \u0438 \ud83d\ude82 \u0436\u0435\u043b\u0435\u0437\u043d\u043e\u0434\u043e\u0440\u043e\u0436\u043d\u044b\u043c \u0442\u0440\u0430\u043d\u0441\u043f\u043e\u0440\u0442\u043e\u043c.","og_url":"https:\/\/movers-auto.md\/ro\/consiliere-on-line\/","og_site_name":"movers-auto","article_modified_time":"2022-09-20T10:15:45+00:00","og_image":[{"width":600,"height":390,"url":"https:\/\/movers-auto.md\/wp-content\/uploads\/2022\/09\/w6e6461-resize.jpg","type":"image\/jpeg"}],"twitter_card":"summary_large_image","twitter_misc":{"Timp estimat pentru citire":"4 minute"},"schema":{"@context":"https:\/\/schema.org","@graph":[{"@type":"WebPage","@id":"https:\/\/movers-auto.md\/ro\/consiliere-on-line\/","url":"https:\/\/movers-auto.md\/ro\/consiliere-on-line\/","name":"Consiliere on-line - movers-auto","isPartOf":{"@id":"https:\/\/movers-auto.md\/ro\/#website"},"datePublished":"2022-09-03T07:29:04+00:00","dateModified":"2022-09-20T10:15:45+00:00","description":"Consiliere on-line: \u043e\u0440\u0433\u0430\u043d\u0438\u0437\u0430\u0446\u0438\u044f \u0434\u043e\u0441\u0442\u0430\u0432\u043a\u0438 \u0433\u0440\u0443\u0437\u043e\u0432 \u0432 \u043b\u044e\u0431\u0443\u044e \u0442\u043e\u0447\u043a\u0443 \u043c\u0438\u0440\u0430 \ud83d\ude9a \u0430\u0432\u0442\u043e\u043c\u043e\u0431\u0438\u043b\u044c\u043d\u044b\u043c, \ud83d\udea4 \u043c\u043e\u0440\u0441\u043a\u0438\u043c, \u2708 \u0430\u0432\u0438\u0430 \u0438 \ud83d\ude82 \u0436\u0435\u043b\u0435\u0437\u043d\u043e\u0434\u043e\u0440\u043e\u0436\u043d\u044b\u043c \u0442\u0440\u0430\u043d\u0441\u043f\u043e\u0440\u0442\u043e\u043c.","breadcrumb":{"@id":"https:\/\/movers-auto.md\/ro\/consiliere-on-line\/#breadcrumb"},"inLanguage":"ro-RO","potentialAction":[{"@type":"ReadAction","target":["https:\/\/movers-auto.md\/ro\/consiliere-on-line\/"]}]},{"@type":"BreadcrumbList","@id":"https:\/\/movers-auto.md\/ro\/consiliere-on-line\/#breadcrumb","itemListElement":[{"@type":"ListItem","position":1,"name":"Home","item":"https:\/\/movers-auto.md\/ro\/glavnaya\/"},{"@type":"ListItem","position":2,"name":"Consiliere on-line"}]},{"@type":"WebSite","@id":"https:\/\/movers-auto.md\/ro\/#website","url":"https:\/\/movers-auto.md\/ro\/","name":"movers-auto","description":"\u041c\u0435\u0436\u0434\u0443\u043d\u0430\u0440\u043e\u0434\u043d\u044b\u0435 \u0442\u0440\u0430\u043d\u0441\u043f\u043e\u0440\u0442\u043d\u044b\u0435 \u0443\u0441\u043b\u0443\u0433\u0438","publisher":{"@id":"https:\/\/movers-auto.md\/ro\/#organization"},"potentialAction":[{"@type":"SearchAction","target":{"@type":"EntryPoint","urlTemplate":"https:\/\/movers-auto.md\/ro\/?s={search_term_string}"},"query-input":{"@type":"PropertyValueSpecification","valueRequired":true,"valueName":"search_term_string"}}],"inLanguage":"ro-RO"},{"@type":"Organization","@id":"https:\/\/movers-auto.md\/ro\/#organization","name":"Movers Auto MD","url":"https:\/\/movers-auto.md\/ro\/","logo":{"@type":"ImageObject","inLanguage":"ro-RO","@id":"https:\/\/movers-auto.md\/ro\/#\/schema\/logo\/image\/","url":"\/wp-content\/uploads\/2022\/08\/logo-1.png","contentUrl":"\/wp-content\/uploads\/2022\/08\/logo-1.png","width":184,"height":44,"caption":"Movers Auto MD"},"image":{"@id":"https:\/\/movers-auto.md\/ro\/#\/schema\/logo\/image\/"}}]}},"_links":{"self":[{"href":"https:\/\/movers-auto.md\/ro\/wp-json\/wp\/v2\/pages\/1949","targetHints":{"allow":["GET"]}}],"collection":[{"href":"https:\/\/movers-auto.md\/ro\/wp-json\/wp\/v2\/pages"}],"about":[{"href":"https:\/\/movers-auto.md\/ro\/wp-json\/wp\/v2\/types\/page"}],"author":[{"embeddable":true,"href":"https:\/\/movers-auto.md\/ro\/wp-json\/wp\/v2\/users\/1"}],"replies":[{"embeddable":true,"href":"https:\/\/movers-auto.md\/ro\/wp-json\/wp\/v2\/comments?post=1949"}],"version-history":[{"count":0,"href":"https:\/\/movers-auto.md\/ro\/wp-json\/wp\/v2\/pages\/1949\/revisions"}],"wp:attachment":[{"href":"https:\/\/movers-auto.md\/ro\/wp-json\/wp\/v2\/media?parent=1949"}],"curies":[{"name":"wp","href":"https:\/\/api.w.org\/{rel}","templated":true}]}}