{"id":1943,"date":"2022-09-07T22:56:33","date_gmt":"2022-09-07T13:26:33","guid":{"rendered":"https:\/\/movers-auto.md\/comandarea-transportului-maritim\/"},"modified":"2022-09-20T13:15:34","modified_gmt":"2022-09-20T10:15:34","slug":"comandarea-transportului-maritim","status":"publish","type":"page","link":"https:\/\/movers-auto.md\/ro\/comandarea-transportului-maritim\/","title":{"rendered":"Comandarea transportului maritim"},"content":{"rendered":"\n<p> Transport maritim de containere. camioane container de 20 \u0219i 40 de picioare p\u00e2n\u0103 la depozitul destinatarului.<\/p>\n\n\n\n<p><strong>TRANSPORTURI DE CONTAINERE CU CAMIOANE CONTAINER DE 20 \u0218I 40 DE PICIOARE C\u0102TRE DEPOZITUL DESTINATARULUI<\/strong><\/p>\n\n\n\n<p>Secolul XXI. Afacerile evolueaz\u0103 \u0219i traverseaz\u0103 rapid frontierele, devenind parte a unui proces global, interna\u021bional. Progresul afecteaz\u0103 \u0219i afacerea dumneavoastr\u0103 \u0219i a venit momentul \u00een care dori\u021bi s\u0103 v\u0103 comercializa\u021bi bunurile la nivel interna\u021bional. Sau invers, dori\u021bi s\u0103 aduce\u021bi cele mai bune produse din \u00eentreaga lume \u00een \u021bara dumneavoastr\u0103 \u0219i s\u0103 le comercializa\u021bi aici, \u00een ora\u0219ul dumneavoastr\u0103. Transportul maritim al containerelor este o parte important\u0103 a planului dumneavoastr\u0103. Acestea sunt de departe cele mai eficiente din punct de vedere al costurilor \u0219i cele mai fiabile.<\/p>\n\n\n\n<p><strong>CONTAINERE.<\/strong>&nbsp;Transportul maritim de containere se efectueaz\u0103 \u00eentre porturile maritime unde se \u00eent\u00e2lnesc rutele feroviare \u0219i rutiere. Containerele sunt livrate pe nave container. Containerele sunt fixate \u00een siguran\u021b\u0103 pe nav\u0103 \u0219i exist\u0103 instruc\u021biuni clare \u0219i dovedite pentru \u00eenc\u0103rcarea \u0219i plasarea lor pe punte. M\u0103rfurile sunt transportate \u00een containere de 20 \u0219i 40 de picioare.<\/p>\n\n\n\n<p><strong>TIPURI DE M\u0102RFURI MARITIME.<\/strong>&nbsp;Containerele transport\u0103 o varietate de m\u0103rfuri pe mare. Acestea sunt \u00een principal bunuri de consum, bunuri de uz casnic, \u00eembr\u0103c\u0103minte \u0219i \u00eenc\u0103l\u021b\u0103minte, bumbac \u0219i l\u00e2n\u0103, diverse ma\u0219ini \u0219i automobile, inclusiv transporturi mari. Containerele sunt adesea folosite pentru transporturi consolidate.\/p>\n\n\n\n<p><strong>SIGURAN\u021a\u0102 \u0218I CONFORT.<\/strong>&nbsp;Imagina\u021bi-v\u0103 c\u0103 ave\u021bi nevoie s\u0103 livra\u021bi rapid \u0219i ieftin bunuri sau materii prime pentru produc\u021bie, de exemplu din Turcia \u00een Moldova sau Ucraina? \u0218i v\u0103 a\u0219tepta\u021bi ca m\u0103rfurile s\u0103 ajung\u0103 direct la u\u0219a depozitului dumneavoastr\u0103. Comandarea transportului rutier peste mare este costisitoare \u0219i chiar mai scump\u0103. Rentabilitatea dumneavoastr\u0103 se diminueaz\u0103 sub ochii dumneavoastr\u0103. Dar transportul multimodal vine \u00een ajutor. Ce este? O companie de transport organizeaz\u0103 un traseu optim folosind cele mai diverse (auto, feroviar \u0219i aerian) \u0219i, cel mai important, un transport avantajos, din care fac parte adesea containerele maritime. Marfa dumneavoastr\u0103, at\u00e2t complex\u0103 (adic\u0103 \u00eentr-un container care con\u021bine doar marfa dumneavoastr\u0103), c\u00e2t \u0219i ca parte a unei \u00eenc\u0103rc\u0103turi comune (adic\u0103 \u00eentr-un container care con\u021bine m\u0103rfuri de la diferi\u021bi clien\u021bi) este preg\u0103tit\u0103 pentru expediere. Containerul este transportat cu camionul p\u00e2n\u0103 la portul de plecare, \u00eenc\u0103rcat pe o nav\u0103 \u0219i traverseaz\u0103 marea. La sosire, containerul cu transportul dumneavoastr\u0103 este pus pe ro\u021bi \u0219i transportat direct la por\u021bile depozitului dumneavoastr\u0103. Convenabil, fiabil, rentabil \u0219i eficient.<\/p>\n\n\n\n<p><strong>AVANTAJELE TRANSPORTULUI MARITIM.<\/strong>&nbsp;Ave\u021bi nevoie s\u0103 livra\u021bi materii prime (de exemplu, accesorii pentru produc\u021bia de \u00eembr\u0103c\u0103minte) din China la pre\u021buri mici \u0219i f\u0103r\u0103 pierderi? Cea mai sigur\u0103 cale este transportul maritim containerizat, urmat de transportul feroviar sau rutier. Marfa dvs. va fi livrat\u0103 din u\u0219\u0103 \u00een u\u0219\u0103 \u00eentr-un container metalic, sigur ca un seif. Pute\u021bi comanda at\u00e2t \u00eenc\u0103rc\u0103turi modulare, c\u00e2t \u0219i \u00eenc\u0103rc\u0103turi complexe. Totul depinde de m\u0103rimea \u0219i greutatea comenzii. Accesibilitatea \u0219i rentabilitatea sunt principalul \u0219i cel mai important avantaj al transportului multimodal de containere, \u00een special atunci c\u00e2nd se livreaz\u0103 m\u0103rfuri mari.<\/p>\n\n\n\n<p><strong>INSTRUMENTE.<\/strong>&nbsp;Acestea livreaz\u0103 m\u0103rfuri din SUA, Brazilia, Ecuador \u0219i alte \u021b\u0103ri din America de Nord \u0219i Central\u0103 c\u0103tre porturi din Europa \u0219i Asia. Exist\u0103 o cerere pentru transportul maritim de m\u0103rfuri din Asia de Sud-Est \u0219i China c\u0103tre porturile din UE, Ucraina \u0219i Rusia. Din \u021b\u0103rile din bazinul mediteranean, m\u0103rfurile sunt livrate \u00een singurul port moldovenesc de pe Dun\u0103re, \u00een satul Giurgiule\u0219ti. De aici se export\u0103 cereale din Moldova. Balo\u021bi de l\u00e2n\u0103 \u0219i bumbac din SUA, motociclete din Japonia sunt transportate \u00een containere.<\/p>\n\n\n\n<p>\u00cen lumea de ast\u0103zi, rutele maritime r\u0103m\u00e2n cea mai ieftin\u0103 modalitate de a livra bunuri \u00een \u00eentreaga lume. Compania noastr\u0103 de transport colaboreaz\u0103 \u00eendeaproape cu lideri de transport maritim, cum ar fi MAERSK, MSC, EVERYGREEN, NORASIA \u0219i are o experien\u021b\u0103 vast\u0103 \u00een organizarea de transport multimodal u\u0219\u0103 la u\u0219\u0103.<\/p>\n","protected":false},"excerpt":{"rendered":"<p>Transport maritim de containere. camioane container de 20 \u0219i 40 de picioare p\u00e2n\u0103 la depozitul destinatarului. TRANSPORTURI DE CONTAINERE CU CAMIOANE CONTAINER DE 20 \u0218I 40 DE PICIOARE C\u0102TRE DEPOZITUL DESTINATARULUI Secolul XXI. Afacerile evolueaz\u0103 \u0219i traverseaz\u0103 rapid frontierele, devenind parte a unui proces global, interna\u021bional. Progresul afecteaz\u0103 \u0219i afacerea dumneavoastr\u0103 \u0219i a venit momentul [&hellip;]<\/p>\n","protected":false},"author":1,"featured_media":0,"parent":0,"menu_order":0,"comment_status":"closed","ping_status":"closed","template":"template\/about.php","meta":{"_acf_changed":false,"footnotes":""},"class_list":["post-1943","page","type-page","status-publish","hentry"],"acf":[],"yoast_head":"<!-- This site is optimized with the Yoast SEO Premium plugin v25.8 (Yoast SEO v25.8) - https:\/\/yoast.com\/wordpress\/plugins\/seo\/ -->\n<title>Comandarea transportului maritim - movers-auto<\/title>\n<meta name=\"description\" content=\"Comandarea transportului maritim: \u043e\u0440\u0433\u0430\u043d\u0438\u0437\u0430\u0446\u0438\u044f \u0434\u043e\u0441\u0442\u0430\u0432\u043a\u0438 \u0433\u0440\u0443\u0437\u043e\u0432 \u0432 \u043b\u044e\u0431\u0443\u044e \u0442\u043e\u0447\u043a\u0443 \u043c\u0438\u0440\u0430 \ud83d\ude9a \u0430\u0432\u0442\u043e\u043c\u043e\u0431\u0438\u043b\u044c\u043d\u044b\u043c, \ud83d\udea4 \u043c\u043e\u0440\u0441\u043a\u0438\u043c, \u2708 \u0430\u0432\u0438\u0430 \u0438 \ud83d\ude82 \u0436\u0435\u043b\u0435\u0437\u043d\u043e\u0434\u043e\u0440\u043e\u0436\u043d\u044b\u043c \u0442\u0440\u0430\u043d\u0441\u043f\u043e\u0440\u0442\u043e\u043c.\" \/>\n<meta name=\"robots\" content=\"index, follow, max-snippet:-1, max-image-preview:large, max-video-preview:-1\" \/>\n<link rel=\"canonical\" href=\"https:\/\/movers-auto.md\/ro\/comandarea-transportului-maritim\/\" \/>\n<meta property=\"og:locale\" content=\"ro_RO\" \/>\n<meta property=\"og:type\" content=\"article\" \/>\n<meta property=\"og:title\" content=\"Comandarea transportului maritim\" \/>\n<meta property=\"og:description\" content=\"Comandarea transportului maritim: \u043e\u0440\u0433\u0430\u043d\u0438\u0437\u0430\u0446\u0438\u044f \u0434\u043e\u0441\u0442\u0430\u0432\u043a\u0438 \u0433\u0440\u0443\u0437\u043e\u0432 \u0432 \u043b\u044e\u0431\u0443\u044e \u0442\u043e\u0447\u043a\u0443 \u043c\u0438\u0440\u0430 \ud83d\ude9a \u0430\u0432\u0442\u043e\u043c\u043e\u0431\u0438\u043b\u044c\u043d\u044b\u043c, \ud83d\udea4 \u043c\u043e\u0440\u0441\u043a\u0438\u043c, \u2708 \u0430\u0432\u0438\u0430 \u0438 \ud83d\ude82 \u0436\u0435\u043b\u0435\u0437\u043d\u043e\u0434\u043e\u0440\u043e\u0436\u043d\u044b\u043c \u0442\u0440\u0430\u043d\u0441\u043f\u043e\u0440\u0442\u043e\u043c.\" \/>\n<meta property=\"og:url\" content=\"https:\/\/movers-auto.md\/ro\/comandarea-transportului-maritim\/\" \/>\n<meta property=\"og:site_name\" content=\"movers-auto\" \/>\n<meta property=\"article:modified_time\" content=\"2022-09-20T10:15:34+00:00\" \/>\n<meta property=\"og:image\" content=\"https:\/\/movers-auto.md\/wp-content\/uploads\/2022\/09\/w6e6461-resize.jpg\" \/>\n\t<meta property=\"og:image:width\" content=\"600\" \/>\n\t<meta property=\"og:image:height\" content=\"390\" \/>\n\t<meta property=\"og:image:type\" content=\"image\/jpeg\" \/>\n<meta name=\"twitter:card\" content=\"summary_large_image\" \/>\n<meta name=\"twitter:label1\" content=\"Timp estimat pentru citire\" \/>\n\t<meta name=\"twitter:data1\" content=\"3 minute\" \/>\n<script type=\"application\/ld+json\" class=\"yoast-schema-graph\">{\"@context\":\"https:\/\/schema.org\",\"@graph\":[{\"@type\":\"WebPage\",\"@id\":\"https:\/\/movers-auto.md\/ro\/comandarea-transportului-maritim\/\",\"url\":\"https:\/\/movers-auto.md\/ro\/comandarea-transportului-maritim\/\",\"name\":\"Comandarea transportului maritim - movers-auto\",\"isPartOf\":{\"@id\":\"https:\/\/movers-auto.md\/ro\/#website\"},\"datePublished\":\"2022-09-07T13:26:33+00:00\",\"dateModified\":\"2022-09-20T10:15:34+00:00\",\"description\":\"Comandarea transportului maritim: \u043e\u0440\u0433\u0430\u043d\u0438\u0437\u0430\u0446\u0438\u044f \u0434\u043e\u0441\u0442\u0430\u0432\u043a\u0438 \u0433\u0440\u0443\u0437\u043e\u0432 \u0432 \u043b\u044e\u0431\u0443\u044e \u0442\u043e\u0447\u043a\u0443 \u043c\u0438\u0440\u0430 \ud83d\ude9a \u0430\u0432\u0442\u043e\u043c\u043e\u0431\u0438\u043b\u044c\u043d\u044b\u043c, \ud83d\udea4 \u043c\u043e\u0440\u0441\u043a\u0438\u043c, \u2708 \u0430\u0432\u0438\u0430 \u0438 \ud83d\ude82 \u0436\u0435\u043b\u0435\u0437\u043d\u043e\u0434\u043e\u0440\u043e\u0436\u043d\u044b\u043c \u0442\u0440\u0430\u043d\u0441\u043f\u043e\u0440\u0442\u043e\u043c.\",\"breadcrumb\":{\"@id\":\"https:\/\/movers-auto.md\/ro\/comandarea-transportului-maritim\/#breadcrumb\"},\"inLanguage\":\"ro-RO\",\"potentialAction\":[{\"@type\":\"ReadAction\",\"target\":[\"https:\/\/movers-auto.md\/ro\/comandarea-transportului-maritim\/\"]}]},{\"@type\":\"BreadcrumbList\",\"@id\":\"https:\/\/movers-auto.md\/ro\/comandarea-transportului-maritim\/#breadcrumb\",\"itemListElement\":[{\"@type\":\"ListItem\",\"position\":1,\"name\":\"Home\",\"item\":\"https:\/\/movers-auto.md\/ro\/\"},{\"@type\":\"ListItem\",\"position\":2,\"name\":\"Comandarea transportului maritim\"}]},{\"@type\":\"WebSite\",\"@id\":\"https:\/\/movers-auto.md\/ro\/#website\",\"url\":\"https:\/\/movers-auto.md\/ro\/\",\"name\":\"movers-auto\",\"description\":\"\u041c\u0435\u0436\u0434\u0443\u043d\u0430\u0440\u043e\u0434\u043d\u044b\u0435 \u0442\u0440\u0430\u043d\u0441\u043f\u043e\u0440\u0442\u043d\u044b\u0435 \u0443\u0441\u043b\u0443\u0433\u0438\",\"publisher\":{\"@id\":\"https:\/\/movers-auto.md\/ro\/#organization\"},\"potentialAction\":[{\"@type\":\"SearchAction\",\"target\":{\"@type\":\"EntryPoint\",\"urlTemplate\":\"https:\/\/movers-auto.md\/ro\/?s={search_term_string}\"},\"query-input\":{\"@type\":\"PropertyValueSpecification\",\"valueRequired\":true,\"valueName\":\"search_term_string\"}}],\"inLanguage\":\"ro-RO\"},{\"@type\":\"Organization\",\"@id\":\"https:\/\/movers-auto.md\/ro\/#organization\",\"name\":\"Movers Auto MD\",\"url\":\"https:\/\/movers-auto.md\/ro\/\",\"logo\":{\"@type\":\"ImageObject\",\"inLanguage\":\"ro-RO\",\"@id\":\"https:\/\/movers-auto.md\/ro\/#\/schema\/logo\/image\/\",\"url\":\"\/wp-content\/uploads\/2022\/08\/logo-1.png\",\"contentUrl\":\"\/wp-content\/uploads\/2022\/08\/logo-1.png\",\"width\":184,\"height\":44,\"caption\":\"Movers Auto MD\"},\"image\":{\"@id\":\"https:\/\/movers-auto.md\/ro\/#\/schema\/logo\/image\/\"}}]}<\/script>\n<!-- \/ Yoast SEO Premium plugin. -->","yoast_head_json":{"title":"Comandarea transportului maritim - movers-auto","description":"Comandarea transportului maritim: \u043e\u0440\u0433\u0430\u043d\u0438\u0437\u0430\u0446\u0438\u044f \u0434\u043e\u0441\u0442\u0430\u0432\u043a\u0438 \u0433\u0440\u0443\u0437\u043e\u0432 \u0432 \u043b\u044e\u0431\u0443\u044e \u0442\u043e\u0447\u043a\u0443 \u043c\u0438\u0440\u0430 \ud83d\ude9a \u0430\u0432\u0442\u043e\u043c\u043e\u0431\u0438\u043b\u044c\u043d\u044b\u043c, \ud83d\udea4 \u043c\u043e\u0440\u0441\u043a\u0438\u043c, \u2708 \u0430\u0432\u0438\u0430 \u0438 \ud83d\ude82 \u0436\u0435\u043b\u0435\u0437\u043d\u043e\u0434\u043e\u0440\u043e\u0436\u043d\u044b\u043c \u0442\u0440\u0430\u043d\u0441\u043f\u043e\u0440\u0442\u043e\u043c.","robots":{"index":"index","follow":"follow","max-snippet":"max-snippet:-1","max-image-preview":"max-image-preview:large","max-video-preview":"max-video-preview:-1"},"canonical":"https:\/\/movers-auto.md\/ro\/comandarea-transportului-maritim\/","og_locale":"ro_RO","og_type":"article","og_title":"Comandarea transportului maritim","og_description":"Comandarea transportului maritim: \u043e\u0440\u0433\u0430\u043d\u0438\u0437\u0430\u0446\u0438\u044f \u0434\u043e\u0441\u0442\u0430\u0432\u043a\u0438 \u0433\u0440\u0443\u0437\u043e\u0432 \u0432 \u043b\u044e\u0431\u0443\u044e \u0442\u043e\u0447\u043a\u0443 \u043c\u0438\u0440\u0430 \ud83d\ude9a \u0430\u0432\u0442\u043e\u043c\u043e\u0431\u0438\u043b\u044c\u043d\u044b\u043c, \ud83d\udea4 \u043c\u043e\u0440\u0441\u043a\u0438\u043c, \u2708 \u0430\u0432\u0438\u0430 \u0438 \ud83d\ude82 \u0436\u0435\u043b\u0435\u0437\u043d\u043e\u0434\u043e\u0440\u043e\u0436\u043d\u044b\u043c \u0442\u0440\u0430\u043d\u0441\u043f\u043e\u0440\u0442\u043e\u043c.","og_url":"https:\/\/movers-auto.md\/ro\/comandarea-transportului-maritim\/","og_site_name":"movers-auto","article_modified_time":"2022-09-20T10:15:34+00:00","og_image":[{"width":600,"height":390,"url":"https:\/\/movers-auto.md\/wp-content\/uploads\/2022\/09\/w6e6461-resize.jpg","type":"image\/jpeg"}],"twitter_card":"summary_large_image","twitter_misc":{"Timp estimat pentru citire":"3 minute"},"schema":{"@context":"https:\/\/schema.org","@graph":[{"@type":"WebPage","@id":"https:\/\/movers-auto.md\/ro\/comandarea-transportului-maritim\/","url":"https:\/\/movers-auto.md\/ro\/comandarea-transportului-maritim\/","name":"Comandarea transportului maritim - movers-auto","isPartOf":{"@id":"https:\/\/movers-auto.md\/ro\/#website"},"datePublished":"2022-09-07T13:26:33+00:00","dateModified":"2022-09-20T10:15:34+00:00","description":"Comandarea transportului maritim: \u043e\u0440\u0433\u0430\u043d\u0438\u0437\u0430\u0446\u0438\u044f \u0434\u043e\u0441\u0442\u0430\u0432\u043a\u0438 \u0433\u0440\u0443\u0437\u043e\u0432 \u0432 \u043b\u044e\u0431\u0443\u044e \u0442\u043e\u0447\u043a\u0443 \u043c\u0438\u0440\u0430 \ud83d\ude9a \u0430\u0432\u0442\u043e\u043c\u043e\u0431\u0438\u043b\u044c\u043d\u044b\u043c, \ud83d\udea4 \u043c\u043e\u0440\u0441\u043a\u0438\u043c, \u2708 \u0430\u0432\u0438\u0430 \u0438 \ud83d\ude82 \u0436\u0435\u043b\u0435\u0437\u043d\u043e\u0434\u043e\u0440\u043e\u0436\u043d\u044b\u043c \u0442\u0440\u0430\u043d\u0441\u043f\u043e\u0440\u0442\u043e\u043c.","breadcrumb":{"@id":"https:\/\/movers-auto.md\/ro\/comandarea-transportului-maritim\/#breadcrumb"},"inLanguage":"ro-RO","potentialAction":[{"@type":"ReadAction","target":["https:\/\/movers-auto.md\/ro\/comandarea-transportului-maritim\/"]}]},{"@type":"BreadcrumbList","@id":"https:\/\/movers-auto.md\/ro\/comandarea-transportului-maritim\/#breadcrumb","itemListElement":[{"@type":"ListItem","position":1,"name":"Home","item":"https:\/\/movers-auto.md\/ro\/"},{"@type":"ListItem","position":2,"name":"Comandarea transportului maritim"}]},{"@type":"WebSite","@id":"https:\/\/movers-auto.md\/ro\/#website","url":"https:\/\/movers-auto.md\/ro\/","name":"movers-auto","description":"\u041c\u0435\u0436\u0434\u0443\u043d\u0430\u0440\u043e\u0434\u043d\u044b\u0435 \u0442\u0440\u0430\u043d\u0441\u043f\u043e\u0440\u0442\u043d\u044b\u0435 \u0443\u0441\u043b\u0443\u0433\u0438","publisher":{"@id":"https:\/\/movers-auto.md\/ro\/#organization"},"potentialAction":[{"@type":"SearchAction","target":{"@type":"EntryPoint","urlTemplate":"https:\/\/movers-auto.md\/ro\/?s={search_term_string}"},"query-input":{"@type":"PropertyValueSpecification","valueRequired":true,"valueName":"search_term_string"}}],"inLanguage":"ro-RO"},{"@type":"Organization","@id":"https:\/\/movers-auto.md\/ro\/#organization","name":"Movers Auto MD","url":"https:\/\/movers-auto.md\/ro\/","logo":{"@type":"ImageObject","inLanguage":"ro-RO","@id":"https:\/\/movers-auto.md\/ro\/#\/schema\/logo\/image\/","url":"\/wp-content\/uploads\/2022\/08\/logo-1.png","contentUrl":"\/wp-content\/uploads\/2022\/08\/logo-1.png","width":184,"height":44,"caption":"Movers Auto MD"},"image":{"@id":"https:\/\/movers-auto.md\/ro\/#\/schema\/logo\/image\/"}}]}},"_links":{"self":[{"href":"https:\/\/movers-auto.md\/ro\/wp-json\/wp\/v2\/pages\/1943","targetHints":{"allow":["GET"]}}],"collection":[{"href":"https:\/\/movers-auto.md\/ro\/wp-json\/wp\/v2\/pages"}],"about":[{"href":"https:\/\/movers-auto.md\/ro\/wp-json\/wp\/v2\/types\/page"}],"author":[{"embeddable":true,"href":"https:\/\/movers-auto.md\/ro\/wp-json\/wp\/v2\/users\/1"}],"replies":[{"embeddable":true,"href":"https:\/\/movers-auto.md\/ro\/wp-json\/wp\/v2\/comments?post=1943"}],"version-history":[{"count":0,"href":"https:\/\/movers-auto.md\/ro\/wp-json\/wp\/v2\/pages\/1943\/revisions"}],"wp:attachment":[{"href":"https:\/\/movers-auto.md\/ro\/wp-json\/wp\/v2\/media?parent=1943"}],"curies":[{"name":"wp","href":"https:\/\/api.w.org\/{rel}","templated":true}]}}