{"id":1942,"date":"2022-09-03T15:11:02","date_gmt":"2022-09-03T05:41:02","guid":{"rendered":"https:\/\/movers-auto.md\/expediere-tarile-europene\/"},"modified":"2022-09-20T13:37:26","modified_gmt":"2022-09-20T10:37:26","slug":"expediere-tarile-europene","status":"publish","type":"page","link":"https:\/\/movers-auto.md\/ro\/expediere-tarile-europene\/","title":{"rendered":"Expediere \u021a\u0103rile europene"},"content":{"rendered":"\n<h3 class=\"wp-block-heading\">Livrare de marf\u0103, toate modurile de transport, expediere din \u0219i spre Europa<\/h3>\n\n\n\n<p>Site-ul nostru&nbsp;<strong>companie de transport &#8211; expedi\u021bie&nbsp;<\/strong>Organizeaz\u0103 un transport de calitate, rapid \u0219i sigur&nbsp;<strong>transport de marf\u0103 din Moldova, Rusia, Ucraina c\u0103tre \u021b\u0103rile europene:<\/strong>&nbsp;Statele baltice, Turcia, Grecia, Italia, Olanda, Germania, Rom\u00e2nia \u0219i alte \u021b\u0103ri din UE. Pentru a organiza transportul interna\u021bional de m\u0103rfuri dinspre \u0219i c\u0103tre Europa la un nivel cu adev\u0103rat ridicat, este suficient s\u0103 se respecte urm\u0103toarele puncte.<\/p>\n\n\n\n<p><strong>O schem\u0103 de transport personalizat\u0103 pentru expedierile din Europa.<\/strong><br>Un program cuprinz\u0103tor de \u00eendeplinire a comenzilor de transport de marf\u0103, bazat pe ani de experien\u021b\u0103 \u0219i pe feedback-ul clien\u021bilor, cu scopul de a minimiza rolul clientului \u00een procesul de transport.<\/p>\n\n\n\n<p>\u00cen esen\u021b\u0103, odat\u0103 ce un proprietar de marf\u0103 a l\u0103sat o comand\u0103 pe site-ul nostru de transport sau a contactat compania direct prin telefon, departamentul de transport elaboreaz\u0103 o schem\u0103 pentru transportul optim al m\u0103rfii \u0219i \u00eentregul proces de transport, care se \u00eencheie \u00een siguran\u021b\u0103 atunci c\u00e2nd marfa este livrat\u0103 la destina\u021bie.<\/p>\n\n\n\n<p>Prin urmare, v\u0103 st\u0103 la dispozi\u021bie o echip\u0103 profesionist\u0103 de expeditori, dispeceri \u0219i manageri. Toate aspectele legate de transport, marf\u0103, declara\u021bii vamale, TIR \u0219i alte documente, precum \u0219i asigurarea m\u0103rfii, sunt discutate \u00een momentul \u00eencheierii contractului.<\/p>\n\n\n\n<p>Pentru a evita ne\u00een\u021belegerile, toate taxele de transport \u0219i costul total al transportului sunt calculate \u0219i afi\u0219ate \u00een aceea\u0219i etap\u0103. Acesta este un indicator important al fiabilit\u0103\u021bii \u0219i transparen\u021bei companiei. Odat\u0103 ce traseul optim a fost aprobat, nu va trebui dec\u00e2t s\u0103 monitoriza\u021bi livrarea transportului dumneavoastr\u0103, contact\u00e2nd managerul responsabil pentru comanda dumneavoastr\u0103.<\/p>\n\n\n\n<p><strong>Compatibilitatea diferitelor tipuri de m\u0103rfuri: Europa &#8211; toate \u021b\u0103rile.<\/strong><br>Dup\u0103 cum spune proverbul, unde nu po\u021bi merge, nu po\u021bi merge. Combinarea mai multor tipuri de transport de marf\u0103 &#8211; aerian, rutier, maritim \u0219i feroviar &#8211; economise\u0219te mult timp. Este adev\u0103rat c\u0103 transportul multimodal este adesea mai scump, dar atunci c\u00e2nd valoarea \u00eenc\u0103rc\u0103turii \u0219i importan\u021ba unei livr\u0103ri rapide sunt primordiale, aceast\u0103 abordare este ideal\u0103 pentru comanda dumneavoastr\u0103. Cu expertiza unui expeditor de m\u0103rfuri \u0219i o re\u021bea extins\u0103 de parteneri din \u00eentreaga Europ\u0103, transportul dumneavoastr\u0103 poate fi livrat de oriunde de pe continent.<\/p>\n\n\n\n<p><strong>Loialitate, construirea unor rela\u021bii reciproc avantajoase.<\/strong><br>Punctul determinant pentru fiecare proprietar de marf\u0103 este costul transportului de marf\u0103. Nu este \u00eentotdeauna o chestiune de principiu, iar noi \u00een\u021belegem acest lucru. La urma urmei, exist\u0103 doar doi factori care conteaz\u0103 pentru fiecare client &#8211; calitatea \u0219i accesibilitatea.<br>\u00cen primul r\u00e2nd, trebuie s\u0103 men\u021bion\u0103m c\u0103 abord\u0103m fiecare comand\u0103 de expediere din sau c\u0103tre Europa \u00een mod individual, deoarece fiecare comand\u0103 de expediere are propriile caracteristici. Aici joac\u0103 un rol important distan\u021ba de la locul de transport p\u00e2n\u0103 la locul de amplasare a \u00eenc\u0103rc\u0103turii, \u021bara \u00een care ar trebui s\u0103 fie livrat\u0103 \u00eenc\u0103rc\u0103tura, costurile suplimentare de transport \u00een procesul de transport, serviciile conexe privind \u00eenregistrarea \u00eenc\u0103rc\u0103turii. Pe aceast\u0103 baz\u0103, form\u0103m costul serviciilor noastre de transport din \u021b\u0103rile \u0219i ora\u0219ele din Europa.<br>\u00cen al doilea r\u00e2nd, ne definim prin pozi\u021bionarea noastr\u0103 fa\u021b\u0103 de client \u0219i, \u00een consecin\u021b\u0103, interesul nostru principal este s\u0103 ne asigur\u0103m c\u0103, data viitoare c\u00e2nd acesta va plasa o comand\u0103 de transport interna\u021bional de marf\u0103 din Europa, va apela la compania noastr\u0103. \u00centotdeauna se poate g\u0103si o op\u021biune benefic\u0103 pentru ambele p\u0103r\u021bi &#8211; iar aceasta este cheia pentru a construi un parteneriat bun \u0219i orientat spre viitor.<br>Pe scurt, cel mai important lucru este c\u0103, \u00een orice afacere, rezultatul este important, iar dumneavoastr\u0103, \u00een calitate de client al transportului, sunte\u021bi interesat de rezultat, mai degrab\u0103 dec\u00e2t de modul \u00een care va fi livrat\u0103 marfa. Toat\u0103 lumea este \u00een afaceri, iar noi garant\u0103m un transport de calitate \u0219i sigur din Europa \u00een Moldova sau \u00een orice alt\u0103 \u021bar\u0103 \u00een care este comandat transportul, \u0219i invers.&nbsp;<strong>Livrarea m\u0103rfurilor<\/strong>&nbsp;dinspre sau c\u0103tre Europa, le efectu\u0103m foarte frecvent \u0219i \u00een mod calitativ, prin toate mijloacele de transport.<\/p>\n","protected":false},"excerpt":{"rendered":"<p>Livrare de marf\u0103, toate modurile de transport, expediere din \u0219i spre Europa Site-ul nostru&nbsp;companie de transport &#8211; expedi\u021bie&nbsp;Organizeaz\u0103 un transport de calitate, rapid \u0219i sigur&nbsp;transport de marf\u0103 din Moldova, Rusia, Ucraina c\u0103tre \u021b\u0103rile europene:&nbsp;Statele baltice, Turcia, Grecia, Italia, Olanda, Germania, Rom\u00e2nia \u0219i alte \u021b\u0103ri din UE. Pentru a organiza transportul interna\u021bional de m\u0103rfuri dinspre \u0219i [&hellip;]<\/p>\n","protected":false},"author":1,"featured_media":0,"parent":0,"menu_order":0,"comment_status":"closed","ping_status":"closed","template":"template\/europe_delivery.php","meta":{"_acf_changed":false,"footnotes":""},"class_list":["post-1942","page","type-page","status-publish","hentry"],"acf":[],"yoast_head":"<!-- This site is optimized with the Yoast SEO Premium plugin v25.8 (Yoast SEO v25.8) - https:\/\/yoast.com\/wordpress\/plugins\/seo\/ -->\n<title>Expediere \u021a\u0103rile europene - movers-auto<\/title>\n<meta name=\"description\" content=\"Expediere \u021a\u0103rile europene: \u043e\u0440\u0433\u0430\u043d\u0438\u0437\u0430\u0446\u0438\u044f \u0434\u043e\u0441\u0442\u0430\u0432\u043a\u0438 \u0433\u0440\u0443\u0437\u043e\u0432 \u0432 \u043b\u044e\u0431\u0443\u044e \u0442\u043e\u0447\u043a\u0443 \u043c\u0438\u0440\u0430 \ud83d\ude9a \u0430\u0432\u0442\u043e\u043c\u043e\u0431\u0438\u043b\u044c\u043d\u044b\u043c, \ud83d\udea4 \u043c\u043e\u0440\u0441\u043a\u0438\u043c, \u2708 \u0430\u0432\u0438\u0430 \u0438 \ud83d\ude82 \u0436\u0435\u043b\u0435\u0437\u043d\u043e\u0434\u043e\u0440\u043e\u0436\u043d\u044b\u043c \u0442\u0440\u0430\u043d\u0441\u043f\u043e\u0440\u0442\u043e\u043c.\" \/>\n<meta name=\"robots\" content=\"index, follow, max-snippet:-1, max-image-preview:large, max-video-preview:-1\" \/>\n<link rel=\"canonical\" href=\"https:\/\/movers-auto.md\/ro\/expediere-tarile-europene\/\" \/>\n<meta property=\"og:locale\" content=\"ro_RO\" \/>\n<meta property=\"og:type\" content=\"article\" \/>\n<meta property=\"og:title\" content=\"Expediere \u021a\u0103rile europene\" \/>\n<meta property=\"og:description\" content=\"Expediere \u021a\u0103rile europene: \u043e\u0440\u0433\u0430\u043d\u0438\u0437\u0430\u0446\u0438\u044f \u0434\u043e\u0441\u0442\u0430\u0432\u043a\u0438 \u0433\u0440\u0443\u0437\u043e\u0432 \u0432 \u043b\u044e\u0431\u0443\u044e \u0442\u043e\u0447\u043a\u0443 \u043c\u0438\u0440\u0430 \ud83d\ude9a \u0430\u0432\u0442\u043e\u043c\u043e\u0431\u0438\u043b\u044c\u043d\u044b\u043c, \ud83d\udea4 \u043c\u043e\u0440\u0441\u043a\u0438\u043c, \u2708 \u0430\u0432\u0438\u0430 \u0438 \ud83d\ude82 \u0436\u0435\u043b\u0435\u0437\u043d\u043e\u0434\u043e\u0440\u043e\u0436\u043d\u044b\u043c \u0442\u0440\u0430\u043d\u0441\u043f\u043e\u0440\u0442\u043e\u043c.\" \/>\n<meta property=\"og:url\" content=\"https:\/\/movers-auto.md\/ro\/expediere-tarile-europene\/\" \/>\n<meta property=\"og:site_name\" content=\"movers-auto\" \/>\n<meta property=\"article:modified_time\" content=\"2022-09-20T10:37:26+00:00\" \/>\n<meta property=\"og:image\" content=\"https:\/\/movers-auto.md\/wp-content\/uploads\/2022\/09\/w6e6461-resize.jpg\" \/>\n\t<meta property=\"og:image:width\" content=\"600\" \/>\n\t<meta property=\"og:image:height\" content=\"390\" \/>\n\t<meta property=\"og:image:type\" content=\"image\/jpeg\" \/>\n<meta name=\"twitter:card\" content=\"summary_large_image\" \/>\n<meta name=\"twitter:label1\" content=\"Timp estimat pentru citire\" \/>\n\t<meta name=\"twitter:data1\" content=\"4 minute\" \/>\n<script type=\"application\/ld+json\" class=\"yoast-schema-graph\">{\"@context\":\"https:\/\/schema.org\",\"@graph\":[{\"@type\":\"WebPage\",\"@id\":\"https:\/\/movers-auto.md\/ro\/expediere-tarile-europene\/\",\"url\":\"https:\/\/movers-auto.md\/ro\/expediere-tarile-europene\/\",\"name\":\"Expediere \u021a\u0103rile europene - movers-auto\",\"isPartOf\":{\"@id\":\"https:\/\/movers-auto.md\/ro\/#website\"},\"datePublished\":\"2022-09-03T05:41:02+00:00\",\"dateModified\":\"2022-09-20T10:37:26+00:00\",\"description\":\"Expediere \u021a\u0103rile europene: \u043e\u0440\u0433\u0430\u043d\u0438\u0437\u0430\u0446\u0438\u044f \u0434\u043e\u0441\u0442\u0430\u0432\u043a\u0438 \u0433\u0440\u0443\u0437\u043e\u0432 \u0432 \u043b\u044e\u0431\u0443\u044e \u0442\u043e\u0447\u043a\u0443 \u043c\u0438\u0440\u0430 \ud83d\ude9a \u0430\u0432\u0442\u043e\u043c\u043e\u0431\u0438\u043b\u044c\u043d\u044b\u043c, \ud83d\udea4 \u043c\u043e\u0440\u0441\u043a\u0438\u043c, \u2708 \u0430\u0432\u0438\u0430 \u0438 \ud83d\ude82 \u0436\u0435\u043b\u0435\u0437\u043d\u043e\u0434\u043e\u0440\u043e\u0436\u043d\u044b\u043c \u0442\u0440\u0430\u043d\u0441\u043f\u043e\u0440\u0442\u043e\u043c.\",\"breadcrumb\":{\"@id\":\"https:\/\/movers-auto.md\/ro\/expediere-tarile-europene\/#breadcrumb\"},\"inLanguage\":\"ro-RO\",\"potentialAction\":[{\"@type\":\"ReadAction\",\"target\":[\"https:\/\/movers-auto.md\/ro\/expediere-tarile-europene\/\"]}]},{\"@type\":\"BreadcrumbList\",\"@id\":\"https:\/\/movers-auto.md\/ro\/expediere-tarile-europene\/#breadcrumb\",\"itemListElement\":[{\"@type\":\"ListItem\",\"position\":1,\"name\":\"Home\",\"item\":\"https:\/\/movers-auto.md\/ro\/glavnaya\/\"},{\"@type\":\"ListItem\",\"position\":2,\"name\":\"Expediere \u021a\u0103rile europene\"}]},{\"@type\":\"WebSite\",\"@id\":\"https:\/\/movers-auto.md\/ro\/#website\",\"url\":\"https:\/\/movers-auto.md\/ro\/\",\"name\":\"movers-auto\",\"description\":\"\u041c\u0435\u0436\u0434\u0443\u043d\u0430\u0440\u043e\u0434\u043d\u044b\u0435 \u0442\u0440\u0430\u043d\u0441\u043f\u043e\u0440\u0442\u043d\u044b\u0435 \u0443\u0441\u043b\u0443\u0433\u0438\",\"publisher\":{\"@id\":\"https:\/\/movers-auto.md\/ro\/#organization\"},\"potentialAction\":[{\"@type\":\"SearchAction\",\"target\":{\"@type\":\"EntryPoint\",\"urlTemplate\":\"https:\/\/movers-auto.md\/ro\/?s={search_term_string}\"},\"query-input\":{\"@type\":\"PropertyValueSpecification\",\"valueRequired\":true,\"valueName\":\"search_term_string\"}}],\"inLanguage\":\"ro-RO\"},{\"@type\":\"Organization\",\"@id\":\"https:\/\/movers-auto.md\/ro\/#organization\",\"name\":\"Movers Auto MD\",\"url\":\"https:\/\/movers-auto.md\/ro\/\",\"logo\":{\"@type\":\"ImageObject\",\"inLanguage\":\"ro-RO\",\"@id\":\"https:\/\/movers-auto.md\/ro\/#\/schema\/logo\/image\/\",\"url\":\"\/wp-content\/uploads\/2022\/08\/logo-1.png\",\"contentUrl\":\"\/wp-content\/uploads\/2022\/08\/logo-1.png\",\"width\":184,\"height\":44,\"caption\":\"Movers Auto MD\"},\"image\":{\"@id\":\"https:\/\/movers-auto.md\/ro\/#\/schema\/logo\/image\/\"}}]}<\/script>\n<!-- \/ Yoast SEO Premium plugin. -->","yoast_head_json":{"title":"Expediere \u021a\u0103rile europene - movers-auto","description":"Expediere \u021a\u0103rile europene: \u043e\u0440\u0433\u0430\u043d\u0438\u0437\u0430\u0446\u0438\u044f \u0434\u043e\u0441\u0442\u0430\u0432\u043a\u0438 \u0433\u0440\u0443\u0437\u043e\u0432 \u0432 \u043b\u044e\u0431\u0443\u044e \u0442\u043e\u0447\u043a\u0443 \u043c\u0438\u0440\u0430 \ud83d\ude9a \u0430\u0432\u0442\u043e\u043c\u043e\u0431\u0438\u043b\u044c\u043d\u044b\u043c, \ud83d\udea4 \u043c\u043e\u0440\u0441\u043a\u0438\u043c, \u2708 \u0430\u0432\u0438\u0430 \u0438 \ud83d\ude82 \u0436\u0435\u043b\u0435\u0437\u043d\u043e\u0434\u043e\u0440\u043e\u0436\u043d\u044b\u043c \u0442\u0440\u0430\u043d\u0441\u043f\u043e\u0440\u0442\u043e\u043c.","robots":{"index":"index","follow":"follow","max-snippet":"max-snippet:-1","max-image-preview":"max-image-preview:large","max-video-preview":"max-video-preview:-1"},"canonical":"https:\/\/movers-auto.md\/ro\/expediere-tarile-europene\/","og_locale":"ro_RO","og_type":"article","og_title":"Expediere \u021a\u0103rile europene","og_description":"Expediere \u021a\u0103rile europene: \u043e\u0440\u0433\u0430\u043d\u0438\u0437\u0430\u0446\u0438\u044f \u0434\u043e\u0441\u0442\u0430\u0432\u043a\u0438 \u0433\u0440\u0443\u0437\u043e\u0432 \u0432 \u043b\u044e\u0431\u0443\u044e \u0442\u043e\u0447\u043a\u0443 \u043c\u0438\u0440\u0430 \ud83d\ude9a \u0430\u0432\u0442\u043e\u043c\u043e\u0431\u0438\u043b\u044c\u043d\u044b\u043c, \ud83d\udea4 \u043c\u043e\u0440\u0441\u043a\u0438\u043c, \u2708 \u0430\u0432\u0438\u0430 \u0438 \ud83d\ude82 \u0436\u0435\u043b\u0435\u0437\u043d\u043e\u0434\u043e\u0440\u043e\u0436\u043d\u044b\u043c \u0442\u0440\u0430\u043d\u0441\u043f\u043e\u0440\u0442\u043e\u043c.","og_url":"https:\/\/movers-auto.md\/ro\/expediere-tarile-europene\/","og_site_name":"movers-auto","article_modified_time":"2022-09-20T10:37:26+00:00","og_image":[{"width":600,"height":390,"url":"https:\/\/movers-auto.md\/wp-content\/uploads\/2022\/09\/w6e6461-resize.jpg","type":"image\/jpeg"}],"twitter_card":"summary_large_image","twitter_misc":{"Timp estimat pentru citire":"4 minute"},"schema":{"@context":"https:\/\/schema.org","@graph":[{"@type":"WebPage","@id":"https:\/\/movers-auto.md\/ro\/expediere-tarile-europene\/","url":"https:\/\/movers-auto.md\/ro\/expediere-tarile-europene\/","name":"Expediere \u021a\u0103rile europene - movers-auto","isPartOf":{"@id":"https:\/\/movers-auto.md\/ro\/#website"},"datePublished":"2022-09-03T05:41:02+00:00","dateModified":"2022-09-20T10:37:26+00:00","description":"Expediere \u021a\u0103rile europene: \u043e\u0440\u0433\u0430\u043d\u0438\u0437\u0430\u0446\u0438\u044f \u0434\u043e\u0441\u0442\u0430\u0432\u043a\u0438 \u0433\u0440\u0443\u0437\u043e\u0432 \u0432 \u043b\u044e\u0431\u0443\u044e \u0442\u043e\u0447\u043a\u0443 \u043c\u0438\u0440\u0430 \ud83d\ude9a \u0430\u0432\u0442\u043e\u043c\u043e\u0431\u0438\u043b\u044c\u043d\u044b\u043c, \ud83d\udea4 \u043c\u043e\u0440\u0441\u043a\u0438\u043c, \u2708 \u0430\u0432\u0438\u0430 \u0438 \ud83d\ude82 \u0436\u0435\u043b\u0435\u0437\u043d\u043e\u0434\u043e\u0440\u043e\u0436\u043d\u044b\u043c \u0442\u0440\u0430\u043d\u0441\u043f\u043e\u0440\u0442\u043e\u043c.","breadcrumb":{"@id":"https:\/\/movers-auto.md\/ro\/expediere-tarile-europene\/#breadcrumb"},"inLanguage":"ro-RO","potentialAction":[{"@type":"ReadAction","target":["https:\/\/movers-auto.md\/ro\/expediere-tarile-europene\/"]}]},{"@type":"BreadcrumbList","@id":"https:\/\/movers-auto.md\/ro\/expediere-tarile-europene\/#breadcrumb","itemListElement":[{"@type":"ListItem","position":1,"name":"Home","item":"https:\/\/movers-auto.md\/ro\/glavnaya\/"},{"@type":"ListItem","position":2,"name":"Expediere \u021a\u0103rile europene"}]},{"@type":"WebSite","@id":"https:\/\/movers-auto.md\/ro\/#website","url":"https:\/\/movers-auto.md\/ro\/","name":"movers-auto","description":"\u041c\u0435\u0436\u0434\u0443\u043d\u0430\u0440\u043e\u0434\u043d\u044b\u0435 \u0442\u0440\u0430\u043d\u0441\u043f\u043e\u0440\u0442\u043d\u044b\u0435 \u0443\u0441\u043b\u0443\u0433\u0438","publisher":{"@id":"https:\/\/movers-auto.md\/ro\/#organization"},"potentialAction":[{"@type":"SearchAction","target":{"@type":"EntryPoint","urlTemplate":"https:\/\/movers-auto.md\/ro\/?s={search_term_string}"},"query-input":{"@type":"PropertyValueSpecification","valueRequired":true,"valueName":"search_term_string"}}],"inLanguage":"ro-RO"},{"@type":"Organization","@id":"https:\/\/movers-auto.md\/ro\/#organization","name":"Movers Auto MD","url":"https:\/\/movers-auto.md\/ro\/","logo":{"@type":"ImageObject","inLanguage":"ro-RO","@id":"https:\/\/movers-auto.md\/ro\/#\/schema\/logo\/image\/","url":"\/wp-content\/uploads\/2022\/08\/logo-1.png","contentUrl":"\/wp-content\/uploads\/2022\/08\/logo-1.png","width":184,"height":44,"caption":"Movers Auto MD"},"image":{"@id":"https:\/\/movers-auto.md\/ro\/#\/schema\/logo\/image\/"}}]}},"_links":{"self":[{"href":"https:\/\/movers-auto.md\/ro\/wp-json\/wp\/v2\/pages\/1942","targetHints":{"allow":["GET"]}}],"collection":[{"href":"https:\/\/movers-auto.md\/ro\/wp-json\/wp\/v2\/pages"}],"about":[{"href":"https:\/\/movers-auto.md\/ro\/wp-json\/wp\/v2\/types\/page"}],"author":[{"embeddable":true,"href":"https:\/\/movers-auto.md\/ro\/wp-json\/wp\/v2\/users\/1"}],"replies":[{"embeddable":true,"href":"https:\/\/movers-auto.md\/ro\/wp-json\/wp\/v2\/comments?post=1942"}],"version-history":[{"count":0,"href":"https:\/\/movers-auto.md\/ro\/wp-json\/wp\/v2\/pages\/1942\/revisions"}],"wp:attachment":[{"href":"https:\/\/movers-auto.md\/ro\/wp-json\/wp\/v2\/media?parent=1942"}],"curies":[{"name":"wp","href":"https:\/\/api.w.org\/{rel}","templated":true}]}}