{"id":1941,"date":"2022-09-03T15:27:51","date_gmt":"2022-09-03T05:57:51","guid":{"rendered":"https:\/\/movers-auto.md\/transport-maritim-tarile-asiatice\/"},"modified":"2022-09-20T14:29:22","modified_gmt":"2022-09-20T11:29:22","slug":"transport-maritim-tarile-asiatice","status":"publish","type":"page","link":"https:\/\/movers-auto.md\/ro\/transport-maritim-tarile-asiatice\/","title":{"rendered":"Transport maritim \u021a\u0103rile asiatice"},"content":{"rendered":"\n<h3 class=\"wp-block-heading\">Transport maritim din \u0219i c\u0103tre Asia, inclusiv transportul maritim containerizat.<\/h3>\n\n\n\n<p><strong>Transport de marf\u0103 din Asia, transport rutier \u0219i maritim \u00een containere.<\/strong><\/p>\n\n\n\n<p>Pozi\u021bia geografic\u0103 a Republicii Moldova, situat\u0103 \u00eentre Europa \u0219i Asia, contribuie semnificativ la dezvoltarea activit\u0103\u021bii comerciale a proprietarilor de m\u0103rfuri din regiunea noastr\u0103, permi\u021b\u00e2nd opera\u021biuni comerciale de succes pe \u00eentreg continentul: din Europa de Vest p\u00e2n\u0103 \u00een Orientul \u00cendep\u0103rtat, Japonia, Malaezia, Turcia \u0219i alte \u021b\u0103ri asiatice.<\/p>\n\n\n\n<p>Exist\u0103, de asemenea, beneficii pentru&nbsp;<strong>societ\u0103\u021bi de transport &#8211; expedi\u021bie<\/strong>, care \u00eendepline\u0219te o func\u021bie excep\u021bional\u0103 \u0219i indispensabil\u0103, organiz\u00e2nd transportul \u0219i livrarea de m\u0103rfuri din Asia c\u0103tre Rusia, CSI \u0219i Europa \u0219i viceversa. Deoarece fluxul de comenzi pentru transporturi interna\u021bionale de m\u0103rfuri din \u021b\u0103rile asiatice nu se opre\u0219te niciodat\u0103, \u00een principiu, doar mici sc\u0103deri sunt observate din cauza situa\u021biei economice interna\u021bionale \u00een general, dar aceasta este o tr\u0103s\u0103tur\u0103 caracteristic\u0103 a \u00eentregii economii globale \u0219i trebuie doar s\u0103 ne putem adapta la ea. De exemplu, \u00een ianuarie-martie 2010, \u00eentreprinderile de transport feroviar, rutier \u0219i aerian din Moldova au transportat 1 286 600 tone de m\u0103rfuri, sau 80,9% din aceea\u0219i cantitate din anul precedent.<\/p>\n\n\n\n<p>Este revelator faptul c\u0103&nbsp;<strong>companii de transport din Moldova<\/strong>&nbsp;se concentreaz\u0103 \u00een primul r\u00e2nd pe Rusia, \u0219i \u00een special pe Moscova, \u00eencerc\u00e2nd s\u0103 atrag\u0103 cel mai mare procent de clien\u021bi de acolo. Aceasta se caracterizeaz\u0103 printr-o pia\u021b\u0103 imens\u0103 \u0219i prin nevoile Federa\u021biei Ruse. O mare varietate de m\u0103rfuri sunt transportate din Asia \u00een Rusia. Din Asia Central\u0103 \u0219i Turcia &#8211; fructe, bunuri de consum, ma\u0219ini, haine din China \u0219i Japonia, m\u0103rfuri periculoase \u00een vrac din Orientul Mijlociu \u0219i Emiratele Arabe Unite etc. \u00cen aceast\u0103 direc\u021bie, o companie de transport din Moldova are un u\u0219or avantaj fa\u021b\u0103 de companiile din Moscova.<br>\u00cen cazul \u00een care este necesar s\u0103 se fac\u0103&nbsp;<strong>transport maritim din Turcia, Israel, Siria, Grecia, Emiratele Arabe Unite, Iordania<\/strong>, este mult mai profitabil pentru un proprietar de marf\u0103 din Moscova sau din Rusia \u00een general s\u0103 apeleze la o companie de transport din Moldova, deoarece drumul de aici p\u00e2n\u0103 \u00een \u021b\u0103rile men\u021bionate mai sus este mult mai scurt \u0219i, prin urmare, mai ieftin pentru client. Pentru proprietarii de m\u0103rfuri din Moscova \u0219i din alte ora\u0219e ruse\u0219ti, este mult mai convenabil \u0219i mai profitabil s\u0103 comande&nbsp;<strong>transport maritim din Asia c\u0103tre o companie de transport din Moldova<\/strong>, Deoarece nu este nevoie s\u0103 pl\u0103ti\u021bi pentru c\u0103l\u0103toria pe care trebuie s\u0103 o fac\u0103 transportul din Moscova. \u00cen cazul \u00een care m\u0103rfurile trebuie s\u0103 fie livrate din Asia \u00een Europa, atunci tranzitul prin Moldova este probabil cea mai bun\u0103 op\u021biune, \u0219i cine poate organiza mai bine acest lucru dec\u00e2t o companie de transport din Moldova.<\/p>\n\n\n\n<p><strong>Societate de expedi\u021bie de transport \u201cMoversauto-Intertransport\u201d<\/strong>&nbsp;v\u0103 ofer\u0103 urm\u0103toarele servicii de transport maritim din \u0219i c\u0103tre Asia. Transportul de m\u0103rfuri de grupaj din China, Japonia, Thailanda, Malaezia, Mongolia. \u00cen cazul \u00een care transportul este mic, nu are sens s\u0103 pl\u0103ti\u021bi transportul \u00een \u00eentregime, mai ales de la o distan\u021b\u0103 at\u00e2t de mare. Suntem preg\u0103ti\u021bi s\u0103 oferim variante combinate de livrare multimodal\u0103 din principalele porturi din Japonia, Thailanda etc. Ne ocup\u0103m de transportul maritim prin container, feroviar sau rutier &#8211; cel mai convenabil mod de a expedia din China. Efectu\u0103m la cel mai \u00eenalt nivel transportul de m\u0103rfuri periculoase, oferim orice tip de transport &#8211; cort, frigider, izoterme. \u00cen mod separat, stipul\u0103m servicii conexe, asigurarea \u00eenc\u0103rc\u0103turii, oferim consultan\u021b\u0103 cu privire la problemele de expediere a m\u0103rfurilor, \u00eentocmim toat\u0103 documenta\u021bia necesar\u0103.<\/p>\n\n\n\n<p><strong>Transportul de m\u0103rfuri<\/strong>&nbsp;&#8222;Din u\u0219\u0103 \u00een u\u0219\u0103 din China, Mongolia, Turcia. Din Siria, Israel, Emiratele Arabe Unite, Uzbekistan, Tadjikistan, Turkmenistan, K\u00e2rg\u00e2zstan, Kazahstan. Livrare din Thailanda, Japonia \u00een Rusia, Moldova, Ucraina, Europa. Transportul de m\u0103rfuri din \u0219i spre Asia la pre\u021buri competitive, furnizarea unui pachet complet de servicii de transport, informarea zilnic\u0103 a clien\u021bilor, timpul optim de livrare \u0219i condi\u021biile economice de transport. Furnizarea de servicii la un nivel profesional ajut\u0103 la p\u0103strarea clien\u021bilor fideli \u0219i la atragerea de noi clien\u021bi, iar acest lucru este deosebit de important \u00een vremuri de instabilitate economic\u0103 global\u0103, fiind cel mai bun indicator al unei activit\u0103\u021bi stabile.&nbsp;<strong>expeditori<\/strong>&nbsp;\u0219i competen\u021ba personalului s\u0103u.<\/p>\n","protected":false},"excerpt":{"rendered":"<p>Transport maritim din \u0219i c\u0103tre Asia, inclusiv transportul maritim containerizat. Transport de marf\u0103 din Asia, transport rutier \u0219i maritim \u00een containere. Pozi\u021bia geografic\u0103 a Republicii Moldova, situat\u0103 \u00eentre Europa \u0219i Asia, contribuie semnificativ la dezvoltarea activit\u0103\u021bii comerciale a proprietarilor de m\u0103rfuri din regiunea noastr\u0103, permi\u021b\u00e2nd opera\u021biuni comerciale de succes pe \u00eentreg continentul: din Europa de [&hellip;]<\/p>\n","protected":false},"author":1,"featured_media":0,"parent":0,"menu_order":0,"comment_status":"closed","ping_status":"closed","template":"template\/europe_asia.php","meta":{"_acf_changed":false,"footnotes":""},"class_list":["post-1941","page","type-page","status-publish","hentry"],"acf":[],"yoast_head":"<!-- This site is optimized with the Yoast SEO Premium plugin v25.8 (Yoast SEO v25.8) - https:\/\/yoast.com\/wordpress\/plugins\/seo\/ -->\n<title>Transport maritim \u021a\u0103rile asiatice - movers-auto<\/title>\n<meta name=\"description\" content=\"Transport maritim \u021a\u0103rile asiatice: \u043e\u0440\u0433\u0430\u043d\u0438\u0437\u0430\u0446\u0438\u044f \u0434\u043e\u0441\u0442\u0430\u0432\u043a\u0438 \u0433\u0440\u0443\u0437\u043e\u0432 \u0432 \u043b\u044e\u0431\u0443\u044e \u0442\u043e\u0447\u043a\u0443 \u043c\u0438\u0440\u0430 \ud83d\ude9a \u0430\u0432\u0442\u043e\u043c\u043e\u0431\u0438\u043b\u044c\u043d\u044b\u043c, \ud83d\udea4 \u043c\u043e\u0440\u0441\u043a\u0438\u043c, \u2708 \u0430\u0432\u0438\u0430 \u0438 \ud83d\ude82 \u0436\u0435\u043b\u0435\u0437\u043d\u043e\u0434\u043e\u0440\u043e\u0436\u043d\u044b\u043c \u0442\u0440\u0430\u043d\u0441\u043f\u043e\u0440\u0442\u043e\u043c.\" \/>\n<meta name=\"robots\" content=\"index, follow, max-snippet:-1, max-image-preview:large, max-video-preview:-1\" \/>\n<link rel=\"canonical\" href=\"https:\/\/movers-auto.md\/ro\/transport-maritim-tarile-asiatice\/\" \/>\n<meta property=\"og:locale\" content=\"ro_RO\" \/>\n<meta property=\"og:type\" content=\"article\" \/>\n<meta property=\"og:title\" content=\"Transport maritim \u021a\u0103rile asiatice\" \/>\n<meta property=\"og:description\" content=\"Transport maritim \u021a\u0103rile asiatice: \u043e\u0440\u0433\u0430\u043d\u0438\u0437\u0430\u0446\u0438\u044f \u0434\u043e\u0441\u0442\u0430\u0432\u043a\u0438 \u0433\u0440\u0443\u0437\u043e\u0432 \u0432 \u043b\u044e\u0431\u0443\u044e \u0442\u043e\u0447\u043a\u0443 \u043c\u0438\u0440\u0430 \ud83d\ude9a \u0430\u0432\u0442\u043e\u043c\u043e\u0431\u0438\u043b\u044c\u043d\u044b\u043c, \ud83d\udea4 \u043c\u043e\u0440\u0441\u043a\u0438\u043c, \u2708 \u0430\u0432\u0438\u0430 \u0438 \ud83d\ude82 \u0436\u0435\u043b\u0435\u0437\u043d\u043e\u0434\u043e\u0440\u043e\u0436\u043d\u044b\u043c \u0442\u0440\u0430\u043d\u0441\u043f\u043e\u0440\u0442\u043e\u043c.\" \/>\n<meta property=\"og:url\" content=\"https:\/\/movers-auto.md\/ro\/transport-maritim-tarile-asiatice\/\" \/>\n<meta property=\"og:site_name\" content=\"movers-auto\" \/>\n<meta property=\"article:modified_time\" content=\"2022-09-20T11:29:22+00:00\" \/>\n<meta property=\"og:image\" content=\"https:\/\/movers-auto.md\/wp-content\/uploads\/2022\/09\/w6e6461-resize.jpg\" \/>\n\t<meta property=\"og:image:width\" content=\"600\" \/>\n\t<meta property=\"og:image:height\" content=\"390\" \/>\n\t<meta property=\"og:image:type\" content=\"image\/jpeg\" \/>\n<meta name=\"twitter:card\" content=\"summary_large_image\" \/>\n<meta name=\"twitter:label1\" content=\"Timp estimat pentru citire\" \/>\n\t<meta name=\"twitter:data1\" content=\"4 minute\" \/>\n<script type=\"application\/ld+json\" class=\"yoast-schema-graph\">{\"@context\":\"https:\/\/schema.org\",\"@graph\":[{\"@type\":\"WebPage\",\"@id\":\"https:\/\/movers-auto.md\/ro\/transport-maritim-tarile-asiatice\/\",\"url\":\"https:\/\/movers-auto.md\/ro\/transport-maritim-tarile-asiatice\/\",\"name\":\"Transport maritim \u021a\u0103rile asiatice - movers-auto\",\"isPartOf\":{\"@id\":\"https:\/\/movers-auto.md\/ro\/#website\"},\"datePublished\":\"2022-09-03T05:57:51+00:00\",\"dateModified\":\"2022-09-20T11:29:22+00:00\",\"description\":\"Transport maritim \u021a\u0103rile asiatice: \u043e\u0440\u0433\u0430\u043d\u0438\u0437\u0430\u0446\u0438\u044f \u0434\u043e\u0441\u0442\u0430\u0432\u043a\u0438 \u0433\u0440\u0443\u0437\u043e\u0432 \u0432 \u043b\u044e\u0431\u0443\u044e \u0442\u043e\u0447\u043a\u0443 \u043c\u0438\u0440\u0430 \ud83d\ude9a \u0430\u0432\u0442\u043e\u043c\u043e\u0431\u0438\u043b\u044c\u043d\u044b\u043c, \ud83d\udea4 \u043c\u043e\u0440\u0441\u043a\u0438\u043c, \u2708 \u0430\u0432\u0438\u0430 \u0438 \ud83d\ude82 \u0436\u0435\u043b\u0435\u0437\u043d\u043e\u0434\u043e\u0440\u043e\u0436\u043d\u044b\u043c \u0442\u0440\u0430\u043d\u0441\u043f\u043e\u0440\u0442\u043e\u043c.\",\"breadcrumb\":{\"@id\":\"https:\/\/movers-auto.md\/ro\/transport-maritim-tarile-asiatice\/#breadcrumb\"},\"inLanguage\":\"ro-RO\",\"potentialAction\":[{\"@type\":\"ReadAction\",\"target\":[\"https:\/\/movers-auto.md\/ro\/transport-maritim-tarile-asiatice\/\"]}]},{\"@type\":\"BreadcrumbList\",\"@id\":\"https:\/\/movers-auto.md\/ro\/transport-maritim-tarile-asiatice\/#breadcrumb\",\"itemListElement\":[{\"@type\":\"ListItem\",\"position\":1,\"name\":\"Home\",\"item\":\"https:\/\/movers-auto.md\/ro\/glavnaya\/\"},{\"@type\":\"ListItem\",\"position\":2,\"name\":\"Transport maritim \u021a\u0103rile asiatice\"}]},{\"@type\":\"WebSite\",\"@id\":\"https:\/\/movers-auto.md\/ro\/#website\",\"url\":\"https:\/\/movers-auto.md\/ro\/\",\"name\":\"movers-auto\",\"description\":\"\u041c\u0435\u0436\u0434\u0443\u043d\u0430\u0440\u043e\u0434\u043d\u044b\u0435 \u0442\u0440\u0430\u043d\u0441\u043f\u043e\u0440\u0442\u043d\u044b\u0435 \u0443\u0441\u043b\u0443\u0433\u0438\",\"publisher\":{\"@id\":\"https:\/\/movers-auto.md\/ro\/#organization\"},\"potentialAction\":[{\"@type\":\"SearchAction\",\"target\":{\"@type\":\"EntryPoint\",\"urlTemplate\":\"https:\/\/movers-auto.md\/ro\/?s={search_term_string}\"},\"query-input\":{\"@type\":\"PropertyValueSpecification\",\"valueRequired\":true,\"valueName\":\"search_term_string\"}}],\"inLanguage\":\"ro-RO\"},{\"@type\":\"Organization\",\"@id\":\"https:\/\/movers-auto.md\/ro\/#organization\",\"name\":\"Movers Auto MD\",\"url\":\"https:\/\/movers-auto.md\/ro\/\",\"logo\":{\"@type\":\"ImageObject\",\"inLanguage\":\"ro-RO\",\"@id\":\"https:\/\/movers-auto.md\/ro\/#\/schema\/logo\/image\/\",\"url\":\"\/wp-content\/uploads\/2022\/08\/logo-1.png\",\"contentUrl\":\"\/wp-content\/uploads\/2022\/08\/logo-1.png\",\"width\":184,\"height\":44,\"caption\":\"Movers Auto MD\"},\"image\":{\"@id\":\"https:\/\/movers-auto.md\/ro\/#\/schema\/logo\/image\/\"}}]}<\/script>\n<!-- \/ Yoast SEO Premium plugin. -->","yoast_head_json":{"title":"Transport maritim \u021a\u0103rile asiatice - movers-auto","description":"Transport maritim \u021a\u0103rile asiatice: \u043e\u0440\u0433\u0430\u043d\u0438\u0437\u0430\u0446\u0438\u044f \u0434\u043e\u0441\u0442\u0430\u0432\u043a\u0438 \u0433\u0440\u0443\u0437\u043e\u0432 \u0432 \u043b\u044e\u0431\u0443\u044e \u0442\u043e\u0447\u043a\u0443 \u043c\u0438\u0440\u0430 \ud83d\ude9a \u0430\u0432\u0442\u043e\u043c\u043e\u0431\u0438\u043b\u044c\u043d\u044b\u043c, \ud83d\udea4 \u043c\u043e\u0440\u0441\u043a\u0438\u043c, \u2708 \u0430\u0432\u0438\u0430 \u0438 \ud83d\ude82 \u0436\u0435\u043b\u0435\u0437\u043d\u043e\u0434\u043e\u0440\u043e\u0436\u043d\u044b\u043c \u0442\u0440\u0430\u043d\u0441\u043f\u043e\u0440\u0442\u043e\u043c.","robots":{"index":"index","follow":"follow","max-snippet":"max-snippet:-1","max-image-preview":"max-image-preview:large","max-video-preview":"max-video-preview:-1"},"canonical":"https:\/\/movers-auto.md\/ro\/transport-maritim-tarile-asiatice\/","og_locale":"ro_RO","og_type":"article","og_title":"Transport maritim \u021a\u0103rile asiatice","og_description":"Transport maritim \u021a\u0103rile asiatice: \u043e\u0440\u0433\u0430\u043d\u0438\u0437\u0430\u0446\u0438\u044f \u0434\u043e\u0441\u0442\u0430\u0432\u043a\u0438 \u0433\u0440\u0443\u0437\u043e\u0432 \u0432 \u043b\u044e\u0431\u0443\u044e \u0442\u043e\u0447\u043a\u0443 \u043c\u0438\u0440\u0430 \ud83d\ude9a \u0430\u0432\u0442\u043e\u043c\u043e\u0431\u0438\u043b\u044c\u043d\u044b\u043c, \ud83d\udea4 \u043c\u043e\u0440\u0441\u043a\u0438\u043c, \u2708 \u0430\u0432\u0438\u0430 \u0438 \ud83d\ude82 \u0436\u0435\u043b\u0435\u0437\u043d\u043e\u0434\u043e\u0440\u043e\u0436\u043d\u044b\u043c \u0442\u0440\u0430\u043d\u0441\u043f\u043e\u0440\u0442\u043e\u043c.","og_url":"https:\/\/movers-auto.md\/ro\/transport-maritim-tarile-asiatice\/","og_site_name":"movers-auto","article_modified_time":"2022-09-20T11:29:22+00:00","og_image":[{"width":600,"height":390,"url":"https:\/\/movers-auto.md\/wp-content\/uploads\/2022\/09\/w6e6461-resize.jpg","type":"image\/jpeg"}],"twitter_card":"summary_large_image","twitter_misc":{"Timp estimat pentru citire":"4 minute"},"schema":{"@context":"https:\/\/schema.org","@graph":[{"@type":"WebPage","@id":"https:\/\/movers-auto.md\/ro\/transport-maritim-tarile-asiatice\/","url":"https:\/\/movers-auto.md\/ro\/transport-maritim-tarile-asiatice\/","name":"Transport maritim \u021a\u0103rile asiatice - movers-auto","isPartOf":{"@id":"https:\/\/movers-auto.md\/ro\/#website"},"datePublished":"2022-09-03T05:57:51+00:00","dateModified":"2022-09-20T11:29:22+00:00","description":"Transport maritim \u021a\u0103rile asiatice: \u043e\u0440\u0433\u0430\u043d\u0438\u0437\u0430\u0446\u0438\u044f \u0434\u043e\u0441\u0442\u0430\u0432\u043a\u0438 \u0433\u0440\u0443\u0437\u043e\u0432 \u0432 \u043b\u044e\u0431\u0443\u044e \u0442\u043e\u0447\u043a\u0443 \u043c\u0438\u0440\u0430 \ud83d\ude9a \u0430\u0432\u0442\u043e\u043c\u043e\u0431\u0438\u043b\u044c\u043d\u044b\u043c, \ud83d\udea4 \u043c\u043e\u0440\u0441\u043a\u0438\u043c, \u2708 \u0430\u0432\u0438\u0430 \u0438 \ud83d\ude82 \u0436\u0435\u043b\u0435\u0437\u043d\u043e\u0434\u043e\u0440\u043e\u0436\u043d\u044b\u043c \u0442\u0440\u0430\u043d\u0441\u043f\u043e\u0440\u0442\u043e\u043c.","breadcrumb":{"@id":"https:\/\/movers-auto.md\/ro\/transport-maritim-tarile-asiatice\/#breadcrumb"},"inLanguage":"ro-RO","potentialAction":[{"@type":"ReadAction","target":["https:\/\/movers-auto.md\/ro\/transport-maritim-tarile-asiatice\/"]}]},{"@type":"BreadcrumbList","@id":"https:\/\/movers-auto.md\/ro\/transport-maritim-tarile-asiatice\/#breadcrumb","itemListElement":[{"@type":"ListItem","position":1,"name":"Home","item":"https:\/\/movers-auto.md\/ro\/glavnaya\/"},{"@type":"ListItem","position":2,"name":"Transport maritim \u021a\u0103rile asiatice"}]},{"@type":"WebSite","@id":"https:\/\/movers-auto.md\/ro\/#website","url":"https:\/\/movers-auto.md\/ro\/","name":"movers-auto","description":"\u041c\u0435\u0436\u0434\u0443\u043d\u0430\u0440\u043e\u0434\u043d\u044b\u0435 \u0442\u0440\u0430\u043d\u0441\u043f\u043e\u0440\u0442\u043d\u044b\u0435 \u0443\u0441\u043b\u0443\u0433\u0438","publisher":{"@id":"https:\/\/movers-auto.md\/ro\/#organization"},"potentialAction":[{"@type":"SearchAction","target":{"@type":"EntryPoint","urlTemplate":"https:\/\/movers-auto.md\/ro\/?s={search_term_string}"},"query-input":{"@type":"PropertyValueSpecification","valueRequired":true,"valueName":"search_term_string"}}],"inLanguage":"ro-RO"},{"@type":"Organization","@id":"https:\/\/movers-auto.md\/ro\/#organization","name":"Movers Auto MD","url":"https:\/\/movers-auto.md\/ro\/","logo":{"@type":"ImageObject","inLanguage":"ro-RO","@id":"https:\/\/movers-auto.md\/ro\/#\/schema\/logo\/image\/","url":"\/wp-content\/uploads\/2022\/08\/logo-1.png","contentUrl":"\/wp-content\/uploads\/2022\/08\/logo-1.png","width":184,"height":44,"caption":"Movers Auto MD"},"image":{"@id":"https:\/\/movers-auto.md\/ro\/#\/schema\/logo\/image\/"}}]}},"_links":{"self":[{"href":"https:\/\/movers-auto.md\/ro\/wp-json\/wp\/v2\/pages\/1941","targetHints":{"allow":["GET"]}}],"collection":[{"href":"https:\/\/movers-auto.md\/ro\/wp-json\/wp\/v2\/pages"}],"about":[{"href":"https:\/\/movers-auto.md\/ro\/wp-json\/wp\/v2\/types\/page"}],"author":[{"embeddable":true,"href":"https:\/\/movers-auto.md\/ro\/wp-json\/wp\/v2\/users\/1"}],"replies":[{"embeddable":true,"href":"https:\/\/movers-auto.md\/ro\/wp-json\/wp\/v2\/comments?post=1941"}],"version-history":[{"count":0,"href":"https:\/\/movers-auto.md\/ro\/wp-json\/wp\/v2\/pages\/1941\/revisions"}],"wp:attachment":[{"href":"https:\/\/movers-auto.md\/ro\/wp-json\/wp\/v2\/media?parent=1941"}],"curies":[{"name":"wp","href":"https:\/\/api.w.org\/{rel}","templated":true}]}}