{"id":1937,"date":"2022-09-10T13:44:33","date_gmt":"2022-09-10T04:14:33","guid":{"rendered":"https:\/\/movers-auto.md\/transport-de-marfa-ieftin\/"},"modified":"2022-09-20T14:28:42","modified_gmt":"2022-09-20T11:28:42","slug":"transport-de-marfa-ieftin","status":"publish","type":"page","link":"https:\/\/movers-auto.md\/ro\/transport-de-marfa-ieftin\/","title":{"rendered":"Transport de marf\u0103 ieftin"},"content":{"rendered":"\n<h3 class=\"wp-block-heading\">Camioane ieftine sau costul real al transportului maritim.<\/h3>\n\n\n\n<p><a href=\"https:\/\/movers-auto.md\/ru\/rasschitat-stoimost-perevozki.html\">Pre\u021b per transport<\/a>&nbsp;este prima preocupare a clientului; plata pentru livrare este principala prioritate a transportatorului. De ce variaz\u0103 pre\u021burile la aproape toate companiile de transport, ce factori influen\u021beaz\u0103 pre\u021burile.<br><strong>Reglementarea pre\u021burilor de transport,<\/strong>&nbsp;costul de transport.<br>Reglementare&nbsp;<a href=\"https:\/\/movers-auto.md\/ru\/rasschitat-stoimost-perevozki.html\">tarifele de transport&nbsp;<\/a>se \u00eent\u00e2mpl\u0103 \u00een mod imprevizibil, de exemplu, trebuie s\u0103&nbsp;<a href=\"https:\/\/movers-auto.md\/ru\/stoimost-perevozki\/dostavka-gruzov-rossiya-perevozki-iz-rossii.html\">transport marf\u0103 din Rusia, Ekaterinburg \u00een Rom\u00e2nia:<\/a>&nbsp;Nu to\u021bi transportatorii vor fi de acord s\u0103 efectueze un astfel de transport. Este necesar\u0103 o viz\u0103 rom\u00e2neasc\u0103. O companie de transport din Rusia nu va merge \u00een aceast\u0103 regiune. O firm\u0103 de transport din Rom\u00e2nia sau din Republica Moldova o va face. \u00centrebarea este la ce pre\u021b. Dac\u0103 camionul este aproape de locul de \u00eenc\u0103rcare: este un singur pre\u021b, dac\u0103 transportatorul trebuie s\u0103 trimit\u0103 un camion din alte ora\u0219e, pre\u021bul va fi mai scump. Transportul de m\u0103rfuri cu ajutorul unui camion basculant este mai ieftin, iar transportul de m\u0103rfuri refrigerate este mai scump. Valoarea \u00eenc\u0103rc\u0103turii afecteaz\u0103, de asemenea, pre\u021bul.&nbsp;<a href=\"https:\/\/movers-auto.md\/ru\/tsena-gruzoperevozki-opasnyih-gruzov-adr-klassa.html\">ADR transport de m\u0103rfuri,&nbsp;<\/a>mai scumpe dec\u00e2t transportul normal de marf\u0103.&nbsp;<a href=\"https:\/\/movers-auto.md\/ru\/stoimost-perevozki-sbornyih-konsolidirovannyih-gruzov-vesom-ot-100kg.html\">Transportul colectiv de m\u0103rfuri<\/a>&nbsp;va dura, de asemenea, mai mult timp, costuri suplimentare de colectare. Costul unui transport multimodal este costul total al tuturor modurilor de transport implicate \u00een transport..<\/p>\n\n\n\n<p><strong>Asigurarea transportului&nbsp;<\/strong>\u0219i responsabilitatea pentru \u00eenc\u0103rc\u0103tura transportat\u0103.<br>Pentru toate tipurile de transport de marf\u0103<a href=\"https:\/\/movers-auto.md\/ru\/stoimost-perevozki-tentovannyimi-polupritsepami-raznyih-obyomov.html\">Autocamioanele sunt<\/a>,&nbsp;<a href=\"https:\/\/movers-auto.md\/ru\/stoimost-dostavki-skoroportyaschihsya-gruzov-refrizheratorami.html\">de frigidere<\/a>, din diferite \u021b\u0103ri, atunci c\u00e2nd se transport\u0103 toate tipurile de produse \u0219i materii prime, indiferent de valoarea bunurilor sau a \u00eenc\u0103rc\u0103turii, transportul sau \u00eenc\u0103rc\u0103tura trebuie s\u0103 fie asigurat. Clientul poate asigura \u00eenc\u0103rc\u0103tura &#8211; nu este ieftin. Transportatorul \u00ee\u0219i asigur\u0103 responsabilitatea pentru marfa transportat\u0103 cu o asigurare CMR, care este mult mai ieftin\u0103 \u0219i mai sigur\u0103. Compania de asigur\u0103ri este, de asemenea, responsabil\u0103 pentru \u00eenc\u0103rc\u0103tur\u0103.<\/p>\n\n\n\n<p><strong>Analiza tarifelor de transport:<\/strong>&nbsp;acum un an, ast\u0103zi, anul viitor.<br><a href=\"https:\/\/movers-auto.md\/ru\/rasschitat-stoimost-perevozki.html\">Pre\u021burile de transport de marf\u0103<\/a>&nbsp;depinde \u00eentotdeauna de toat\u0103 infrastructura din lume. Pre\u021burile mai mari ale carburan\u021bilor, lipsa permiselor de intrare a camioanelor \u00een unele \u021b\u0103ri, resurse umane necalificate, adic\u0103 \u0219oferi. Imposibilitatea de a traversa \u021b\u0103rile europene sau Turcia f\u0103r\u0103 vize corespunz\u0103toare. Fluctua\u021biile de pre\u021b pot fi detectate urm\u0103rind pia\u021ba for\u021bei de munc\u0103 \u0219i \u00een\u021beleg\u00e2nd situa\u021bia de pe pie\u021bele mondiale de materii prime, de combustibili \u0219i de consum. Pre\u021burile de transport au crescut constant \u00een 2006, ceea ce a dus la deschiderea de noi companii de transport \u0219i la achizi\u021bionarea mai multor camioane, ceea ce a dus la o u\u0219oar\u0103 sc\u0103dere a pre\u021burilor. \u00cen perioada 2007-2008, consumul tuturor produselor de baz\u0103 a crescut \u00een mod constant \u00een toate \u021b\u0103rile, ceea ce a dus \u00een mod inevitabil la cre\u0219terea costurilor de transport. \u00cen 2009, produc\u021bia \u0219i consumul s-au oprit, iar toate modurile de transport de marf\u0103 s-au ieftinit. Consumul \u00een continuare al tuturor resurselor, cre\u0219terea produc\u021biei \u00een toate sectoarele, crearea \u0219i cre\u0219terea num\u0103rului de locuri de munc\u0103 vor determina \u00een continuare politica de pre\u021buri pe pia\u021ba de transport de marf\u0103.<\/p>\n\n\n\n<p><strong>Costul transportului va fi mai ieftin dac\u0103:<\/strong><br>Transportatorul este un proprietar \u0219i \u0219ofer privat, ceea ce se reflect\u0103 \u00eentotdeauna \u00een starea tehnic\u0103 a camionului, chiar \u0219i \u00een ceea ce prive\u0219te aspectul, ma\u0219in\u0103 veche (f\u0103r\u0103 \u00eemprumuturi). Lipsa asigur\u0103rii CMR, responsabilitatea pentru \u00eenc\u0103rc\u0103tura \u00een tranzit, transportul f\u0103r\u0103 TIR, care este o garan\u021bie suplimentar\u0103 c\u0103 \u00eenc\u0103rc\u0103tura nu se va pierde \u00een \u021b\u0103rile de tranzit. \u00cen unele cazuri, timpii lungi de a\u0219teptare pentru marf\u0103.<\/p>\n\n\n\n<p><strong>Pre\u021bul pentru transport nu poate fi mai ieftin dac\u0103:<\/strong><br>Compania de transport este responsabil\u0103 pentru marfa transportat\u0103, iar acest lucru se reflect\u0103 \u00een contractul de transport de m\u0103rfuri. Material rulant modern, de \u00eenalt\u0103 calitate. Flota de vehicule este \u00een stare tehnic\u0103 bun\u0103; at\u00e2t clientul, c\u00e2t \u0219i proprietarul m\u0103rfii pot fi siguri de calitatea, promptitudinea \u0219i siguran\u021ba livr\u0103rii m\u0103rfii. Responsabilitatea transportatorului este garantat\u0103 de o poli\u021b\u0103 de asigurare CMR. Transportul face obiectul conven\u021biei TIR. \u0218oferii sunt certifica\u021bi la nivel interna\u021bional \u0219i lucreaz\u0103 \u00een conformitate cu programul european.<\/p>\n\n\n\n<p><strong>Pentru a organiza \u0219i rezerva transportul \u0219i pentru a stabili costul transportului, contacta\u021bi compania noastr\u0103.<\/strong><\/p>\n\n\n\n<ul class=\"wp-block-list\"><li><strong><a href=\"https:\/\/movers-auto.md\/ru\/stoimost-perevozki-tentovannyimi-polupritsepami-raznyih-obyomov.html\">Livrarea de m\u0103rfuri \u00een semiremorci basculante de diferite capacit\u0103\u021bi<\/a><\/strong><\/li><li><strong><a href=\"https:\/\/movers-auto.md\/ru\/stoimost-dostavki-skoroportyaschihsya-gruzov-refrizheratorami.html\">Transportul de m\u0103rfuri perisabile cu camionul frigorific<\/a><\/strong><\/li><li><strong><a href=\"https:\/\/movers-auto.md\/ru\/tsena-gruzoperevozki-opasnyih-gruzov-adr-klassa.html\">Transport de m\u0103rfuri periculoase \u00een clasa ADR<\/a><\/strong><\/li><li><strong><a href=\"https:\/\/movers-auto.md\/ru\/stoimost-perevozki-sbornyih-konsolidirovannyih-gruzov-vesom-ot-100kg.html\">Transporturi consolidate \u0219i consolidate de la 100 kg<\/a><\/strong><\/li><li><strong><a href=\"https:\/\/movers-auto.md\/ru\/stoimost-dostavki-negabaritnyih-gruzov.html\">Transport de m\u0103rfuri supradimensionate<\/a><\/strong><\/li><li><strong><a href=\"https:\/\/movers-auto.md\/ru\/tsena-na-perevozku-avtomobiley-avtovozami.html\">Camioane de transport auto<\/a><\/strong><\/li><li><strong><a href=\"https:\/\/movers-auto.md\/ru\/stoimost-avtoperevozki-obyomnyih-lyogkih-gruzov-do-120-kub.html\">Transport \u00een vrac p\u00e2n\u0103 la 120 cbm<\/a><\/strong><\/li><li><strong><a href=\"https:\/\/movers-auto.md\/ru\/stoimost-uslug-transporta-samosval.html\">Furnizare de transport Autobasculant\u0103<\/a><\/strong><\/li><li><strong><a href=\"https:\/\/movers-auto.md\/ru\/stoimost-perevozki-zhidkih-nalivnyih-gruzov-v-tsisternah.html\">Transportul de m\u0103rfuri lichide \u00een vrac \u00een cisterne<\/a><\/strong><\/li><li><strong><a href=\"https:\/\/movers-auto.md\/ru\/stoimost-organizatsii-multimodalnyih-perevozok.html\">Organizarea transportului multimodal<\/a><\/strong><\/li><li><strong><a href=\"https:\/\/movers-auto.md\/ru\/tsenyi-na-aviaperevozki-i-ekspress-dostavku.html\">Transport aerian \u0219i livrare expres<\/a><\/strong><\/li><li><strong><a href=\"https:\/\/movers-auto.md\/ru\/tsenyi-na-aviaperevozki-i-ekspress-dostavku.html\">Transport maritim containerizat<\/a><\/strong><\/li><li><strong><a href=\"https:\/\/movers-auto.md\/ru\/stoimost-perevozki-konteynerov-20ti.-40-fut.-konteynerovozami.html\">Transport \u00een containere: 20 \u0219i 40 Fut. cu camioane container p\u00e2n\u0103 la depozitul destinatarului.<\/a><\/strong><\/li><li><strong><a href=\"https:\/\/movers-auto.md\/ru\/tsenyi-na-perevozki-zheleznodorozhnyimi-vagonami-termosami-konteynerami.html\">Transport pe calea ferat\u0103 vagoane, termos, containere<\/a><\/strong><\/li><\/ul>\n","protected":false},"excerpt":{"rendered":"<p>Camioane ieftine sau costul real al transportului maritim. Pre\u021b per transport&nbsp;este prima preocupare a clientului; plata pentru livrare este principala prioritate a transportatorului. De ce variaz\u0103 pre\u021burile la aproape toate companiile de transport, ce factori influen\u021beaz\u0103 pre\u021burile.Reglementarea pre\u021burilor de transport,&nbsp;costul de transport.Reglementare&nbsp;tarifele de transport&nbsp;se \u00eent\u00e2mpl\u0103 \u00een mod imprevizibil, de exemplu, trebuie s\u0103&nbsp;transport marf\u0103 din Rusia, [&hellip;]<\/p>\n","protected":false},"author":1,"featured_media":0,"parent":0,"menu_order":0,"comment_status":"closed","ping_status":"closed","template":"template\/default-info.php","meta":{"_acf_changed":false,"footnotes":""},"class_list":["post-1937","page","type-page","status-publish","hentry"],"acf":[],"yoast_head":"<!-- This site is optimized with the Yoast SEO Premium plugin v25.8 (Yoast SEO v25.8) - https:\/\/yoast.com\/wordpress\/plugins\/seo\/ -->\n<title>Transport de marf\u0103 ieftin - movers-auto<\/title>\n<meta name=\"description\" content=\"Transport de marf\u0103 ieftin: \u043e\u0440\u0433\u0430\u043d\u0438\u0437\u0430\u0446\u0438\u044f \u0434\u043e\u0441\u0442\u0430\u0432\u043a\u0438 \u0433\u0440\u0443\u0437\u043e\u0432 \u0432 \u043b\u044e\u0431\u0443\u044e \u0442\u043e\u0447\u043a\u0443 \u043c\u0438\u0440\u0430 \ud83d\ude9a \u0430\u0432\u0442\u043e\u043c\u043e\u0431\u0438\u043b\u044c\u043d\u044b\u043c, \ud83d\udea4 \u043c\u043e\u0440\u0441\u043a\u0438\u043c, \u2708 \u0430\u0432\u0438\u0430 \u0438 \ud83d\ude82 \u0436\u0435\u043b\u0435\u0437\u043d\u043e\u0434\u043e\u0440\u043e\u0436\u043d\u044b\u043c \u0442\u0440\u0430\u043d\u0441\u043f\u043e\u0440\u0442\u043e\u043c.\" \/>\n<meta name=\"robots\" content=\"index, follow, max-snippet:-1, max-image-preview:large, max-video-preview:-1\" \/>\n<link rel=\"canonical\" href=\"https:\/\/movers-auto.md\/ro\/transport-de-marfa-ieftin\/\" \/>\n<meta property=\"og:locale\" content=\"ro_RO\" \/>\n<meta property=\"og:type\" content=\"article\" \/>\n<meta property=\"og:title\" content=\"Transport de marf\u0103 ieftin\" \/>\n<meta property=\"og:description\" content=\"Transport de marf\u0103 ieftin: \u043e\u0440\u0433\u0430\u043d\u0438\u0437\u0430\u0446\u0438\u044f \u0434\u043e\u0441\u0442\u0430\u0432\u043a\u0438 \u0433\u0440\u0443\u0437\u043e\u0432 \u0432 \u043b\u044e\u0431\u0443\u044e \u0442\u043e\u0447\u043a\u0443 \u043c\u0438\u0440\u0430 \ud83d\ude9a \u0430\u0432\u0442\u043e\u043c\u043e\u0431\u0438\u043b\u044c\u043d\u044b\u043c, \ud83d\udea4 \u043c\u043e\u0440\u0441\u043a\u0438\u043c, \u2708 \u0430\u0432\u0438\u0430 \u0438 \ud83d\ude82 \u0436\u0435\u043b\u0435\u0437\u043d\u043e\u0434\u043e\u0440\u043e\u0436\u043d\u044b\u043c \u0442\u0440\u0430\u043d\u0441\u043f\u043e\u0440\u0442\u043e\u043c.\" \/>\n<meta property=\"og:url\" content=\"https:\/\/movers-auto.md\/ro\/transport-de-marfa-ieftin\/\" \/>\n<meta property=\"og:site_name\" content=\"movers-auto\" \/>\n<meta property=\"article:modified_time\" content=\"2022-09-20T11:28:42+00:00\" \/>\n<meta property=\"og:image\" content=\"https:\/\/movers-auto.md\/wp-content\/uploads\/2022\/09\/w6e6461-resize.jpg\" \/>\n\t<meta property=\"og:image:width\" content=\"600\" \/>\n\t<meta property=\"og:image:height\" content=\"390\" \/>\n\t<meta property=\"og:image:type\" content=\"image\/jpeg\" \/>\n<meta name=\"twitter:card\" content=\"summary_large_image\" \/>\n<meta name=\"twitter:label1\" content=\"Timp estimat pentru citire\" \/>\n\t<meta name=\"twitter:data1\" content=\"4 minute\" \/>\n<script type=\"application\/ld+json\" class=\"yoast-schema-graph\">{\"@context\":\"https:\/\/schema.org\",\"@graph\":[{\"@type\":\"WebPage\",\"@id\":\"https:\/\/movers-auto.md\/ro\/transport-de-marfa-ieftin\/\",\"url\":\"https:\/\/movers-auto.md\/ro\/transport-de-marfa-ieftin\/\",\"name\":\"Transport de marf\u0103 ieftin - movers-auto\",\"isPartOf\":{\"@id\":\"https:\/\/movers-auto.md\/ro\/#website\"},\"datePublished\":\"2022-09-10T04:14:33+00:00\",\"dateModified\":\"2022-09-20T11:28:42+00:00\",\"description\":\"Transport de marf\u0103 ieftin: \u043e\u0440\u0433\u0430\u043d\u0438\u0437\u0430\u0446\u0438\u044f \u0434\u043e\u0441\u0442\u0430\u0432\u043a\u0438 \u0433\u0440\u0443\u0437\u043e\u0432 \u0432 \u043b\u044e\u0431\u0443\u044e \u0442\u043e\u0447\u043a\u0443 \u043c\u0438\u0440\u0430 \ud83d\ude9a \u0430\u0432\u0442\u043e\u043c\u043e\u0431\u0438\u043b\u044c\u043d\u044b\u043c, \ud83d\udea4 \u043c\u043e\u0440\u0441\u043a\u0438\u043c, \u2708 \u0430\u0432\u0438\u0430 \u0438 \ud83d\ude82 \u0436\u0435\u043b\u0435\u0437\u043d\u043e\u0434\u043e\u0440\u043e\u0436\u043d\u044b\u043c \u0442\u0440\u0430\u043d\u0441\u043f\u043e\u0440\u0442\u043e\u043c.\",\"breadcrumb\":{\"@id\":\"https:\/\/movers-auto.md\/ro\/transport-de-marfa-ieftin\/#breadcrumb\"},\"inLanguage\":\"ro-RO\",\"potentialAction\":[{\"@type\":\"ReadAction\",\"target\":[\"https:\/\/movers-auto.md\/ro\/transport-de-marfa-ieftin\/\"]}]},{\"@type\":\"BreadcrumbList\",\"@id\":\"https:\/\/movers-auto.md\/ro\/transport-de-marfa-ieftin\/#breadcrumb\",\"itemListElement\":[{\"@type\":\"ListItem\",\"position\":1,\"name\":\"Home\",\"item\":\"https:\/\/movers-auto.md\/ro\/\"},{\"@type\":\"ListItem\",\"position\":2,\"name\":\"Transport de marf\u0103 ieftin\"}]},{\"@type\":\"WebSite\",\"@id\":\"https:\/\/movers-auto.md\/ro\/#website\",\"url\":\"https:\/\/movers-auto.md\/ro\/\",\"name\":\"movers-auto\",\"description\":\"\u041c\u0435\u0436\u0434\u0443\u043d\u0430\u0440\u043e\u0434\u043d\u044b\u0435 \u0442\u0440\u0430\u043d\u0441\u043f\u043e\u0440\u0442\u043d\u044b\u0435 \u0443\u0441\u043b\u0443\u0433\u0438\",\"publisher\":{\"@id\":\"https:\/\/movers-auto.md\/ro\/#organization\"},\"potentialAction\":[{\"@type\":\"SearchAction\",\"target\":{\"@type\":\"EntryPoint\",\"urlTemplate\":\"https:\/\/movers-auto.md\/ro\/?s={search_term_string}\"},\"query-input\":{\"@type\":\"PropertyValueSpecification\",\"valueRequired\":true,\"valueName\":\"search_term_string\"}}],\"inLanguage\":\"ro-RO\"},{\"@type\":\"Organization\",\"@id\":\"https:\/\/movers-auto.md\/ro\/#organization\",\"name\":\"Movers Auto MD\",\"url\":\"https:\/\/movers-auto.md\/ro\/\",\"logo\":{\"@type\":\"ImageObject\",\"inLanguage\":\"ro-RO\",\"@id\":\"https:\/\/movers-auto.md\/ro\/#\/schema\/logo\/image\/\",\"url\":\"\/wp-content\/uploads\/2022\/08\/logo-1.png\",\"contentUrl\":\"\/wp-content\/uploads\/2022\/08\/logo-1.png\",\"width\":184,\"height\":44,\"caption\":\"Movers Auto MD\"},\"image\":{\"@id\":\"https:\/\/movers-auto.md\/ro\/#\/schema\/logo\/image\/\"}}]}<\/script>\n<!-- \/ Yoast SEO Premium plugin. -->","yoast_head_json":{"title":"Transport de marf\u0103 ieftin - movers-auto","description":"Transport de marf\u0103 ieftin: \u043e\u0440\u0433\u0430\u043d\u0438\u0437\u0430\u0446\u0438\u044f \u0434\u043e\u0441\u0442\u0430\u0432\u043a\u0438 \u0433\u0440\u0443\u0437\u043e\u0432 \u0432 \u043b\u044e\u0431\u0443\u044e \u0442\u043e\u0447\u043a\u0443 \u043c\u0438\u0440\u0430 \ud83d\ude9a \u0430\u0432\u0442\u043e\u043c\u043e\u0431\u0438\u043b\u044c\u043d\u044b\u043c, \ud83d\udea4 \u043c\u043e\u0440\u0441\u043a\u0438\u043c, \u2708 \u0430\u0432\u0438\u0430 \u0438 \ud83d\ude82 \u0436\u0435\u043b\u0435\u0437\u043d\u043e\u0434\u043e\u0440\u043e\u0436\u043d\u044b\u043c \u0442\u0440\u0430\u043d\u0441\u043f\u043e\u0440\u0442\u043e\u043c.","robots":{"index":"index","follow":"follow","max-snippet":"max-snippet:-1","max-image-preview":"max-image-preview:large","max-video-preview":"max-video-preview:-1"},"canonical":"https:\/\/movers-auto.md\/ro\/transport-de-marfa-ieftin\/","og_locale":"ro_RO","og_type":"article","og_title":"Transport de marf\u0103 ieftin","og_description":"Transport de marf\u0103 ieftin: \u043e\u0440\u0433\u0430\u043d\u0438\u0437\u0430\u0446\u0438\u044f \u0434\u043e\u0441\u0442\u0430\u0432\u043a\u0438 \u0433\u0440\u0443\u0437\u043e\u0432 \u0432 \u043b\u044e\u0431\u0443\u044e \u0442\u043e\u0447\u043a\u0443 \u043c\u0438\u0440\u0430 \ud83d\ude9a \u0430\u0432\u0442\u043e\u043c\u043e\u0431\u0438\u043b\u044c\u043d\u044b\u043c, \ud83d\udea4 \u043c\u043e\u0440\u0441\u043a\u0438\u043c, \u2708 \u0430\u0432\u0438\u0430 \u0438 \ud83d\ude82 \u0436\u0435\u043b\u0435\u0437\u043d\u043e\u0434\u043e\u0440\u043e\u0436\u043d\u044b\u043c \u0442\u0440\u0430\u043d\u0441\u043f\u043e\u0440\u0442\u043e\u043c.","og_url":"https:\/\/movers-auto.md\/ro\/transport-de-marfa-ieftin\/","og_site_name":"movers-auto","article_modified_time":"2022-09-20T11:28:42+00:00","og_image":[{"width":600,"height":390,"url":"https:\/\/movers-auto.md\/wp-content\/uploads\/2022\/09\/w6e6461-resize.jpg","type":"image\/jpeg"}],"twitter_card":"summary_large_image","twitter_misc":{"Timp estimat pentru citire":"4 minute"},"schema":{"@context":"https:\/\/schema.org","@graph":[{"@type":"WebPage","@id":"https:\/\/movers-auto.md\/ro\/transport-de-marfa-ieftin\/","url":"https:\/\/movers-auto.md\/ro\/transport-de-marfa-ieftin\/","name":"Transport de marf\u0103 ieftin - movers-auto","isPartOf":{"@id":"https:\/\/movers-auto.md\/ro\/#website"},"datePublished":"2022-09-10T04:14:33+00:00","dateModified":"2022-09-20T11:28:42+00:00","description":"Transport de marf\u0103 ieftin: \u043e\u0440\u0433\u0430\u043d\u0438\u0437\u0430\u0446\u0438\u044f \u0434\u043e\u0441\u0442\u0430\u0432\u043a\u0438 \u0433\u0440\u0443\u0437\u043e\u0432 \u0432 \u043b\u044e\u0431\u0443\u044e \u0442\u043e\u0447\u043a\u0443 \u043c\u0438\u0440\u0430 \ud83d\ude9a \u0430\u0432\u0442\u043e\u043c\u043e\u0431\u0438\u043b\u044c\u043d\u044b\u043c, \ud83d\udea4 \u043c\u043e\u0440\u0441\u043a\u0438\u043c, \u2708 \u0430\u0432\u0438\u0430 \u0438 \ud83d\ude82 \u0436\u0435\u043b\u0435\u0437\u043d\u043e\u0434\u043e\u0440\u043e\u0436\u043d\u044b\u043c \u0442\u0440\u0430\u043d\u0441\u043f\u043e\u0440\u0442\u043e\u043c.","breadcrumb":{"@id":"https:\/\/movers-auto.md\/ro\/transport-de-marfa-ieftin\/#breadcrumb"},"inLanguage":"ro-RO","potentialAction":[{"@type":"ReadAction","target":["https:\/\/movers-auto.md\/ro\/transport-de-marfa-ieftin\/"]}]},{"@type":"BreadcrumbList","@id":"https:\/\/movers-auto.md\/ro\/transport-de-marfa-ieftin\/#breadcrumb","itemListElement":[{"@type":"ListItem","position":1,"name":"Home","item":"https:\/\/movers-auto.md\/ro\/"},{"@type":"ListItem","position":2,"name":"Transport de marf\u0103 ieftin"}]},{"@type":"WebSite","@id":"https:\/\/movers-auto.md\/ro\/#website","url":"https:\/\/movers-auto.md\/ro\/","name":"movers-auto","description":"\u041c\u0435\u0436\u0434\u0443\u043d\u0430\u0440\u043e\u0434\u043d\u044b\u0435 \u0442\u0440\u0430\u043d\u0441\u043f\u043e\u0440\u0442\u043d\u044b\u0435 \u0443\u0441\u043b\u0443\u0433\u0438","publisher":{"@id":"https:\/\/movers-auto.md\/ro\/#organization"},"potentialAction":[{"@type":"SearchAction","target":{"@type":"EntryPoint","urlTemplate":"https:\/\/movers-auto.md\/ro\/?s={search_term_string}"},"query-input":{"@type":"PropertyValueSpecification","valueRequired":true,"valueName":"search_term_string"}}],"inLanguage":"ro-RO"},{"@type":"Organization","@id":"https:\/\/movers-auto.md\/ro\/#organization","name":"Movers Auto MD","url":"https:\/\/movers-auto.md\/ro\/","logo":{"@type":"ImageObject","inLanguage":"ro-RO","@id":"https:\/\/movers-auto.md\/ro\/#\/schema\/logo\/image\/","url":"\/wp-content\/uploads\/2022\/08\/logo-1.png","contentUrl":"\/wp-content\/uploads\/2022\/08\/logo-1.png","width":184,"height":44,"caption":"Movers Auto MD"},"image":{"@id":"https:\/\/movers-auto.md\/ro\/#\/schema\/logo\/image\/"}}]}},"_links":{"self":[{"href":"https:\/\/movers-auto.md\/ro\/wp-json\/wp\/v2\/pages\/1937","targetHints":{"allow":["GET"]}}],"collection":[{"href":"https:\/\/movers-auto.md\/ro\/wp-json\/wp\/v2\/pages"}],"about":[{"href":"https:\/\/movers-auto.md\/ro\/wp-json\/wp\/v2\/types\/page"}],"author":[{"embeddable":true,"href":"https:\/\/movers-auto.md\/ro\/wp-json\/wp\/v2\/users\/1"}],"replies":[{"embeddable":true,"href":"https:\/\/movers-auto.md\/ro\/wp-json\/wp\/v2\/comments?post=1937"}],"version-history":[{"count":0,"href":"https:\/\/movers-auto.md\/ro\/wp-json\/wp\/v2\/pages\/1937\/revisions"}],"wp:attachment":[{"href":"https:\/\/movers-auto.md\/ro\/wp-json\/wp\/v2\/media?parent=1937"}],"curies":[{"name":"wp","href":"https:\/\/api.w.org\/{rel}","templated":true}]}}